{"id":9930,"date":"2021-10-02T12:24:15","date_gmt":"2021-10-02T12:24:15","guid":{"rendered":"https:\/\/uet.edu.al\/?page_id=9930"},"modified":"2026-02-02T13:51:08","modified_gmt":"2026-02-02T11:51:08","slug":"dekanet","status":"publish","type":"page","link":"https:\/\/uet.edu.al\/en\/dekanet\/","title":{"rendered":"DEANS"},"content":{"rendered":"<div data-elementor-type=\"wp-page\" data-elementor-id=\"9930\" class=\"elementor elementor-9930\" data-elementor-post-type=\"page\">\n\t\t\t\t\t\t<section class=\"elementor-section elementor-top-section elementor-element elementor-element-6cf097d elementor-section-stretched elementor-section-boxed elementor-section-height-default elementor-section-height-default\" data-id=\"6cf097d\" data-element_type=\"section\" data-settings=\"{&quot;stretch_section&quot;:&quot;section-stretched&quot;}\">\n\t\t\t\t\t\t<div class=\"elementor-container elementor-column-gap-wider\">\n\t\t\t\t\t<div class=\"elementor-column elementor-col-50 elementor-top-column elementor-element elementor-element-703cbfa\" data-id=\"703cbfa\" data-element_type=\"column\">\n\t\t\t<div class=\"elementor-widget-wrap elementor-element-populated\">\n\t\t\t\t\t\t<div class=\"elementor-element elementor-element-724ed4d elementor-widget elementor-widget-spacer\" data-id=\"724ed4d\" data-element_type=\"widget\" data-widget_type=\"spacer.default\">\n\t\t\t\t<div class=\"elementor-widget-container\">\n\t\t\t\t\t\t\t<div class=\"elementor-spacer\">\n\t\t\t<div class=\"elementor-spacer-inner\"><\/div>\n\t\t<\/div>\n\t\t\t\t\t\t<\/div>\n\t\t\t\t<\/div>\n\t\t\t\t<div class=\"elementor-element elementor-element-8b44cec elementor-widget elementor-widget-text-editor\" data-id=\"8b44cec\" data-element_type=\"widget\" data-widget_type=\"text-editor.default\">\n\t\t\t\t<div class=\"elementor-widget-container\">\n\t\t\t\t\t\t\t\t\t<p><strong style=\"color: #009fc2;\"><strong><img fetchpriority=\"high\" decoding=\"async\" class=\"size-medium wp-image-9568 alignleft\" src=\"https:\/\/uet.edu.al\/wp-content\/uploads\/2021\/09\/ELONA-SHEHU-scaled-300x200.jpg\" alt=\"\" width=\"300\" height=\"200\" srcset=\"https:\/\/uet.edu.al\/wp-content\/uploads\/2021\/09\/ELONA-SHEHU-scaled-300x200.jpg 300w, https:\/\/uet.edu.al\/wp-content\/uploads\/2021\/09\/ELONA-SHEHU-scaled-1024x683.jpg 1024w, https:\/\/uet.edu.al\/wp-content\/uploads\/2021\/09\/ELONA-SHEHU-768x512.jpg 768w, https:\/\/uet.edu.al\/wp-content\/uploads\/2021\/09\/ELONA-SHEHU-1536x1024.jpg 1536w, https:\/\/uet.edu.al\/wp-content\/uploads\/2021\/09\/ELONA-SHEHU-2048x1365.jpg 2048w, https:\/\/uet.edu.al\/wp-content\/uploads\/2021\/09\/ELONA-SHEHU-scaled-18x12.jpg 18w, https:\/\/uet.edu.al\/wp-content\/uploads\/2021\/09\/ELONA-SHEHU-scaled-600x400.jpg 600w\" sizes=\"(max-width: 300px) 100vw, 300px\" \/> Dekane <\/strong>e Fakultetit t\u00eb Ekonomis\u00eb, Biznesit dhe Zhvillimit <strong><em>\u2013<\/em><\/strong> <strong>Dr. Elona Shehu<\/strong><\/strong><\/p><p>\u00a0<\/p><p>\u00a0<\/p><p>\u00a0<\/p><p>\u00a0<\/p>\t\t\t\t\t\t\t\t<\/div>\n\t\t\t\t<\/div>\n\t\t\t\t<div class=\"elementor-element elementor-element-036c87e elementor-widget elementor-widget-text-editor\" data-id=\"036c87e\" data-element_type=\"widget\" data-widget_type=\"text-editor.default\">\n\t\t\t\t<div class=\"elementor-widget-container\">\n\t\t\t\t\t\t\t\t\t<p><img decoding=\"async\" class=\"size-medium wp-image-17923 alignleft\" src=\"https:\/\/uet.edu.al\/wp-content\/uploads\/2022\/01\/ervis-llazaj-300x300.jpg\" alt=\"\" width=\"300\" height=\"300\" srcset=\"https:\/\/uet.edu.al\/wp-content\/uploads\/2022\/01\/ervis-llazaj-300x300.jpg 300w, https:\/\/uet.edu.al\/wp-content\/uploads\/2022\/01\/ervis-llazaj-150x150.jpg 150w, https:\/\/uet.edu.al\/wp-content\/uploads\/2022\/01\/ervis-llazaj-12x12.jpg 12w, https:\/\/uet.edu.al\/wp-content\/uploads\/2022\/01\/ervis-llazaj-200x200.jpg 200w, https:\/\/uet.edu.al\/wp-content\/uploads\/2022\/01\/ervis-llazaj-110x110.jpg 110w, https:\/\/uet.edu.al\/wp-content\/uploads\/2022\/01\/ervis-llazaj.jpg 400w\" sizes=\"(max-width: 300px) 100vw, 300px\" \/><\/p><p><strong style=\"color: #ef3742;\">Dean of the Faculty of Law, Political Sciences and International Relations \u2013 Prof.Assoc.Dr. Ervis Iljazaj<\/strong><\/p><p>PhD in Political Science, \"La Sapienza\" University, Rome, Italy, 2014, with a dissertation topic:<em>\"Different Models of Parliamentary Leadership\"<\/em>a comparative analysis. In 2010, he completed his postgraduate studies with a Second-Level Master's Degree at \"La Sapienza\" University in<em>\"Parliamentary Institutions\".<\/em> From 2007 to 2009, he pursued a Master of Science in Political Science at the University of Camerino, Italy. From 2004 to 2007, he completed his Bachelor's studies in Political Science at the University of Camerino, Italy.<\/p><p>He has participated in several national and international scientific conferences and is the author of scientific articles on topics related to political institutions, political parties, and parliamentarism. From 2016 to 2017, he served as Deputy Director of the Doctoral School at UET. From 2020 to 2022, he headed the Department of Applied Social Sciences. He has also led the Pashko Liberal Institute of Tirana for several years. \u00a0<\/p><p>He has worked as an editorialist in print media. From 2017 to 2018, he was the Director of MAPO newspaper. Currently, he serves as Dean of the Faculty of Law, Political Science, and International Relations, as well as a lecturer in political science in the Department of Applied Social Sciences.<\/p>\t\t\t\t\t\t\t\t<\/div>\n\t\t\t\t<\/div>\n\t\t\t\t<div class=\"elementor-element elementor-element-7748af7 elementor-widget elementor-widget-text-editor\" data-id=\"7748af7\" data-element_type=\"widget\" data-widget_type=\"text-editor.default\">\n\t\t\t\t<div class=\"elementor-widget-container\">\n\t\t\t\t\t\t\t\t\t<p><img decoding=\"async\" class=\"wp-image-9932 size-medium alignleft\" src=\"https:\/\/uet.edu.al\/wp-content\/uploads\/2021\/10\/Belina-Budini-1-300x204.jpg\" alt=\"\" width=\"300\" height=\"204\" srcset=\"https:\/\/uet.edu.al\/wp-content\/uploads\/2021\/10\/Belina-Budini-1-300x204.jpg 300w, https:\/\/uet.edu.al\/wp-content\/uploads\/2021\/10\/Belina-Budini-1-18x12.jpg 18w, https:\/\/uet.edu.al\/wp-content\/uploads\/2021\/10\/Belina-Budini-1.jpg 382w\" sizes=\"(max-width: 300px) 100vw, 300px\" \/><\/p><p><strong style=\"color: #9f218b;\">Dekane e Fakultetit t\u00eb Shkencave Humane, Edukimit dhe Arteve Liberale \u2013 <\/strong><strong style=\"color: #9f218b;\">Prof. Dr. Belina Budini<\/strong><\/p><p>Prof. Dr. Belina Budini \u00ebsht\u00eb Dekane e Fakultetit t\u00eb Shkencave Humane, Edukimit dhe Arteve Liberale dhe Drejtuese e Departamentit t\u00eb Shkencave Humane dhe Komunikimit n\u00eb Universitetin Europian t\u00eb Tiran\u00ebs. Me mbi dy dekada p\u00ebrvoj\u00eb akademike dhe profesionale, si pedagoge dhe drejtuese n\u00eb arsimin e lart\u00eb, Budini ka gjithashtu nj\u00eb profil t\u00eb spikatur k\u00ebrkimor dhe editorial n\u00eb fush\u00ebn e mediave dhe t\u00eb komunikimit.<\/p><p>Si Jean Monnet Chair (2024\u20132027) n\u00eb Studime Europiane dhe Media, Prof. Budini udh\u00ebheq disa projekte komb\u00ebtare dhe nd\u00ebrkomb\u00ebtare mbi inovacionin mediatik, gazetarin\u00eb dhe komunikimin n\u00eb kontekstin e integrimit europian.<\/p><p>Ajo ka qen\u00eb gjithashtu akademike e ftuar dhe bashk\u00ebdrejtuese forumi nd\u00ebrkomb\u00ebtar n\u00eb Qendr\u00ebn e Studimeve Europiane (SEESOX), Kolegji St Antony\u2019s, Universiteti i Oksfordit (2020), si dhe ka mbajtur angazhime k\u00ebrkimore dhe si lektore e ftuar n\u00eb institucione si Universiteti i Harvardit (2025) dhe Goldsmiths, University of London, ku p\u00ebrfundoi Masterin n\u00eb Media dhe Komunikim. Ajo ka p\u00ebrfunduar doktoratur\u00ebn n\u00eb Gazetari dhe mban titullin akademik Profesor.<\/p><p>She is the Editor-in-Chief of POLIS, UET\u2019s peer-reviewed academic journal, <em>POLIS<\/em>, a member of the Academic Senate and a member of the Editorial Committee on Communication and Media at the Academy of Sciences of Albania for the <em>Albanian Encyclopedia.<\/em>.<\/p><p>Fluent in English, French, and Italian, Prof. Budini continues to engage actively in international academic, cultural, and policy dialogues, contributing to debates on media, democracy, and European integration in Albania and the wider region.<\/p>\t\t\t\t\t\t\t\t<\/div>\n\t\t\t\t<\/div>\n\t\t\t\t<div class=\"elementor-element elementor-element-d0a5c7f elementor-widget elementor-widget-text-editor\" data-id=\"d0a5c7f\" data-element_type=\"widget\" data-widget_type=\"text-editor.default\">\n\t\t\t\t<div class=\"elementor-widget-container\">\n\t\t\t\t\t\t\t\t\t<p><strong style=\"color: #8b9b92;\"><img loading=\"lazy\" decoding=\"async\" class=\"size-medium wp-image-14286 alignleft\" src=\"https:\/\/uet.edu.al\/wp-content\/uploads\/2023\/01\/Teuta-Xhindi-300x200.jpg\" alt=\"\" width=\"300\" height=\"200\" srcset=\"https:\/\/uet.edu.al\/wp-content\/uploads\/2023\/01\/Teuta-Xhindi-300x200.jpg 300w, https:\/\/uet.edu.al\/wp-content\/uploads\/2023\/01\/Teuta-Xhindi-18x12.jpg 18w, https:\/\/uet.edu.al\/wp-content\/uploads\/2023\/01\/Teuta-Xhindi.jpg 559w\" sizes=\"(max-width: 300px) 100vw, 300px\" \/><\/strong><\/p><p><strong style=\"color: #8b9b92;\"><strong><strong>Dekane e Fakultetit t\u00eb Inxhinieris\u00eb, Informatik\u00ebs e Arkitektur\u00ebs \u2013\u00a0 <\/strong><\/strong><\/strong><strong style=\"color: #8b9b92;\"><strong><strong>Prof. Asoc.\u00a0 Dr. Teuta Xhindi<\/strong><\/strong><\/strong><\/p><div id=\"m_8244637812348687866ydp64caf452yiv4184926506ydpa25b5a02yiv8700626472yqtfd65372\" class=\"m_8244637812348687866ydp64caf452yiv4184926506ydpa25b5a02yiv8700626472yqt7228167921\"><div id=\"m_8244637812348687866ydp64caf452yiv4184926506ydpa25b5a02yiv8700626472yqtfd65372\" class=\"m_8244637812348687866ydp64caf452yiv4184926506ydpa25b5a02yiv8700626472yqt7228167921\"><p>Prof. Asoc. Dr. Teuta Xhindi ka p\u00ebrfunduar studimet n\u00eb Universitetin e Tiran\u00ebs, dega Matematik\u00eb si dhe n\u00eb Universitetin e Shkodr\u00ebs dega Administrim Biznes. N\u00eb vitin 2014 ka p\u00ebrfunduar studimet doktorale n\u00eb Universitetin Politeknik t\u00eb Tiran\u00ebs dhe n\u00eb vitin 2021 ka marr\u00eb titullin \u201cProfesor i Asociuar\u201d.<\/p><p>Prof. Asoc. Dr. Teuta Xhindi ka eksperienc\u00eb t\u00eb gjat\u00eb n\u00eb m\u00ebsimdh\u00ebnie n\u00eb l\u00ebnd\u00ebt e matematik\u00ebs, statistik\u00ebs dhe ekonometris\u00eb. Gjithashtu, \u00ebsht\u00eb e angazhuar n\u00eb nj\u00eb s\u00ebr\u00eb projektesh dhe studimesh n\u00eb rolin e ekspertes n\u00eb mbledhjen dhe analiz\u00ebn e t\u00eb dh\u00ebnave.<\/p><p>Prof. Asoc. Dr. Teuta Xhindi \u00ebsht\u00eb pjes\u00eb e Rrjetit t\u00eb Grave n\u00eb STEM, t\u00eb krijuar nga SCiDEV, q\u00eb synon t\u00eb kontribuoj\u00eb n\u00eb fuqizimin social dhe ekonomik t\u00eb grave duke rritur p\u00ebrfaq\u00ebsimin e tyre n\u00eb Shkenc\u00eb, Teknologji, Inxhinieri dhe Matematik\u00eb (STEM), si n\u00eb akademi ashtu edhe n\u00eb industri.<br \/>Aktualisht \u00ebsht\u00eb profesore me koh\u00eb t\u00eb plot\u00eb pran\u00eb Departamentit t\u00eb Informatik\u00ebs dhe Teknologjis\u00eb, UET si dhe Dekane e Fakultetit t\u00eb Inxhinieris\u00eb, Informatik\u00ebs dhe Arkitektur\u00ebs pran\u00eb k\u00ebtij universiteti.<\/p><\/div><\/div>\t\t\t\t\t\t\t\t<\/div>\n\t\t\t\t<\/div>\n\t\t\t\t<div class=\"elementor-element elementor-element-86e75eb elementor-widget elementor-widget-text-editor\" data-id=\"86e75eb\" data-element_type=\"widget\" data-widget_type=\"text-editor.default\">\n\t\t\t\t<div class=\"elementor-widget-container\">\n\t\t\t\t\t\t\t\t\t<p><strong style=\"color: #00a389;\">Dean of the Faculty of Medical Technical Sciences <b>Prof. Asoc. Dr. Elvana Rista\u00a0<\/b><\/strong><\/p><p>\u00a0<\/p>\t\t\t\t\t\t\t\t<\/div>\n\t\t\t\t<\/div>\n\t\t\t\t\t<\/div>\n\t\t<\/div>\n\t\t\t\t<div class=\"elementor-column elementor-col-50 elementor-top-column elementor-element elementor-element-0826a8d\" data-id=\"0826a8d\" data-element_type=\"column\">\n\t\t\t<div class=\"elementor-widget-wrap elementor-element-populated\">\n\t\t\t\t\t\t<div class=\"elementor-element elementor-element-ed5f0b0 elementor-widget elementor-widget-spacer\" data-id=\"ed5f0b0\" data-element_type=\"widget\" data-widget_type=\"spacer.default\">\n\t\t\t\t<div class=\"elementor-widget-container\">\n\t\t\t\t\t\t\t<div class=\"elementor-spacer\">\n\t\t\t<div class=\"elementor-spacer-inner\"><\/div>\n\t\t<\/div>\n\t\t\t\t\t\t<\/div>\n\t\t\t\t<\/div>\n\t\t\t\t<div class=\"elementor-element elementor-element-b8e140b elementor-nav-menu__align-start elementor-nav-menu--dropdown-tablet elementor-nav-menu__text-align-aside elementor-nav-menu--toggle elementor-nav-menu--burger elementor-widget elementor-widget-nav-menu\" data-id=\"b8e140b\" data-element_type=\"widget\" data-settings=\"{&quot;layout&quot;:&quot;vertical&quot;,&quot;submenu_icon&quot;:{&quot;value&quot;:&quot;&lt;i class=\\&quot;\\&quot; aria-hidden=\\&quot;true\\&quot;&gt;&lt;\\\/i&gt;&quot;,&quot;library&quot;:&quot;&quot;},&quot;toggle&quot;:&quot;burger&quot;}\" data-widget_type=\"nav-menu.default\">\n\t\t\t\t<div class=\"elementor-widget-container\">\n\t\t\t\t\t\t\t\t<nav aria-label=\"Menu\" class=\"elementor-nav-menu--main elementor-nav-menu__container elementor-nav-menu--layout-vertical e--pointer-underline e--animation-fade\">\n\t\t\t\t<ul id=\"menu-1-b8e140b\" class=\"elementor-nav-menu sm-vertical\"><li class=\"menu-item menu-item-type-post_type menu-item-object-page menu-item-9890 tc-menu-item tc-menu-depth-0 tc-menu-layout-default\"><a href=\"https:\/\/uet.edu.al\/en\/fjala-e-presidentit\/\" class=\"elementor-item\">SPEECH OF THE PRESIDENT<\/a><\/li>\n<li class=\"menu-item menu-item-type-post_type menu-item-object-page menu-item-9900 tc-menu-item tc-menu-depth-0 tc-menu-layout-default\"><a href=\"https:\/\/uet.edu.al\/en\/rektori-i-uet\/\" class=\"elementor-item\">EUT RECTOR<\/a><\/li>\n<li class=\"menu-item menu-item-type-post_type menu-item-object-page menu-item-9907 tc-menu-item tc-menu-depth-0 tc-menu-layout-default\"><a href=\"https:\/\/uet.edu.al\/en\/?page_id=9901\" class=\"elementor-item\">Vice Rectors<\/a><\/li>\n<li class=\"menu-item menu-item-type-post_type menu-item-object-page menu-item-9924 tc-menu-item tc-menu-depth-0 tc-menu-layout-default\"><a href=\"https:\/\/uet.edu.al\/en\/administratori-i-uet\/\" class=\"elementor-item\">EUT ADMINISTRATOR<\/a><\/li>\n<li class=\"menu-item menu-item-type-post_type menu-item-object-page menu-item-9998 tc-menu-item tc-menu-depth-0 tc-menu-layout-default\"><a href=\"https:\/\/uet.edu.al\/en\/drejtuesit-e-departamenteve\/\" class=\"elementor-item\">HEAD OF DEPARTMENTS<\/a><\/li>\n<li class=\"menu-item menu-item-type-post_type menu-item-object-page menu-item-9942 tc-menu-item tc-menu-depth-0 tc-menu-layout-default\"><a href=\"https:\/\/uet.edu.al\/en\/dekanet\/\" class=\"elementor-item\">DEAN<\/a><\/li>\n<\/ul>\t\t\t<\/nav>\n\t\t\t\t\t<div class=\"elementor-menu-toggle\" role=\"button\" tabindex=\"0\" aria-label=\"Menu Toggle\" aria-expanded=\"false\">\n\t\t\t<i aria-hidden=\"true\" role=\"presentation\" class=\"elementor-menu-toggle__icon--open eicon-menu-bar\"><\/i><i aria-hidden=\"true\" role=\"presentation\" class=\"elementor-menu-toggle__icon--close eicon-close\"><\/i>\t\t<\/div>\n\t\t\t\t\t<nav class=\"elementor-nav-menu--dropdown elementor-nav-menu__container\" aria-hidden=\"true\">\n\t\t\t\t<ul id=\"menu-2-b8e140b\" class=\"elementor-nav-menu sm-vertical\"><li class=\"menu-item menu-item-type-post_type menu-item-object-page menu-item-9890 tc-menu-item tc-menu-depth-0 tc-menu-layout-default\"><a href=\"https:\/\/uet.edu.al\/en\/fjala-e-presidentit\/\" class=\"elementor-item\" tabindex=\"-1\">SPEECH OF THE PRESIDENT<\/a><\/li>\n<li class=\"menu-item menu-item-type-post_type menu-item-object-page menu-item-9900 tc-menu-item tc-menu-depth-0 tc-menu-layout-default\"><a href=\"https:\/\/uet.edu.al\/en\/rektori-i-uet\/\" class=\"elementor-item\" tabindex=\"-1\">EUT RECTOR<\/a><\/li>\n<li class=\"menu-item menu-item-type-post_type menu-item-object-page menu-item-9907 tc-menu-item tc-menu-depth-0 tc-menu-layout-default\"><a href=\"https:\/\/uet.edu.al\/en\/?page_id=9901\" class=\"elementor-item\" tabindex=\"-1\">Vice Rectors<\/a><\/li>\n<li class=\"menu-item menu-item-type-post_type menu-item-object-page menu-item-9924 tc-menu-item tc-menu-depth-0 tc-menu-layout-default\"><a href=\"https:\/\/uet.edu.al\/en\/administratori-i-uet\/\" class=\"elementor-item\" tabindex=\"-1\">EUT ADMINISTRATOR<\/a><\/li>\n<li class=\"menu-item menu-item-type-post_type menu-item-object-page menu-item-9998 tc-menu-item tc-menu-depth-0 tc-menu-layout-default\"><a href=\"https:\/\/uet.edu.al\/en\/drejtuesit-e-departamenteve\/\" class=\"elementor-item\" tabindex=\"-1\">HEAD OF DEPARTMENTS<\/a><\/li>\n<li class=\"menu-item menu-item-type-post_type menu-item-object-page menu-item-9942 tc-menu-item tc-menu-depth-0 tc-menu-layout-default\"><a href=\"https:\/\/uet.edu.al\/en\/dekanet\/\" class=\"elementor-item\" tabindex=\"-1\">DEAN<\/a><\/li>\n<\/ul>\t\t\t<\/nav>\n\t\t\t\t\t\t<\/div>\n\t\t\t\t<\/div>\n\t\t\t\t\t<\/div>\n\t\t<\/div>\n\t\t\t\t\t<\/div>\n\t\t<\/section>\n\t\t\t\t<\/div>","protected":false},"excerpt":{"rendered":"<p>Dekane e Fakultetit t\u00eb Ekonomis\u00eb, Biznesit dhe Zhvillimit \u2013 Dr. Elona Shehu \u00a0 \u00a0 \u00a0 \u00a0 Dekan i Fakultetit t\u00eb Shkencave Juridike, Politike dhe Marr\u00ebdh\u00ebnieve Nd\u00ebrkomb\u00ebtare \u2013 Prof.Assoc.Dr. Ervis Iljazaj Doktor shkencash n\u00eb Shkenca Politike,\u00a0 Universiteti i \u2018\u2019 La Sapienza\u2019\u2019, &hellip; <\/p>","protected":false},"author":1,"featured_media":0,"parent":0,"menu_order":0,"comment_status":"closed","ping_status":"closed","template":"","meta":{"footnotes":""},"class_list":["post-9930","page","type-page","status-publish","hentry"],"yoast_head":"<!-- This site is optimized with the Yoast SEO plugin v26.9 - https:\/\/yoast.com\/product\/yoast-seo-wordpress\/ -->\n<title>Dekan\u00ebt - UET<\/title>\n<meta name=\"robots\" content=\"index, follow, max-snippet:-1, max-image-preview:large, max-video-preview:-1\" \/>\n<link rel=\"canonical\" href=\"https:\/\/uet.edu.al\/en\/dekanet\/\" \/>\n<meta property=\"og:locale\" content=\"en_US\" \/>\n<meta property=\"og:type\" content=\"article\" \/>\n<meta property=\"og:title\" content=\"Dekan\u00ebt - UET\" \/>\n<meta property=\"og:description\" content=\"Dekane e Fakultetit t\u00eb Ekonomis\u00eb, Biznesit dhe Zhvillimit \u2013 Dr. Elona Shehu \u00a0 \u00a0 \u00a0 \u00a0 Dekan i Fakultetit t\u00eb Shkencave Juridike, Politike dhe Marr\u00ebdh\u00ebnieve Nd\u00ebrkomb\u00ebtare \u2013 Prof.Assoc.Dr. Ervis Iljazaj Doktor shkencash n\u00eb Shkenca Politike,\u00a0 Universiteti i \u2018\u2019 La Sapienza\u2019\u2019, &hellip;\" \/>\n<meta property=\"og:url\" content=\"https:\/\/uet.edu.al\/en\/dekanet\/\" \/>\n<meta property=\"og:site_name\" content=\"UET\" \/>\n<meta property=\"article:publisher\" content=\"https:\/\/www.facebook.com\/UniversitetiEuropianiTiranes\/\" \/>\n<meta property=\"article:modified_time\" content=\"2026-02-02T11:51:08+00:00\" \/>\n<meta property=\"og:image\" content=\"https:\/\/uet.edu.al\/wp-content\/uploads\/2021\/09\/ELONA-SHEHU-scaled.jpg\" \/>\n\t<meta property=\"og:image:width\" content=\"2560\" \/>\n\t<meta property=\"og:image:height\" content=\"1707\" \/>\n\t<meta property=\"og:image:type\" content=\"image\/jpeg\" \/>\n<meta name=\"twitter:card\" content=\"summary_large_image\" \/>\n<meta name=\"twitter:label1\" content=\"Est. reading time\" \/>\n\t<meta name=\"twitter:data1\" content=\"5 minutes\" \/>\n<script type=\"application\/ld+json\" class=\"yoast-schema-graph\">{\"@context\":\"https:\/\/schema.org\",\"@graph\":[{\"@type\":\"WebPage\",\"@id\":\"https:\/\/uet.edu.al\/dekanet\/\",\"url\":\"https:\/\/uet.edu.al\/dekanet\/\",\"name\":\"Dekan\u00ebt - UET\",\"isPartOf\":{\"@id\":\"https:\/\/uet.edu.al\/en\/#website\"},\"primaryImageOfPage\":{\"@id\":\"https:\/\/uet.edu.al\/dekanet\/#primaryimage\"},\"image\":{\"@id\":\"https:\/\/uet.edu.al\/dekanet\/#primaryimage\"},\"thumbnailUrl\":\"https:\/\/uet.edu.al\/wp-content\/uploads\/2021\/09\/ELONA-SHEHU-scaled-300x200.jpg\",\"datePublished\":\"2021-10-02T12:24:15+00:00\",\"dateModified\":\"2026-02-02T11:51:08+00:00\",\"breadcrumb\":{\"@id\":\"https:\/\/uet.edu.al\/dekanet\/#breadcrumb\"},\"inLanguage\":\"en-US\",\"potentialAction\":[{\"@type\":\"ReadAction\",\"target\":[\"https:\/\/uet.edu.al\/dekanet\/\"]}]},{\"@type\":\"ImageObject\",\"inLanguage\":\"en-US\",\"@id\":\"https:\/\/uet.edu.al\/dekanet\/#primaryimage\",\"url\":\"https:\/\/uet.edu.al\/wp-content\/uploads\/2021\/09\/ELONA-SHEHU-scaled-300x200.jpg\",\"contentUrl\":\"https:\/\/uet.edu.al\/wp-content\/uploads\/2021\/09\/ELONA-SHEHU-scaled-300x200.jpg\"},{\"@type\":\"BreadcrumbList\",\"@id\":\"https:\/\/uet.edu.al\/dekanet\/#breadcrumb\",\"itemListElement\":[{\"@type\":\"ListItem\",\"position\":1,\"name\":\"Home\",\"item\":\"https:\/\/uet.edu.al\/\"},{\"@type\":\"ListItem\",\"position\":2,\"name\":\"Dekan\u00ebt\"}]},{\"@type\":\"WebSite\",\"@id\":\"https:\/\/uet.edu.al\/en\/#website\",\"url\":\"https:\/\/uet.edu.al\/en\/\",\"name\":\"UET\",\"description\":\"Universiteti Europian i Tiran\u00ebs\",\"publisher\":{\"@id\":\"https:\/\/uet.edu.al\/en\/#organization\"},\"potentialAction\":[{\"@type\":\"SearchAction\",\"target\":{\"@type\":\"EntryPoint\",\"urlTemplate\":\"https:\/\/uet.edu.al\/en\/?s={search_term_string}\"},\"query-input\":{\"@type\":\"PropertyValueSpecification\",\"valueRequired\":true,\"valueName\":\"search_term_string\"}}],\"inLanguage\":\"en-US\"},{\"@type\":\"Organization\",\"@id\":\"https:\/\/uet.edu.al\/en\/#organization\",\"name\":\"Universiteti Europian i Tiranes\",\"url\":\"https:\/\/uet.edu.al\/en\/\",\"logo\":{\"@type\":\"ImageObject\",\"inLanguage\":\"en-US\",\"@id\":\"https:\/\/uet.edu.al\/en\/#\/schema\/logo\/image\/\",\"url\":\"https:\/\/uet.edu.al\/wp-content\/uploads\/2022\/12\/Logo-pa-adrese.png\",\"contentUrl\":\"https:\/\/uet.edu.al\/wp-content\/uploads\/2022\/12\/Logo-pa-adrese.png\",\"width\":1418,\"height\":696,\"caption\":\"Universiteti Europian i Tiranes\"},\"image\":{\"@id\":\"https:\/\/uet.edu.al\/en\/#\/schema\/logo\/image\/\"},\"sameAs\":[\"https:\/\/www.facebook.com\/UniversitetiEuropianiTiranes\/\"]}]}<\/script>\n<!-- \/ Yoast SEO plugin. -->","yoast_head_json":{"title":"Dekan\u00ebt - UET","robots":{"index":"index","follow":"follow","max-snippet":"max-snippet:-1","max-image-preview":"max-image-preview:large","max-video-preview":"max-video-preview:-1"},"canonical":"https:\/\/uet.edu.al\/en\/dekanet\/","og_locale":"en_US","og_type":"article","og_title":"Dekan\u00ebt - UET","og_description":"Dekane e Fakultetit t\u00eb Ekonomis\u00eb, Biznesit dhe Zhvillimit \u2013 Dr. Elona Shehu \u00a0 \u00a0 \u00a0 \u00a0 Dekan i Fakultetit t\u00eb Shkencave Juridike, Politike dhe Marr\u00ebdh\u00ebnieve Nd\u00ebrkomb\u00ebtare \u2013 Prof.Assoc.Dr. Ervis Iljazaj Doktor shkencash n\u00eb Shkenca Politike,\u00a0 Universiteti i \u2018\u2019 La Sapienza\u2019\u2019, &hellip;","og_url":"https:\/\/uet.edu.al\/en\/dekanet\/","og_site_name":"UET","article_publisher":"https:\/\/www.facebook.com\/UniversitetiEuropianiTiranes\/","article_modified_time":"2026-02-02T11:51:08+00:00","og_image":[{"width":2560,"height":1707,"url":"https:\/\/uet.edu.al\/wp-content\/uploads\/2021\/09\/ELONA-SHEHU-scaled.jpg","type":"image\/jpeg"}],"twitter_card":"summary_large_image","twitter_misc":{"Est. reading time":"5 minutes"},"schema":{"@context":"https:\/\/schema.org","@graph":[{"@type":"WebPage","@id":"https:\/\/uet.edu.al\/dekanet\/","url":"https:\/\/uet.edu.al\/dekanet\/","name":"Dekan\u00ebt - UET","isPartOf":{"@id":"https:\/\/uet.edu.al\/en\/#website"},"primaryImageOfPage":{"@id":"https:\/\/uet.edu.al\/dekanet\/#primaryimage"},"image":{"@id":"https:\/\/uet.edu.al\/dekanet\/#primaryimage"},"thumbnailUrl":"https:\/\/uet.edu.al\/wp-content\/uploads\/2021\/09\/ELONA-SHEHU-scaled-300x200.jpg","datePublished":"2021-10-02T12:24:15+00:00","dateModified":"2026-02-02T11:51:08+00:00","breadcrumb":{"@id":"https:\/\/uet.edu.al\/dekanet\/#breadcrumb"},"inLanguage":"en-US","potentialAction":[{"@type":"ReadAction","target":["https:\/\/uet.edu.al\/dekanet\/"]}]},{"@type":"ImageObject","inLanguage":"en-US","@id":"https:\/\/uet.edu.al\/dekanet\/#primaryimage","url":"https:\/\/uet.edu.al\/wp-content\/uploads\/2021\/09\/ELONA-SHEHU-scaled-300x200.jpg","contentUrl":"https:\/\/uet.edu.al\/wp-content\/uploads\/2021\/09\/ELONA-SHEHU-scaled-300x200.jpg"},{"@type":"BreadcrumbList","@id":"https:\/\/uet.edu.al\/dekanet\/#breadcrumb","itemListElement":[{"@type":"ListItem","position":1,"name":"Home","item":"https:\/\/uet.edu.al\/"},{"@type":"ListItem","position":2,"name":"Dekan\u00ebt"}]},{"@type":"WebSite","@id":"https:\/\/uet.edu.al\/en\/#website","url":"https:\/\/uet.edu.al\/en\/","name":"UET","description":"Universiteti Europian i Tiran\u00ebs","publisher":{"@id":"https:\/\/uet.edu.al\/en\/#organization"},"potentialAction":[{"@type":"SearchAction","target":{"@type":"EntryPoint","urlTemplate":"https:\/\/uet.edu.al\/en\/?s={search_term_string}"},"query-input":{"@type":"PropertyValueSpecification","valueRequired":true,"valueName":"search_term_string"}}],"inLanguage":"en-US"},{"@type":"Organization","@id":"https:\/\/uet.edu.al\/en\/#organization","name":"Universiteti Europian i Tiranes","url":"https:\/\/uet.edu.al\/en\/","logo":{"@type":"ImageObject","inLanguage":"en-US","@id":"https:\/\/uet.edu.al\/en\/#\/schema\/logo\/image\/","url":"https:\/\/uet.edu.al\/wp-content\/uploads\/2022\/12\/Logo-pa-adrese.png","contentUrl":"https:\/\/uet.edu.al\/wp-content\/uploads\/2022\/12\/Logo-pa-adrese.png","width":1418,"height":696,"caption":"Universiteti Europian i Tiranes"},"image":{"@id":"https:\/\/uet.edu.al\/en\/#\/schema\/logo\/image\/"},"sameAs":["https:\/\/www.facebook.com\/UniversitetiEuropianiTiranes\/"]}]}},"_links":{"self":[{"href":"https:\/\/uet.edu.al\/en\/wp-json\/wp\/v2\/pages\/9930","targetHints":{"allow":["GET"]}}],"collection":[{"href":"https:\/\/uet.edu.al\/en\/wp-json\/wp\/v2\/pages"}],"about":[{"href":"https:\/\/uet.edu.al\/en\/wp-json\/wp\/v2\/types\/page"}],"author":[{"embeddable":true,"href":"https:\/\/uet.edu.al\/en\/wp-json\/wp\/v2\/users\/1"}],"replies":[{"embeddable":true,"href":"https:\/\/uet.edu.al\/en\/wp-json\/wp\/v2\/comments?post=9930"}],"version-history":[{"count":170,"href":"https:\/\/uet.edu.al\/en\/wp-json\/wp\/v2\/pages\/9930\/revisions"}],"predecessor-version":[{"id":20914,"href":"https:\/\/uet.edu.al\/en\/wp-json\/wp\/v2\/pages\/9930\/revisions\/20914"}],"wp:attachment":[{"href":"https:\/\/uet.edu.al\/en\/wp-json\/wp\/v2\/media?parent=9930"}],"curies":[{"name":"wp","href":"https:\/\/api.w.org\/{rel}","templated":true}]}}