{"id":9871,"date":"2021-10-02T11:58:45","date_gmt":"2021-10-02T11:58:45","guid":{"rendered":"https:\/\/uet.edu.al\/?page_id=9871"},"modified":"2024-08-13T12:42:47","modified_gmt":"2024-08-13T10:42:47","slug":"fjala-e-presidentit","status":"publish","type":"page","link":"https:\/\/uet.edu.al\/en\/fjala-e-presidentit\/","title":{"rendered":"The speech of the president"},"content":{"rendered":"<div data-elementor-type=\"wp-page\" data-elementor-id=\"9871\" class=\"elementor elementor-9871\" data-elementor-post-type=\"page\">\n\t\t\t\t\t\t<section class=\"elementor-section elementor-top-section elementor-element elementor-element-f984819 elementor-section-height-min-height elementor-section-content-middle elementor-section-boxed elementor-section-height-default elementor-section-items-middle\" data-id=\"f984819\" data-element_type=\"section\" data-settings=\"{&quot;background_background&quot;:&quot;classic&quot;}\">\n\t\t\t\t\t\t\t<div class=\"elementor-background-overlay\"><\/div>\n\t\t\t\t\t\t\t<div class=\"elementor-container elementor-column-gap-default\">\n\t\t\t\t\t<div class=\"elementor-column elementor-col-100 elementor-top-column elementor-element elementor-element-58812cd\" data-id=\"58812cd\" data-element_type=\"column\">\n\t\t\t<div class=\"elementor-widget-wrap elementor-element-populated\">\n\t\t\t\t\t\t\t<\/div>\n\t\t<\/div>\n\t\t\t\t\t<\/div>\n\t\t<\/section>\n\t\t\t\t<section class=\"elementor-section elementor-top-section elementor-element elementor-element-56eae64 elementor-section-boxed elementor-section-height-default elementor-section-height-default\" data-id=\"56eae64\" data-element_type=\"section\">\n\t\t\t\t\t\t<div class=\"elementor-container elementor-column-gap-wider\">\n\t\t\t\t\t<div class=\"elementor-column elementor-col-50 elementor-top-column elementor-element elementor-element-b123a18\" data-id=\"b123a18\" data-element_type=\"column\">\n\t\t\t<div class=\"elementor-widget-wrap elementor-element-populated\">\n\t\t\t\t\t\t<div class=\"elementor-element elementor-element-0c17907 elementor-widget elementor-widget-spacer\" data-id=\"0c17907\" data-element_type=\"widget\" data-widget_type=\"spacer.default\">\n\t\t\t\t<div class=\"elementor-widget-container\">\n\t\t\t\t\t\t\t<div class=\"elementor-spacer\">\n\t\t\t<div class=\"elementor-spacer-inner\"><\/div>\n\t\t<\/div>\n\t\t\t\t\t\t<\/div>\n\t\t\t\t<\/div>\n\t\t\t\t<div class=\"elementor-element elementor-element-828de5c elementor-widget elementor-widget-heading\" data-id=\"828de5c\" data-element_type=\"widget\" data-widget_type=\"heading.default\">\n\t\t\t\t<div class=\"elementor-widget-container\">\n\t\t\t\t\t<h1 class=\"elementor-heading-title elementor-size-default\">UET in the second decade<\/h1>\t\t\t\t<\/div>\n\t\t\t\t<\/div>\n\t\t\t\t<div class=\"elementor-element elementor-element-c3e569c elementor-widget elementor-widget-text-editor\" data-id=\"c3e569c\" data-element_type=\"widget\" data-widget_type=\"text-editor.default\">\n\t\t\t\t<div class=\"elementor-widget-container\">\n\t\t\t\t\t\t\t\t\t<p><em><b>PROF. ASOC. DR. SELAMI XHEPA \/ PRESIDENT OF EUT<\/b><\/em><\/p>\t\t\t\t\t\t\t\t<\/div>\n\t\t\t\t<\/div>\n\t\t\t\t<div class=\"elementor-element elementor-element-984f5e7 elementor-widget elementor-widget-spacer\" data-id=\"984f5e7\" data-element_type=\"widget\" data-widget_type=\"spacer.default\">\n\t\t\t\t<div class=\"elementor-widget-container\">\n\t\t\t\t\t\t\t<div class=\"elementor-spacer\">\n\t\t\t<div class=\"elementor-spacer-inner\"><\/div>\n\t\t<\/div>\n\t\t\t\t\t\t<\/div>\n\t\t\t\t<\/div>\n\t\t\t\t<div class=\"elementor-element elementor-element-df99f8a elementor-widget elementor-widget-text-editor\" data-id=\"df99f8a\" data-element_type=\"widget\" data-widget_type=\"text-editor.default\">\n\t\t\t\t<div class=\"elementor-widget-container\">\n\t\t\t\t\t\t\t\t\t<p>Preserving the name of the European University of Tirana, consolidating the reputation of the university, achieving the highest standards in the context of new realities, certainly poses a challenge for all. It is also a challenge for my position and duty, as well as for all members of the Board of Trustees, which we must all share and develop, in order to advance the name and reputation of the university. I think that the biggest challenge in today's university world, even in the context of the developments that have taken place during these years, is in the first place with itself and with society. So the most important confrontation we have today with society. The expectations of the Albanian society are extremely higher in relation to what the university system itself offers. In particular, the deficits that have been created are also due to the lack of reforms, of those reform processes, which started, but unfortunately were never completed, and even some of these processes are being reversed. In this sense, recreating or regaining the trust of the general public from the university system, I think remains an extremely serious challenge. A private university like UET has been an open arena for the public and in fact the connection with the community has been our strongest point, not only in terms of the weekly activities we do, but in all the annual academic activity the presence of the public here and of the university in public, has been probably one of the most interesting elements that has given our university that credibility, name and reputation that it enjoys.<\/p><p><em>I wish you success and welcome you to UET.<\/em><br \/><em>Let's walk together on the path of knowledge and profession.<\/em><\/p>\t\t\t\t\t\t\t\t<\/div>\n\t\t\t\t<\/div>\n\t\t\t\t<div class=\"elementor-element elementor-element-74ad933 elementor-widget elementor-widget-spacer\" data-id=\"74ad933\" data-element_type=\"widget\" data-widget_type=\"spacer.default\">\n\t\t\t\t<div class=\"elementor-widget-container\">\n\t\t\t\t\t\t\t<div class=\"elementor-spacer\">\n\t\t\t<div class=\"elementor-spacer-inner\"><\/div>\n\t\t<\/div>\n\t\t\t\t\t\t<\/div>\n\t\t\t\t<\/div>\n\t\t\t\t<div class=\"elementor-element elementor-element-5682c02 elementor-widget elementor-widget-spacer\" data-id=\"5682c02\" data-element_type=\"widget\" data-widget_type=\"spacer.default\">\n\t\t\t\t<div class=\"elementor-widget-container\">\n\t\t\t\t\t\t\t<div class=\"elementor-spacer\">\n\t\t\t<div class=\"elementor-spacer-inner\"><\/div>\n\t\t<\/div>\n\t\t\t\t\t\t<\/div>\n\t\t\t\t<\/div>\n\t\t\t\t\t<\/div>\n\t\t<\/div>\n\t\t\t\t<div class=\"elementor-column elementor-col-50 elementor-top-column elementor-element elementor-element-0313916\" data-id=\"0313916\" data-element_type=\"column\">\n\t\t\t<div class=\"elementor-widget-wrap elementor-element-populated\">\n\t\t\t\t\t\t<div class=\"elementor-element elementor-element-2f3a4f5 elementor-widget elementor-widget-spacer\" data-id=\"2f3a4f5\" data-element_type=\"widget\" data-widget_type=\"spacer.default\">\n\t\t\t\t<div class=\"elementor-widget-container\">\n\t\t\t\t\t\t\t<div class=\"elementor-spacer\">\n\t\t\t<div class=\"elementor-spacer-inner\"><\/div>\n\t\t<\/div>\n\t\t\t\t\t\t<\/div>\n\t\t\t\t<\/div>\n\t\t\t\t<div class=\"elementor-element elementor-element-f93703b elementor-nav-menu__align-start elementor-nav-menu--dropdown-tablet elementor-nav-menu__text-align-aside elementor-nav-menu--toggle elementor-nav-menu--burger elementor-widget elementor-widget-nav-menu\" data-id=\"f93703b\" data-element_type=\"widget\" data-settings=\"{&quot;layout&quot;:&quot;vertical&quot;,&quot;submenu_icon&quot;:{&quot;value&quot;:&quot;&lt;i class=\\&quot;\\&quot; aria-hidden=\\&quot;true\\&quot;&gt;&lt;\\\/i&gt;&quot;,&quot;library&quot;:&quot;&quot;},&quot;toggle&quot;:&quot;burger&quot;}\" data-widget_type=\"nav-menu.default\">\n\t\t\t\t<div class=\"elementor-widget-container\">\n\t\t\t\t\t\t\t\t<nav aria-label=\"Menu\" class=\"elementor-nav-menu--main elementor-nav-menu__container elementor-nav-menu--layout-vertical e--pointer-underline e--animation-fade\">\n\t\t\t\t<ul id=\"menu-1-f93703b\" class=\"elementor-nav-menu sm-vertical\"><li class=\"menu-item menu-item-type-post_type menu-item-object-page menu-item-9890 tc-menu-item tc-menu-depth-0 tc-menu-layout-default\"><a href=\"https:\/\/uet.edu.al\/en\/fjala-e-presidentit\/\" class=\"elementor-item\">SPEECH OF THE PRESIDENT<\/a><\/li>\n<li class=\"menu-item menu-item-type-post_type menu-item-object-page menu-item-9900 tc-menu-item tc-menu-depth-0 tc-menu-layout-default\"><a href=\"https:\/\/uet.edu.al\/en\/rektori-i-uet\/\" class=\"elementor-item\">EUT RECTOR<\/a><\/li>\n<li class=\"menu-item menu-item-type-post_type menu-item-object-page menu-item-9907 tc-menu-item tc-menu-depth-0 tc-menu-layout-default\"><a href=\"https:\/\/uet.edu.al\/en\/?page_id=9901\" class=\"elementor-item\">Vice Rectors<\/a><\/li>\n<li class=\"menu-item menu-item-type-post_type menu-item-object-page menu-item-9924 tc-menu-item tc-menu-depth-0 tc-menu-layout-default\"><a href=\"https:\/\/uet.edu.al\/en\/administratori-i-uet\/\" class=\"elementor-item\">EUT ADMINISTRATOR<\/a><\/li>\n<li class=\"menu-item menu-item-type-post_type menu-item-object-page menu-item-9998 tc-menu-item tc-menu-depth-0 tc-menu-layout-default\"><a href=\"https:\/\/uet.edu.al\/en\/drejtuesit-e-departamenteve\/\" class=\"elementor-item\">HEAD OF DEPARTMENTS<\/a><\/li>\n<li class=\"menu-item menu-item-type-post_type menu-item-object-page menu-item-9942 tc-menu-item tc-menu-depth-0 tc-menu-layout-default\"><a href=\"https:\/\/uet.edu.al\/en\/dekanet\/\" class=\"elementor-item\">DEAN<\/a><\/li>\n<\/ul>\t\t\t<\/nav>\n\t\t\t\t\t<div class=\"elementor-menu-toggle\" role=\"button\" tabindex=\"0\" aria-label=\"Menu Toggle\" aria-expanded=\"false\">\n\t\t\t<i aria-hidden=\"true\" role=\"presentation\" class=\"elementor-menu-toggle__icon--open eicon-menu-bar\"><\/i><i aria-hidden=\"true\" role=\"presentation\" class=\"elementor-menu-toggle__icon--close eicon-close\"><\/i>\t\t<\/div>\n\t\t\t\t\t<nav class=\"elementor-nav-menu--dropdown elementor-nav-menu__container\" aria-hidden=\"true\">\n\t\t\t\t<ul id=\"menu-2-f93703b\" class=\"elementor-nav-menu sm-vertical\"><li class=\"menu-item menu-item-type-post_type menu-item-object-page menu-item-9890 tc-menu-item tc-menu-depth-0 tc-menu-layout-default\"><a href=\"https:\/\/uet.edu.al\/en\/fjala-e-presidentit\/\" class=\"elementor-item\" tabindex=\"-1\">SPEECH OF THE PRESIDENT<\/a><\/li>\n<li class=\"menu-item menu-item-type-post_type menu-item-object-page menu-item-9900 tc-menu-item tc-menu-depth-0 tc-menu-layout-default\"><a href=\"https:\/\/uet.edu.al\/en\/rektori-i-uet\/\" class=\"elementor-item\" tabindex=\"-1\">EUT RECTOR<\/a><\/li>\n<li class=\"menu-item menu-item-type-post_type menu-item-object-page menu-item-9907 tc-menu-item tc-menu-depth-0 tc-menu-layout-default\"><a href=\"https:\/\/uet.edu.al\/en\/?page_id=9901\" class=\"elementor-item\" tabindex=\"-1\">Vice Rectors<\/a><\/li>\n<li class=\"menu-item menu-item-type-post_type menu-item-object-page menu-item-9924 tc-menu-item tc-menu-depth-0 tc-menu-layout-default\"><a href=\"https:\/\/uet.edu.al\/en\/administratori-i-uet\/\" class=\"elementor-item\" tabindex=\"-1\">EUT ADMINISTRATOR<\/a><\/li>\n<li class=\"menu-item menu-item-type-post_type menu-item-object-page menu-item-9998 tc-menu-item tc-menu-depth-0 tc-menu-layout-default\"><a href=\"https:\/\/uet.edu.al\/en\/drejtuesit-e-departamenteve\/\" class=\"elementor-item\" tabindex=\"-1\">HEAD OF DEPARTMENTS<\/a><\/li>\n<li class=\"menu-item menu-item-type-post_type menu-item-object-page menu-item-9942 tc-menu-item tc-menu-depth-0 tc-menu-layout-default\"><a href=\"https:\/\/uet.edu.al\/en\/dekanet\/\" class=\"elementor-item\" tabindex=\"-1\">DEAN<\/a><\/li>\n<\/ul>\t\t\t<\/nav>\n\t\t\t\t\t\t<\/div>\n\t\t\t\t<\/div>\n\t\t\t\t\t<\/div>\n\t\t<\/div>\n\t\t\t\t\t<\/div>\n\t\t<\/section>\n\t\t\t\t<\/div>","protected":false},"excerpt":{"rendered":"<p>UET n\u00eb dekad\u00ebn e dyt\u00eb PROF. ASOC. DR. SELAMI XHEPA\/ PRESIDENT I UET Ruajtja e emrit t\u00eb Universitetit Europian t\u00eb Tiran\u00ebs, konsolidimi i reputacionit t\u00eb universitetit, arritja e standardeve m\u00eb t\u00eb larta n\u00eb kontekstin e realiteteve t\u00eb reja, sigurisht q\u00eb &hellip; <\/p>","protected":false},"author":1,"featured_media":0,"parent":0,"menu_order":0,"comment_status":"closed","ping_status":"closed","template":"elementor_header_footer","meta":{"footnotes":""},"class_list":["post-9871","page","type-page","status-publish","hentry"],"yoast_head":"<!-- This site is optimized with the Yoast SEO plugin v26.9 - https:\/\/yoast.com\/product\/yoast-seo-wordpress\/ -->\n<title>Fjala e presidentit - UET<\/title>\n<meta name=\"robots\" content=\"index, follow, max-snippet:-1, max-image-preview:large, max-video-preview:-1\" \/>\n<link rel=\"canonical\" href=\"https:\/\/uet.edu.al\/en\/fjala-e-presidentit\/\" \/>\n<meta property=\"og:locale\" content=\"en_US\" \/>\n<meta property=\"og:type\" content=\"article\" \/>\n<meta property=\"og:title\" content=\"Fjala e presidentit - UET\" \/>\n<meta property=\"og:description\" content=\"UET n\u00eb dekad\u00ebn e dyt\u00eb PROF. ASOC. DR. SELAMI XHEPA\/ PRESIDENT I UET Ruajtja e emrit t\u00eb Universitetit Europian t\u00eb Tiran\u00ebs, konsolidimi i reputacionit t\u00eb universitetit, arritja e standardeve m\u00eb t\u00eb larta n\u00eb kontekstin e realiteteve t\u00eb reja, sigurisht q\u00eb &hellip;\" \/>\n<meta property=\"og:url\" content=\"https:\/\/uet.edu.al\/en\/fjala-e-presidentit\/\" \/>\n<meta property=\"og:site_name\" content=\"UET\" \/>\n<meta property=\"article:publisher\" content=\"https:\/\/www.facebook.com\/UniversitetiEuropianiTiranes\/\" \/>\n<meta property=\"article:modified_time\" content=\"2024-08-13T10:42:47+00:00\" \/>\n<meta property=\"og:image\" content=\"https:\/\/uet.edu.al\/wp-content\/uploads\/2022\/12\/Logo-pa-adrese.png\" \/>\n\t<meta property=\"og:image:width\" content=\"1418\" \/>\n\t<meta property=\"og:image:height\" content=\"696\" \/>\n\t<meta property=\"og:image:type\" content=\"image\/png\" \/>\n<meta name=\"twitter:card\" content=\"summary_large_image\" \/>\n<meta name=\"twitter:label1\" content=\"Est. reading time\" \/>\n\t<meta name=\"twitter:data1\" content=\"2 minutes\" \/>\n<script type=\"application\/ld+json\" class=\"yoast-schema-graph\">{\"@context\":\"https:\/\/schema.org\",\"@graph\":[{\"@type\":\"WebPage\",\"@id\":\"https:\/\/uet.edu.al\/fjala-e-presidentit\/\",\"url\":\"https:\/\/uet.edu.al\/fjala-e-presidentit\/\",\"name\":\"Fjala e presidentit - UET\",\"isPartOf\":{\"@id\":\"https:\/\/uet.edu.al\/en\/#website\"},\"datePublished\":\"2021-10-02T11:58:45+00:00\",\"dateModified\":\"2024-08-13T10:42:47+00:00\",\"breadcrumb\":{\"@id\":\"https:\/\/uet.edu.al\/fjala-e-presidentit\/#breadcrumb\"},\"inLanguage\":\"en-US\",\"potentialAction\":[{\"@type\":\"ReadAction\",\"target\":[\"https:\/\/uet.edu.al\/fjala-e-presidentit\/\"]}]},{\"@type\":\"BreadcrumbList\",\"@id\":\"https:\/\/uet.edu.al\/fjala-e-presidentit\/#breadcrumb\",\"itemListElement\":[{\"@type\":\"ListItem\",\"position\":1,\"name\":\"Home\",\"item\":\"https:\/\/uet.edu.al\/\"},{\"@type\":\"ListItem\",\"position\":2,\"name\":\"Fjala e presidentit\"}]},{\"@type\":\"WebSite\",\"@id\":\"https:\/\/uet.edu.al\/en\/#website\",\"url\":\"https:\/\/uet.edu.al\/en\/\",\"name\":\"UET\",\"description\":\"Universiteti Europian i Tiran\u00ebs\",\"publisher\":{\"@id\":\"https:\/\/uet.edu.al\/en\/#organization\"},\"potentialAction\":[{\"@type\":\"SearchAction\",\"target\":{\"@type\":\"EntryPoint\",\"urlTemplate\":\"https:\/\/uet.edu.al\/en\/?s={search_term_string}\"},\"query-input\":{\"@type\":\"PropertyValueSpecification\",\"valueRequired\":true,\"valueName\":\"search_term_string\"}}],\"inLanguage\":\"en-US\"},{\"@type\":\"Organization\",\"@id\":\"https:\/\/uet.edu.al\/en\/#organization\",\"name\":\"Universiteti Europian i Tiranes\",\"url\":\"https:\/\/uet.edu.al\/en\/\",\"logo\":{\"@type\":\"ImageObject\",\"inLanguage\":\"en-US\",\"@id\":\"https:\/\/uet.edu.al\/en\/#\/schema\/logo\/image\/\",\"url\":\"https:\/\/uet.edu.al\/wp-content\/uploads\/2022\/12\/Logo-pa-adrese.png\",\"contentUrl\":\"https:\/\/uet.edu.al\/wp-content\/uploads\/2022\/12\/Logo-pa-adrese.png\",\"width\":1418,\"height\":696,\"caption\":\"Universiteti Europian i Tiranes\"},\"image\":{\"@id\":\"https:\/\/uet.edu.al\/en\/#\/schema\/logo\/image\/\"},\"sameAs\":[\"https:\/\/www.facebook.com\/UniversitetiEuropianiTiranes\/\"]}]}<\/script>\n<!-- \/ Yoast SEO plugin. -->","yoast_head_json":{"title":"Fjala e presidentit - UET","robots":{"index":"index","follow":"follow","max-snippet":"max-snippet:-1","max-image-preview":"max-image-preview:large","max-video-preview":"max-video-preview:-1"},"canonical":"https:\/\/uet.edu.al\/en\/fjala-e-presidentit\/","og_locale":"en_US","og_type":"article","og_title":"Fjala e presidentit - UET","og_description":"UET n\u00eb dekad\u00ebn e dyt\u00eb PROF. ASOC. DR. SELAMI XHEPA\/ PRESIDENT I UET Ruajtja e emrit t\u00eb Universitetit Europian t\u00eb Tiran\u00ebs, konsolidimi i reputacionit t\u00eb universitetit, arritja e standardeve m\u00eb t\u00eb larta n\u00eb kontekstin e realiteteve t\u00eb reja, sigurisht q\u00eb &hellip;","og_url":"https:\/\/uet.edu.al\/en\/fjala-e-presidentit\/","og_site_name":"UET","article_publisher":"https:\/\/www.facebook.com\/UniversitetiEuropianiTiranes\/","article_modified_time":"2024-08-13T10:42:47+00:00","og_image":[{"width":1418,"height":696,"url":"https:\/\/uet.edu.al\/wp-content\/uploads\/2022\/12\/Logo-pa-adrese.png","type":"image\/png"}],"twitter_card":"summary_large_image","twitter_misc":{"Est. reading time":"2 minutes"},"schema":{"@context":"https:\/\/schema.org","@graph":[{"@type":"WebPage","@id":"https:\/\/uet.edu.al\/fjala-e-presidentit\/","url":"https:\/\/uet.edu.al\/fjala-e-presidentit\/","name":"Fjala e presidentit - UET","isPartOf":{"@id":"https:\/\/uet.edu.al\/en\/#website"},"datePublished":"2021-10-02T11:58:45+00:00","dateModified":"2024-08-13T10:42:47+00:00","breadcrumb":{"@id":"https:\/\/uet.edu.al\/fjala-e-presidentit\/#breadcrumb"},"inLanguage":"en-US","potentialAction":[{"@type":"ReadAction","target":["https:\/\/uet.edu.al\/fjala-e-presidentit\/"]}]},{"@type":"BreadcrumbList","@id":"https:\/\/uet.edu.al\/fjala-e-presidentit\/#breadcrumb","itemListElement":[{"@type":"ListItem","position":1,"name":"Home","item":"https:\/\/uet.edu.al\/"},{"@type":"ListItem","position":2,"name":"Fjala e presidentit"}]},{"@type":"WebSite","@id":"https:\/\/uet.edu.al\/en\/#website","url":"https:\/\/uet.edu.al\/en\/","name":"UET","description":"Universiteti Europian i Tiran\u00ebs","publisher":{"@id":"https:\/\/uet.edu.al\/en\/#organization"},"potentialAction":[{"@type":"SearchAction","target":{"@type":"EntryPoint","urlTemplate":"https:\/\/uet.edu.al\/en\/?s={search_term_string}"},"query-input":{"@type":"PropertyValueSpecification","valueRequired":true,"valueName":"search_term_string"}}],"inLanguage":"en-US"},{"@type":"Organization","@id":"https:\/\/uet.edu.al\/en\/#organization","name":"Universiteti Europian i Tiranes","url":"https:\/\/uet.edu.al\/en\/","logo":{"@type":"ImageObject","inLanguage":"en-US","@id":"https:\/\/uet.edu.al\/en\/#\/schema\/logo\/image\/","url":"https:\/\/uet.edu.al\/wp-content\/uploads\/2022\/12\/Logo-pa-adrese.png","contentUrl":"https:\/\/uet.edu.al\/wp-content\/uploads\/2022\/12\/Logo-pa-adrese.png","width":1418,"height":696,"caption":"Universiteti Europian i Tiranes"},"image":{"@id":"https:\/\/uet.edu.al\/en\/#\/schema\/logo\/image\/"},"sameAs":["https:\/\/www.facebook.com\/UniversitetiEuropianiTiranes\/"]}]}},"_links":{"self":[{"href":"https:\/\/uet.edu.al\/en\/wp-json\/wp\/v2\/pages\/9871","targetHints":{"allow":["GET"]}}],"collection":[{"href":"https:\/\/uet.edu.al\/en\/wp-json\/wp\/v2\/pages"}],"about":[{"href":"https:\/\/uet.edu.al\/en\/wp-json\/wp\/v2\/types\/page"}],"author":[{"embeddable":true,"href":"https:\/\/uet.edu.al\/en\/wp-json\/wp\/v2\/users\/1"}],"replies":[{"embeddable":true,"href":"https:\/\/uet.edu.al\/en\/wp-json\/wp\/v2\/comments?post=9871"}],"version-history":[{"count":26,"href":"https:\/\/uet.edu.al\/en\/wp-json\/wp\/v2\/pages\/9871\/revisions"}],"predecessor-version":[{"id":20861,"href":"https:\/\/uet.edu.al\/en\/wp-json\/wp\/v2\/pages\/9871\/revisions\/20861"}],"wp:attachment":[{"href":"https:\/\/uet.edu.al\/en\/wp-json\/wp\/v2\/media?parent=9871"}],"curies":[{"name":"wp","href":"https:\/\/api.w.org\/{rel}","templated":true}]}}