{"id":9364,"date":"2021-09-27T13:44:49","date_gmt":"2021-09-27T13:44:49","guid":{"rendered":"https:\/\/uet.edu.al\/?page_id=9364"},"modified":"2025-05-29T15:31:52","modified_gmt":"2025-05-29T13:31:52","slug":"bachelor","status":"publish","type":"page","link":"https:\/\/uet.edu.al\/en\/bachelor\/","title":{"rendered":"Bachelor"},"content":{"rendered":"<div data-elementor-type=\"wp-page\" data-elementor-id=\"9364\" class=\"elementor elementor-9364\" data-elementor-post-type=\"page\">\n\t\t\t\t\t\t<section class=\"elementor-section elementor-top-section elementor-element elementor-element-17a05f4 elementor-section-boxed elementor-section-height-default elementor-section-height-default\" data-id=\"17a05f4\" data-element_type=\"section\">\n\t\t\t\t\t\t<div class=\"elementor-container elementor-column-gap-default\">\n\t\t\t\t\t<div class=\"elementor-column elementor-col-100 elementor-top-column elementor-element elementor-element-0bff6c2\" data-id=\"0bff6c2\" data-element_type=\"column\">\n\t\t\t<div class=\"elementor-widget-wrap elementor-element-populated\">\n\t\t\t\t\t\t<div class=\"elementor-element elementor-element-f2f0b9b elementor-widget elementor-widget-text-editor\" data-id=\"f2f0b9b\" data-element_type=\"widget\" data-widget_type=\"text-editor.default\">\n\t\t\t\t<div class=\"elementor-widget-container\">\n\t\t\t\t\t\t\t\t\t<p>The European University of Tirana (UET) offers you the opportunity to study with a highly qualified Albanian academic staff, as well as with visiting professors from some of the most renowned universities in Europe and beyond, with whom UET has established cooperation agreements.<\/p><p>Join us and become part of an active academic life, enriched with international experiences through wide Erasmus + mobility partnerships, professional development opportunities, and direct connections with the labor market throughout your studies.<\/p><p>UET offers a wide range of Bachelor programs across various fields, including:<br \/>Finance, Business Management, Business Informatics, Political Science, International Relations, Communication, Psychology, Physical Education and Sports, Visual Arts, Musical Arts, Performing Arts, Informatics Engineering, Information Technology, Mechanical Engineering, Civil Engineering, Nursing, Physiotherapy, and Medical Imaging Technology.<\/p><p>This wide variety of study options empowers students to follow their interests and ambitions, and to build a secure, future-oriented career, supported by a modern, high-quality and student-centred education system.<\/p><p>Each Bachelor program corresponds to <strong>Level 6 of the European Qualifications Framework (EQF)<\/strong>, ensuring that graduates obtain competencies and learning outcomes recognized across the European Higher Education Area.<\/p><p>Choose the program that suits you best and take advantage of all the opportunities and support that UET offers throughout your academic journey.<\/p><p><strong>Academic Obligations<\/strong><\/p><p>Bachelor programs have a standard duration of <strong>3 academic years<\/strong>and follows the European Credit Transfer and Accumulation System (ECTS), comprising a total of <strong>180 credits,<\/strong>or 60 credits per academic year.<br \/>This structure ensures alignment with European higher education standards and facilitates student mobility and degree recognition across borders.<\/p><p>Attendance is mandatory according to the type of academic activity:<\/p><ul><li><strong>50%<\/strong> for lectures<\/li><li><strong>75%<\/strong> for seminars\/exercises, laboratory sessions, and professional\/clinical practice hours.<\/li><\/ul><p><strong>Graduation<\/strong><\/p><p>Graduation in Bachelor programs is finalized through a diploma defense, which can be completed by submitting a Bachelor Thesis or sitting a Final Comprehensive Examination.<\/p><p>The diploma thesis must be between 9,000 and 10,000 words and is intended to demonstrate the student\u2019s ability to critically collect, analyze, and interpret information, apply a specific model or theory to a concrete case, and present the findings in an academic format. This process is guided by a supervising professor who supports the student through the completion of the thesis. The thesis is defended before an Evaluation Committee appointed by the Department.<\/p><p><strong>The Final Comprehensive Examination<\/strong> is based on a program consisting of 100 questions, developed in alignment with the curriculum of core (Category B) and interdisciplinary\/integrative (Category C) courses. The list of questions is made available to students by March of their final academic year, ensuring ample time to prepare for this important graduation requirement.<\/p>\t\t\t\t\t\t\t\t<\/div>\n\t\t\t\t<\/div>\n\t\t\t\t<div class=\"elementor-element elementor-element-9303319 elementor-widget elementor-widget-spacer\" data-id=\"9303319\" data-element_type=\"widget\" data-widget_type=\"spacer.default\">\n\t\t\t\t<div class=\"elementor-widget-container\">\n\t\t\t\t\t\t\t<div class=\"elementor-spacer\">\n\t\t\t<div class=\"elementor-spacer-inner\"><\/div>\n\t\t<\/div>\n\t\t\t\t\t\t<\/div>\n\t\t\t\t<\/div>\n\t\t\t\t\t<\/div>\n\t\t<\/div>\n\t\t\t\t\t<\/div>\n\t\t<\/section>\n\t\t\t\t<section class=\"elementor-section elementor-top-section elementor-element elementor-element-2962ec8 elementor-section-stretched elementor-section-boxed elementor-section-height-default elementor-section-height-default\" data-id=\"2962ec8\" data-element_type=\"section\" data-settings=\"{&quot;stretch_section&quot;:&quot;section-stretched&quot;}\">\n\t\t\t\t\t\t<div class=\"elementor-container elementor-column-gap-default\">\n\t\t\t\t\t<div class=\"elementor-column elementor-col-33 elementor-top-column elementor-element elementor-element-53ccea8\" data-id=\"53ccea8\" data-element_type=\"column\">\n\t\t\t<div class=\"elementor-widget-wrap elementor-element-populated\">\n\t\t\t\t\t\t<div class=\"elementor-element elementor-element-3356067 elementor-flip-box--direction-left elementor-flip-box--effect-flip elementor-widget elementor-widget-flip-box\" data-id=\"3356067\" data-element_type=\"widget\" data-widget_type=\"flip-box.default\">\n\t\t\t\t<div class=\"elementor-widget-container\">\n\t\t\t\t\t\t\t<div class=\"elementor-flip-box\" tabindex=\"0\">\n\t\t\t<div class=\"elementor-flip-box__layer elementor-flip-box__front\">\n\t\t\t\t<div class=\"elementor-flip-box__layer__overlay\">\n\t\t\t\t\t<div class=\"elementor-flip-box__layer__inner\">\n\t\t\t\t\t\t\n\t\t\t\t\t\t\t\t\t\t\t\t\t<h3 class=\"elementor-flip-box__layer__title\">\n\t\t\t\t\t\t\t\tFACULTY OF ECONOMICS, BUSINESS AND DEVELOPMENT\t\t\t\t\t\t\t<\/h3>\n\t\t\t\t\t\t\n\t\t\t\t\t\t\t\t\t\t\t<\/div>\n\t\t\t\t<\/div>\n\t\t\t<\/div>\n\t\t\t<div class=\"elementor-flip-box__layer elementor-flip-box__back\">\n\t\t\t<div class=\"elementor-flip-box__layer__overlay\">\n\t\t\t\t<div class=\"elementor-flip-box__layer__inner\">\n\t\t\t\t\t\t\t\t\t\t\t<h3 class=\"elementor-flip-box__layer__title\">\n\t\t\t\t\t\t\tStudy programs\t\t\t\t\t\t<\/h3>\n\t\t\t\t\t\n\t\t\t\t\t\t\t\t\t\t\t<div class=\"elementor-flip-box__layer__description\">\n\t\t\t\t\t\t\t<br>\n<b>Finance<\/b><br>\n\"Banking\" ; \"Accounting\"; \n<br>\n<a href=\"https:\/\/uet.edu.al\/wp-content\/uploads\/2025\/04\/Finance_BA-1.pdf\">(click here to view the program)<\/a>\n<br>\n<br>\n<b>\"Business Management\" with profile:<\/b><br>\n\"Business Management\"; \" Marketing\" \n<br>\n<a href=\"https:\/\/uet.edu.al\/wp-content\/uploads\/2025\/04\/Business-Management_BA.pdf\">(click here to view the program)<\/a>\n<br>\n<br>\n<b>\u201cBusiness Informatics\u201d (Albanian and English)<\/b>\n\n<br>\n<a href=\"https:\/\/uet.edu.al\/wp-content\/uploads\/2025\/04\/Business-Informatics_BA.pdf\">(click here to view the program)<\/a>\t\t\t\t\t\t<\/div>\n\t\t\t\t\t\n\t\t\t\t\t\t\t\t<\/div>\n\t\t<\/div>\n\t\t<\/div>\n\t\t<\/div>\n\t\t\t\t\t\t<\/div>\n\t\t\t\t<\/div>\n\t\t\t\t\t<\/div>\n\t\t<\/div>\n\t\t\t\t<div class=\"elementor-column elementor-col-33 elementor-top-column elementor-element elementor-element-1d49eec\" data-id=\"1d49eec\" data-element_type=\"column\">\n\t\t\t<div class=\"elementor-widget-wrap elementor-element-populated\">\n\t\t\t\t\t\t<div class=\"elementor-element elementor-element-a0db320 elementor-flip-box--direction-left elementor-flip-box--effect-flip elementor-widget elementor-widget-flip-box\" data-id=\"a0db320\" data-element_type=\"widget\" data-widget_type=\"flip-box.default\">\n\t\t\t\t<div class=\"elementor-widget-container\">\n\t\t\t\t\t\t\t<div class=\"elementor-flip-box\" tabindex=\"0\">\n\t\t\t<div class=\"elementor-flip-box__layer elementor-flip-box__front\">\n\t\t\t\t<div class=\"elementor-flip-box__layer__overlay\">\n\t\t\t\t\t<div class=\"elementor-flip-box__layer__inner\">\n\t\t\t\t\t\t\n\t\t\t\t\t\t\t\t\t\t\t\t\t<h3 class=\"elementor-flip-box__layer__title\">\n\t\t\t\t\t\t\t\tFACULTY OF LAW, POLITICAL SCIENCES AND INTERNATIONAL RELATIONS\t\t\t\t\t\t\t<\/h3>\n\t\t\t\t\t\t\n\t\t\t\t\t\t\t\t\t\t\t<\/div>\n\t\t\t\t<\/div>\n\t\t\t<\/div>\n\t\t\t<div class=\"elementor-flip-box__layer elementor-flip-box__back\">\n\t\t\t<div class=\"elementor-flip-box__layer__overlay\">\n\t\t\t\t<div class=\"elementor-flip-box__layer__inner\">\n\t\t\t\t\t\t\t\t\t\t\t<h3 class=\"elementor-flip-box__layer__title\">\n\t\t\t\t\t\t\tStudy programs\t\t\t\t\t\t<\/h3>\n\t\t\t\t\t\n\t\t\t\t\t\t\t\t\t\t\t<div class=\"elementor-flip-box__layer__description\">\n\t\t\t\t\t\t\t<b>\"International Relations\" with profile:<\/b><br>\n\"Security\"; \"European Studies\"<br>\n<a href=\"https:\/\/uet.edu.al\/wp-content\/uploads\/2025\/04\/INTERNATIONAL-RELATIONS_BA.pdf\">(click here to view the program)<\/a>\n<br>\n<br>\n<b>\"Political Science\" with profile:<\/b><br>\n\u201cPublic Administration\u201d; \u201cEuropean Studies\u201d<br>\n<a href=\"https:\/\/uet.edu.al\/wp-content\/uploads\/2025\/04\/POLITICAL-SCIENCE_BA.pdf\">(click here to view the program)<\/a>\n<br>\n<br>\t\t\t\t\t\t<\/div>\n\t\t\t\t\t\n\t\t\t\t\t\t\t\t<\/div>\n\t\t<\/div>\n\t\t<\/div>\n\t\t<\/div>\n\t\t\t\t\t\t<\/div>\n\t\t\t\t<\/div>\n\t\t\t\t\t<\/div>\n\t\t<\/div>\n\t\t\t\t<div class=\"elementor-column elementor-col-33 elementor-top-column elementor-element elementor-element-47d2761\" data-id=\"47d2761\" data-element_type=\"column\">\n\t\t\t<div class=\"elementor-widget-wrap elementor-element-populated\">\n\t\t\t\t\t\t<div class=\"elementor-element elementor-element-6ffa7e7 elementor-flip-box--direction-left elementor-flip-box--effect-flip elementor-widget elementor-widget-flip-box\" data-id=\"6ffa7e7\" data-element_type=\"widget\" data-widget_type=\"flip-box.default\">\n\t\t\t\t<div class=\"elementor-widget-container\">\n\t\t\t\t\t\t\t<div class=\"elementor-flip-box\" tabindex=\"0\">\n\t\t\t<div class=\"elementor-flip-box__layer elementor-flip-box__front\">\n\t\t\t\t<div class=\"elementor-flip-box__layer__overlay\">\n\t\t\t\t\t<div class=\"elementor-flip-box__layer__inner\">\n\t\t\t\t\t\t\n\t\t\t\t\t\t\t\t\t\t\t\t\t<h3 class=\"elementor-flip-box__layer__title\">\n\t\t\t\t\t\t\t\tFACULTY OF HUMANITIES, EDUCATION AND LIBERAL ARTS\t\t\t\t\t\t\t<\/h3>\n\t\t\t\t\t\t\n\t\t\t\t\t\t\t\t\t\t\t<\/div>\n\t\t\t\t<\/div>\n\t\t\t<\/div>\n\t\t\t<div class=\"elementor-flip-box__layer elementor-flip-box__back\">\n\t\t\t<div class=\"elementor-flip-box__layer__overlay\">\n\t\t\t\t<div class=\"elementor-flip-box__layer__inner\">\n\t\t\t\t\t\t\t\t\t\t\t<h3 class=\"elementor-flip-box__layer__title\">\n\t\t\t\t\t\t\tStudy programs\t\t\t\t\t\t<\/h3>\n\t\t\t\t\t\n\t\t\t\t\t\t\t\t\t\t\t<div class=\"elementor-flip-box__layer__description\">\n\t\t\t\t\t\t\t<b>\"Communication\" with profile:<\/b>\n \"Public relations\" ; \"Journalists\"; \"Graphics - Design\"; \"Marketing\"<br>\n<a href=\"https:\/\/uet.edu.al\/wp-content\/uploads\/2025\/04\/COMMUNICATION_BA.pdf\">(click here to view the program)<\/a>\n<br>\n<br>\n<b>\"Visual Arts\" with profile:<\/b>\n\"Graphics - Design\"; \"Multimedia\"<br>\n<a href=\"https:\/\/uet.edu.al\/wp-content\/uploads\/2025\/04\/VISUAL-ARTS_BA.pdf\">(click here to view the program)<\/a>\n<br>\n<br>\n\n<b>\"Psychology\" with profile: <\/b>\"Mental health\"<br>\n<a href=\"https:\/\/uet.edu.al\/wp-content\/uploads\/2025\/04\/PSYCHOLOGY_BA.pdf\">(click here to view the program)<\/a>\n<br>\n<br>\n\n<b>\"Musical Arts\" with profile:<\/b>\n\"Piano\"; \"Kanto\"; \"Violin and Strings\" <br>\n<a href=\"https:\/\/uet.edu.al\/wp-content\/uploads\/2025\/04\/MUSICAL-ARTS_BA.pdf\">(click here to view the program)<\/a>\n<br>\n<br>\n\n<b>\"Performing Arts\" with profile:<\/b> \n\"Director\"; \"Acting\"; \"Ballet\"<br>\n<a href=\"https:\/\/uet.edu.al\/wp-content\/uploads\/2025\/04\/PERFORMING-ARTS_BA.pdf\">(click here to view the program)<\/a>\n<br>\n<br>\n\n<b>\"Physical Education and Sports\" with profile:<\/b> \"Athletics\"; \"Gymnastics\"; \"Football\"; \"Hand Games\"<br>\n<a href=\"https:\/\/uet.edu.al\/wp-content\/uploads\/2025\/04\/Physical-Education-and-Sports_BA.pdf\">(click here to view the program)<\/a>\n<br>\n\t\t\t\t\t\t<\/div>\n\t\t\t\t\t\n\t\t\t\t\t\t\t\t<\/div>\n\t\t<\/div>\n\t\t<\/div>\n\t\t<\/div>\n\t\t\t\t\t\t<\/div>\n\t\t\t\t<\/div>\n\t\t\t\t\t<\/div>\n\t\t<\/div>\n\t\t\t\t\t<\/div>\n\t\t<\/section>\n\t\t\t\t<section class=\"elementor-section elementor-top-section elementor-element elementor-element-7932133 elementor-section-stretched elementor-section-boxed elementor-section-height-default elementor-section-height-default\" data-id=\"7932133\" data-element_type=\"section\" data-settings=\"{&quot;stretch_section&quot;:&quot;section-stretched&quot;}\">\n\t\t\t\t\t\t<div class=\"elementor-container elementor-column-gap-default\">\n\t\t\t\t\t<div class=\"elementor-column elementor-col-50 elementor-top-column elementor-element elementor-element-76a3259\" data-id=\"76a3259\" data-element_type=\"column\">\n\t\t\t<div class=\"elementor-widget-wrap elementor-element-populated\">\n\t\t\t\t\t\t<div class=\"elementor-element elementor-element-f8580d7 elementor-flip-box--direction-left elementor-flip-box--effect-flip elementor-widget elementor-widget-flip-box\" data-id=\"f8580d7\" data-element_type=\"widget\" data-widget_type=\"flip-box.default\">\n\t\t\t\t<div class=\"elementor-widget-container\">\n\t\t\t\t\t\t\t<div class=\"elementor-flip-box\" tabindex=\"0\">\n\t\t\t<div class=\"elementor-flip-box__layer elementor-flip-box__front\">\n\t\t\t\t<div class=\"elementor-flip-box__layer__overlay\">\n\t\t\t\t\t<div class=\"elementor-flip-box__layer__inner\">\n\t\t\t\t\t\t\n\t\t\t\t\t\t\t\t\t\t\t\t\t<h3 class=\"elementor-flip-box__layer__title\">\n\t\t\t\t\t\t\t\tFACULTY OF ENGINEERING, INFORMATICS AND ARCHITECTURE\t\t\t\t\t\t\t<\/h3>\n\t\t\t\t\t\t\n\t\t\t\t\t\t\t\t\t\t\t<\/div>\n\t\t\t\t<\/div>\n\t\t\t<\/div>\n\t\t\t<div class=\"elementor-flip-box__layer elementor-flip-box__back\">\n\t\t\t<div class=\"elementor-flip-box__layer__overlay\">\n\t\t\t\t<div class=\"elementor-flip-box__layer__inner\">\n\t\t\t\t\t\t\t\t\t\t\t<h3 class=\"elementor-flip-box__layer__title\">\n\t\t\t\t\t\t\tStudy programs\t\t\t\t\t\t<\/h3>\n\t\t\t\t\t\n\t\t\t\t\t\t\t\t\t\t\t<div class=\"elementor-flip-box__layer__description\">\n\t\t\t\t\t\t\t<b>\"Information Technology\" with profile: <\/b>\n\u201cSoftware Development\u201d; \u201cGraphic Design\u201d\n<br>\n<a href=\"https:\/\/uet.edu.al\/wp-content\/uploads\/2025\/04\/INFORMATION-TECHNOLOGY_BA.pdf\">(click here to view the program)<\/a>\n<br>\n<br>\n<b>\"Information Engineering\" with profile:<\/b>\n\"Telecommunication Engineering\"; \"Software Design\" in Albanian language; \"Software Design\" in English<br>\n<a href=\"https:\/\/uet.edu.al\/wp-content\/uploads\/2025\/04\/Informatics-Engineering_ok.pdf\">(click here to view the program)<\/a>\n<br>\n<br>\n\n\n<b>\"Civil Engineering\"<\/b><br>\n<a href=\"https:\/\/uet.edu.al\/wp-content\/uploads\/2025\/04\/CIVIL-ENGINEERING_BA.pdf\">(click here to view the program)<\/a>\n\n<\/b><br><\/b><br><b>\"Mechanical Engineering\" <\/b><br>\n<a href=\"https:\/\/uet.edu.al\/wp-content\/uploads\/2025\/04\/Mechanical-Engineering_BA.pdf\">(click here to view the program)<\/a>\n\t\t\t\t\t\t<\/div>\n\t\t\t\t\t\n\t\t\t\t\t\t\t\t<\/div>\n\t\t<\/div>\n\t\t<\/div>\n\t\t<\/div>\n\t\t\t\t\t\t<\/div>\n\t\t\t\t<\/div>\n\t\t\t\t\t<\/div>\n\t\t<\/div>\n\t\t\t\t<div class=\"elementor-column elementor-col-50 elementor-top-column elementor-element elementor-element-f89104e\" data-id=\"f89104e\" data-element_type=\"column\">\n\t\t\t<div class=\"elementor-widget-wrap elementor-element-populated\">\n\t\t\t\t\t\t<div class=\"elementor-element elementor-element-6d18e6d elementor-flip-box--direction-left elementor-flip-box--effect-flip elementor-widget elementor-widget-flip-box\" data-id=\"6d18e6d\" data-element_type=\"widget\" data-widget_type=\"flip-box.default\">\n\t\t\t\t<div class=\"elementor-widget-container\">\n\t\t\t\t\t\t\t<div class=\"elementor-flip-box\" tabindex=\"0\">\n\t\t\t<div class=\"elementor-flip-box__layer elementor-flip-box__front\">\n\t\t\t\t<div class=\"elementor-flip-box__layer__overlay\">\n\t\t\t\t\t<div class=\"elementor-flip-box__layer__inner\">\n\t\t\t\t\t\t\n\t\t\t\t\t\t\t\t\t\t\t\t\t<h3 class=\"elementor-flip-box__layer__title\">\n\t\t\t\t\t\t\t\tFACULTY OF TECHNICAL MEDICAL SCIENCES\t\t\t\t\t\t\t<\/h3>\n\t\t\t\t\t\t\n\t\t\t\t\t\t\t\t\t\t\t<\/div>\n\t\t\t\t<\/div>\n\t\t\t<\/div>\n\t\t\t<div class=\"elementor-flip-box__layer elementor-flip-box__back\">\n\t\t\t<div class=\"elementor-flip-box__layer__overlay\">\n\t\t\t\t<div class=\"elementor-flip-box__layer__inner\">\n\t\t\t\t\t\t\t\t\t\t\t<h3 class=\"elementor-flip-box__layer__title\">\n\t\t\t\t\t\t\tStudy programs\t\t\t\t\t\t<\/h3>\n\t\t\t\t\t\n\t\t\t\t\t\t\t\t\t\t\t<div class=\"elementor-flip-box__layer__description\">\n\t\t\t\t\t\t\t<b>\"Nursing\"<br>\n<a href=\"https:\/\/uet.edu.al\/wp-content\/uploads\/2025\/04\/NURSING_BA.pdf\">(click here to view the program)<\/a>\n<br>\n<br>\n\"Physiotherapy\"<br>\n<a href=\"https:\/\/uet.edu.al\/wp-content\/uploads\/2025\/04\/PHYSIOTHERAPY_BA.pdf\">(click here to view the program)<\/a>\n<br>\n<br>\n\n\"Medical Imaging Technology\"<br>\n<a href=\"https:\/\/uet.edu.al\/wp-content\/uploads\/2025\/04\/MEDICAL-IMAGING-TECHNOLOGY_BA.pdf\">(click here to view the program)<\/a>\n\n<br>\n<br>\t\t\t\t\t\t<\/div>\n\t\t\t\t\t\n\t\t\t\t\t\t\t\t<\/div>\n\t\t<\/div>\n\t\t<\/div>\n\t\t<\/div>\n\t\t\t\t\t\t<\/div>\n\t\t\t\t<\/div>\n\t\t\t\t\t<\/div>\n\t\t<\/div>\n\t\t\t\t\t<\/div>\n\t\t<\/section>\n\t\t\t\t<\/div>","protected":false},"excerpt":{"rendered":"<p>Universiteti Europian i Tiran\u00ebs (UET) ju ofron mund\u00ebsin\u00eb t\u00eb studioni me personel akademik shqiptar t\u00eb p\u00ebrzgjedhur me kujdes, si dhe me profesor\u00eb t\u00eb ftuar nga universitetet m\u00eb t\u00eb njohura t\u00eb Evrop\u00ebs dhe m\u00eb gjer\u00eb, me t\u00eb cil\u00ebt UET ka marr\u00ebveshje &hellip; <\/p>","protected":false},"author":1,"featured_media":0,"parent":0,"menu_order":0,"comment_status":"closed","ping_status":"closed","template":"","meta":{"footnotes":""},"class_list":["post-9364","page","type-page","status-publish","hentry"],"yoast_head":"<!-- This site is optimized with the Yoast SEO plugin v26.9 - https:\/\/yoast.com\/product\/yoast-seo-wordpress\/ -->\n<title>Bachelor - UET<\/title>\n<meta name=\"robots\" content=\"index, follow, max-snippet:-1, max-image-preview:large, max-video-preview:-1\" \/>\n<link rel=\"canonical\" href=\"https:\/\/uet.edu.al\/en\/bachelor\/\" \/>\n<meta property=\"og:locale\" content=\"en_US\" \/>\n<meta property=\"og:type\" content=\"article\" \/>\n<meta property=\"og:title\" content=\"Bachelor - UET\" \/>\n<meta property=\"og:description\" content=\"Universiteti Europian i Tiran\u00ebs (UET) ju ofron mund\u00ebsin\u00eb t\u00eb studioni me personel akademik shqiptar t\u00eb p\u00ebrzgjedhur me kujdes, si dhe me profesor\u00eb t\u00eb ftuar nga universitetet m\u00eb t\u00eb njohura t\u00eb Evrop\u00ebs dhe m\u00eb gjer\u00eb, me t\u00eb cil\u00ebt UET ka marr\u00ebveshje &hellip;\" \/>\n<meta property=\"og:url\" content=\"https:\/\/uet.edu.al\/en\/bachelor\/\" \/>\n<meta property=\"og:site_name\" content=\"UET\" \/>\n<meta property=\"article:publisher\" content=\"https:\/\/www.facebook.com\/UniversitetiEuropianiTiranes\/\" \/>\n<meta property=\"article:modified_time\" content=\"2025-05-29T13:31:52+00:00\" \/>\n<meta property=\"og:image\" content=\"https:\/\/uet.edu.al\/wp-content\/uploads\/2022\/12\/Logo-pa-adrese.png\" \/>\n\t<meta property=\"og:image:width\" content=\"1418\" \/>\n\t<meta property=\"og:image:height\" content=\"696\" \/>\n\t<meta property=\"og:image:type\" content=\"image\/png\" \/>\n<meta name=\"twitter:card\" content=\"summary_large_image\" \/>\n<meta name=\"twitter:label1\" content=\"Est. reading time\" \/>\n\t<meta name=\"twitter:data1\" content=\"3 minutes\" \/>\n<script type=\"application\/ld+json\" class=\"yoast-schema-graph\">{\"@context\":\"https:\/\/schema.org\",\"@graph\":[{\"@type\":\"WebPage\",\"@id\":\"https:\/\/uet.edu.al\/bachelor\/\",\"url\":\"https:\/\/uet.edu.al\/bachelor\/\",\"name\":\"Bachelor - UET\",\"isPartOf\":{\"@id\":\"https:\/\/uet.edu.al\/en\/#website\"},\"datePublished\":\"2021-09-27T13:44:49+00:00\",\"dateModified\":\"2025-05-29T13:31:52+00:00\",\"breadcrumb\":{\"@id\":\"https:\/\/uet.edu.al\/bachelor\/#breadcrumb\"},\"inLanguage\":\"en-US\",\"potentialAction\":[{\"@type\":\"ReadAction\",\"target\":[\"https:\/\/uet.edu.al\/bachelor\/\"]}]},{\"@type\":\"BreadcrumbList\",\"@id\":\"https:\/\/uet.edu.al\/bachelor\/#breadcrumb\",\"itemListElement\":[{\"@type\":\"ListItem\",\"position\":1,\"name\":\"Home\",\"item\":\"https:\/\/uet.edu.al\/\"},{\"@type\":\"ListItem\",\"position\":2,\"name\":\"Bachelor\"}]},{\"@type\":\"WebSite\",\"@id\":\"https:\/\/uet.edu.al\/en\/#website\",\"url\":\"https:\/\/uet.edu.al\/en\/\",\"name\":\"UET\",\"description\":\"Universiteti Europian i Tiran\u00ebs\",\"publisher\":{\"@id\":\"https:\/\/uet.edu.al\/en\/#organization\"},\"potentialAction\":[{\"@type\":\"SearchAction\",\"target\":{\"@type\":\"EntryPoint\",\"urlTemplate\":\"https:\/\/uet.edu.al\/en\/?s={search_term_string}\"},\"query-input\":{\"@type\":\"PropertyValueSpecification\",\"valueRequired\":true,\"valueName\":\"search_term_string\"}}],\"inLanguage\":\"en-US\"},{\"@type\":\"Organization\",\"@id\":\"https:\/\/uet.edu.al\/en\/#organization\",\"name\":\"Universiteti Europian i Tiranes\",\"url\":\"https:\/\/uet.edu.al\/en\/\",\"logo\":{\"@type\":\"ImageObject\",\"inLanguage\":\"en-US\",\"@id\":\"https:\/\/uet.edu.al\/en\/#\/schema\/logo\/image\/\",\"url\":\"https:\/\/uet.edu.al\/wp-content\/uploads\/2022\/12\/Logo-pa-adrese.png\",\"contentUrl\":\"https:\/\/uet.edu.al\/wp-content\/uploads\/2022\/12\/Logo-pa-adrese.png\",\"width\":1418,\"height\":696,\"caption\":\"Universiteti Europian i Tiranes\"},\"image\":{\"@id\":\"https:\/\/uet.edu.al\/en\/#\/schema\/logo\/image\/\"},\"sameAs\":[\"https:\/\/www.facebook.com\/UniversitetiEuropianiTiranes\/\"]}]}<\/script>\n<!-- \/ Yoast SEO plugin. -->","yoast_head_json":{"title":"Bachelor - UET","robots":{"index":"index","follow":"follow","max-snippet":"max-snippet:-1","max-image-preview":"max-image-preview:large","max-video-preview":"max-video-preview:-1"},"canonical":"https:\/\/uet.edu.al\/en\/bachelor\/","og_locale":"en_US","og_type":"article","og_title":"Bachelor - UET","og_description":"Universiteti Europian i Tiran\u00ebs (UET) ju ofron mund\u00ebsin\u00eb t\u00eb studioni me personel akademik shqiptar t\u00eb p\u00ebrzgjedhur me kujdes, si dhe me profesor\u00eb t\u00eb ftuar nga universitetet m\u00eb t\u00eb njohura t\u00eb Evrop\u00ebs dhe m\u00eb gjer\u00eb, me t\u00eb cil\u00ebt UET ka marr\u00ebveshje &hellip;","og_url":"https:\/\/uet.edu.al\/en\/bachelor\/","og_site_name":"UET","article_publisher":"https:\/\/www.facebook.com\/UniversitetiEuropianiTiranes\/","article_modified_time":"2025-05-29T13:31:52+00:00","og_image":[{"width":1418,"height":696,"url":"https:\/\/uet.edu.al\/wp-content\/uploads\/2022\/12\/Logo-pa-adrese.png","type":"image\/png"}],"twitter_card":"summary_large_image","twitter_misc":{"Est. reading time":"3 minutes"},"schema":{"@context":"https:\/\/schema.org","@graph":[{"@type":"WebPage","@id":"https:\/\/uet.edu.al\/bachelor\/","url":"https:\/\/uet.edu.al\/bachelor\/","name":"Bachelor - UET","isPartOf":{"@id":"https:\/\/uet.edu.al\/en\/#website"},"datePublished":"2021-09-27T13:44:49+00:00","dateModified":"2025-05-29T13:31:52+00:00","breadcrumb":{"@id":"https:\/\/uet.edu.al\/bachelor\/#breadcrumb"},"inLanguage":"en-US","potentialAction":[{"@type":"ReadAction","target":["https:\/\/uet.edu.al\/bachelor\/"]}]},{"@type":"BreadcrumbList","@id":"https:\/\/uet.edu.al\/bachelor\/#breadcrumb","itemListElement":[{"@type":"ListItem","position":1,"name":"Home","item":"https:\/\/uet.edu.al\/"},{"@type":"ListItem","position":2,"name":"Bachelor"}]},{"@type":"WebSite","@id":"https:\/\/uet.edu.al\/en\/#website","url":"https:\/\/uet.edu.al\/en\/","name":"UET","description":"Universiteti Europian i Tiran\u00ebs","publisher":{"@id":"https:\/\/uet.edu.al\/en\/#organization"},"potentialAction":[{"@type":"SearchAction","target":{"@type":"EntryPoint","urlTemplate":"https:\/\/uet.edu.al\/en\/?s={search_term_string}"},"query-input":{"@type":"PropertyValueSpecification","valueRequired":true,"valueName":"search_term_string"}}],"inLanguage":"en-US"},{"@type":"Organization","@id":"https:\/\/uet.edu.al\/en\/#organization","name":"Universiteti Europian i Tiranes","url":"https:\/\/uet.edu.al\/en\/","logo":{"@type":"ImageObject","inLanguage":"en-US","@id":"https:\/\/uet.edu.al\/en\/#\/schema\/logo\/image\/","url":"https:\/\/uet.edu.al\/wp-content\/uploads\/2022\/12\/Logo-pa-adrese.png","contentUrl":"https:\/\/uet.edu.al\/wp-content\/uploads\/2022\/12\/Logo-pa-adrese.png","width":1418,"height":696,"caption":"Universiteti Europian i Tiranes"},"image":{"@id":"https:\/\/uet.edu.al\/en\/#\/schema\/logo\/image\/"},"sameAs":["https:\/\/www.facebook.com\/UniversitetiEuropianiTiranes\/"]}]}},"_links":{"self":[{"href":"https:\/\/uet.edu.al\/en\/wp-json\/wp\/v2\/pages\/9364","targetHints":{"allow":["GET"]}}],"collection":[{"href":"https:\/\/uet.edu.al\/en\/wp-json\/wp\/v2\/pages"}],"about":[{"href":"https:\/\/uet.edu.al\/en\/wp-json\/wp\/v2\/types\/page"}],"author":[{"embeddable":true,"href":"https:\/\/uet.edu.al\/en\/wp-json\/wp\/v2\/users\/1"}],"replies":[{"embeddable":true,"href":"https:\/\/uet.edu.al\/en\/wp-json\/wp\/v2\/comments?post=9364"}],"version-history":[{"count":223,"href":"https:\/\/uet.edu.al\/en\/wp-json\/wp\/v2\/pages\/9364\/revisions"}],"predecessor-version":[{"id":20021,"href":"https:\/\/uet.edu.al\/en\/wp-json\/wp\/v2\/pages\/9364\/revisions\/20021"}],"wp:attachment":[{"href":"https:\/\/uet.edu.al\/en\/wp-json\/wp\/v2\/media?parent=9364"}],"curies":[{"name":"wp","href":"https:\/\/api.w.org\/{rel}","templated":true}]}}