{"id":16756,"date":"2024-08-05T18:56:34","date_gmt":"2024-08-05T16:56:34","guid":{"rendered":"https:\/\/uet.edu.al\/?page_id=16756"},"modified":"2024-08-05T18:57:28","modified_gmt":"2024-08-05T16:57:28","slug":"robert-rakipllari","status":"publish","type":"page","link":"https:\/\/uet.edu.al\/en\/robert-rakipllari\/","title":{"rendered":"Robert Rakipllari"},"content":{"rendered":"<div data-elementor-type=\"wp-page\" data-elementor-id=\"16756\" class=\"elementor elementor-16756\" data-elementor-post-type=\"page\">\n\t\t\t\t\t\t<section class=\"elementor-section elementor-top-section elementor-element elementor-element-c604b92 elementor-section-boxed elementor-section-height-default elementor-section-height-default\" data-id=\"c604b92\" data-element_type=\"section\">\n\t\t\t\t\t\t<div class=\"elementor-container elementor-column-gap-default\">\n\t\t\t\t\t<div class=\"elementor-column elementor-col-100 elementor-top-column elementor-element elementor-element-76d8ca2\" data-id=\"76d8ca2\" data-element_type=\"column\">\n\t\t\t<div class=\"elementor-widget-wrap elementor-element-populated\">\n\t\t\t\t\t\t<div class=\"elementor-element elementor-element-e489746 elementor-widget-divider--view-line elementor-widget elementor-widget-divider\" data-id=\"e489746\" data-element_type=\"widget\" data-widget_type=\"divider.default\">\n\t\t\t\t<div class=\"elementor-widget-container\">\n\t\t\t\t\t\t\t<div class=\"elementor-divider\">\n\t\t\t<span class=\"elementor-divider-separator\">\n\t\t\t\t\t\t<\/span>\n\t\t<\/div>\n\t\t\t\t\t\t<\/div>\n\t\t\t\t<\/div>\n\t\t\t\t\t<\/div>\n\t\t<\/div>\n\t\t\t\t\t<\/div>\n\t\t<\/section>\n\t\t\t\t<section class=\"elementor-section elementor-top-section elementor-element elementor-element-7a0b9f9a elementor-section-boxed elementor-section-height-default elementor-section-height-default\" data-id=\"7a0b9f9a\" data-element_type=\"section\">\n\t\t\t\t\t\t<div class=\"elementor-container elementor-column-gap-default\">\n\t\t\t\t\t<div class=\"elementor-column elementor-col-100 elementor-top-column elementor-element elementor-element-43726a49\" data-id=\"43726a49\" data-element_type=\"column\">\n\t\t\t<div class=\"elementor-widget-wrap elementor-element-populated\">\n\t\t\t\t\t\t<div class=\"elementor-element elementor-element-2baf6ab8 elementor-widget elementor-widget-text-editor\" data-id=\"2baf6ab8\" data-element_type=\"widget\" data-widget_type=\"text-editor.default\">\n\t\t\t\t<div class=\"elementor-widget-container\">\n\t\t\t\t\t\t\t\t\t<p><img fetchpriority=\"high\" decoding=\"async\" class=\"size-full wp-image-16701 alignleft\" src=\"https:\/\/uet.edu.al\/wp-content\/uploads\/2024\/08\/Robert.jpg\" alt=\"\" width=\"200\" height=\"284\" srcset=\"https:\/\/uet.edu.al\/wp-content\/uploads\/2024\/08\/Robert.jpg 200w, https:\/\/uet.edu.al\/wp-content\/uploads\/2024\/08\/Robert-8x12.jpg 8w\" sizes=\"(max-width: 200px) 100vw, 200px\" \/>Robert Rakipllari \u00ebsht\u00eb nj\u00eb gazetar dhe analist i njohur n\u00eb Shqip\u00ebri, me nj\u00eb karrier\u00eb t\u00eb gjat\u00eb dhe t\u00eb pasur n\u00eb median e shkruar, tekevizive dhe at\u00eb elektronike.<br \/>Ai \u00ebsht\u00eb i njohur p\u00ebr komentet dhe analizat e tij mbi \u00e7\u00ebshtjet politike dhe shoq\u00ebrore, duke ofruar nj\u00eb perspektiv\u00eb t\u00eb thelluar dhe t\u00eb informuar p\u00ebr audienc\u00ebn shqiptare. Rakipllari ka nj\u00eb stil t\u00eb ve\u00e7ant\u00eb t\u00eb raportimit dhe analiz\u00ebs, i cili kombinohet me nj\u00eb qasje objektive dhe t\u00eb paanshme, duke e b\u00ebr\u00eb at\u00eb nj\u00eb figur\u00eb t\u00eb respektuar n\u00eb fush\u00ebn e gazetaris\u00eb.<br \/>P\u00ebrve\u00e7 pun\u00ebs s\u00eb tij si gazetar dhe analist, Robert Rakipllari ka qen\u00eb i p\u00ebrfshir\u00eb edhe n\u00eb m\u00ebsimdh\u00ebnie dhe trajnim, duke ndihmuar n\u00eb formimin e gazetar\u00ebve t\u00eb rinj dhe profesionist\u00ebve t\u00eb komunikimit. Ai ka mbajtur pozita t\u00eb r\u00ebnd\u00ebsishme n\u00eb disa media t\u00eb njohura shqiptare, duke p\u00ebrfshir\u00eb drejtimin e redaksive dhe menaxhimin e programeve t\u00eb ndryshme mediatike. Gjithashtu, ai ka kontribuar n\u00eb debate publike dhe forume akademike, duke ndihmuar n\u00eb nd\u00ebrtimin e nj\u00eb diskursi t\u00eb informuar dhe t\u00eb q\u00ebndruesh\u00ebm n\u00eb Shqip\u00ebri.<br \/>Robert Rakipllari \u00ebsht\u00eb i njohur p\u00ebr angazhimin e tij n\u00eb mbrojtjen e liris\u00eb s\u00eb shtypit dhe t\u00eb drejtave t\u00eb njeriut, duke promovuar transparenc\u00ebn dhe etik\u00ebn n\u00eb gazetari. Me p\u00ebrvoj\u00ebn e tij t\u00eb gjer\u00eb dhe njohurit\u00eb e thella mbi politikat dhe proceset shoq\u00ebrore, ai luan nj\u00eb rol t\u00eb r\u00ebnd\u00ebsish\u00ebm n\u00eb informimin dhe edukimin e publikut shqiptar. Kontributi i tij n\u00eb media dhe shoq\u00ebri e b\u00ebn at\u00eb nj\u00eb nga z\u00ebrat m\u00eb t\u00eb r\u00ebnd\u00ebsish\u00ebm dhe t\u00eb respektuar n\u00eb sken\u00ebn mediatike shqiptare.<\/p>\t\t\t\t\t\t\t\t<\/div>\n\t\t\t\t<\/div>\n\t\t\t\t\t<\/div>\n\t\t<\/div>\n\t\t\t\t\t<\/div>\n\t\t<\/section>\n\t\t\t\t<\/div>","protected":false},"excerpt":{"rendered":"<p>Robert Rakipllari \u00ebsht\u00eb nj\u00eb gazetar dhe analist i njohur n\u00eb Shqip\u00ebri, me nj\u00eb karrier\u00eb t\u00eb gjat\u00eb dhe t\u00eb pasur n\u00eb median e shkruar, tekevizive dhe at\u00eb elektronike.Ai \u00ebsht\u00eb i njohur p\u00ebr komentet dhe analizat e tij mbi \u00e7\u00ebshtjet politike dhe &hellip; <\/p>","protected":false},"author":7,"featured_media":0,"parent":0,"menu_order":0,"comment_status":"closed","ping_status":"closed","template":"","meta":{"footnotes":""},"class_list":["post-16756","page","type-page","status-publish","hentry"],"yoast_head":"<!-- This site is optimized with the Yoast SEO plugin v26.9 - https:\/\/yoast.com\/product\/yoast-seo-wordpress\/ -->\n<title>Robert Rakipllari - UET<\/title>\n<meta name=\"robots\" content=\"index, follow, max-snippet:-1, max-image-preview:large, max-video-preview:-1\" \/>\n<link rel=\"canonical\" href=\"https:\/\/uet.edu.al\/en\/robert-rakipllari\/\" \/>\n<meta property=\"og:locale\" content=\"en_US\" \/>\n<meta property=\"og:type\" content=\"article\" \/>\n<meta property=\"og:title\" content=\"Robert Rakipllari - UET\" \/>\n<meta property=\"og:description\" content=\"Robert Rakipllari \u00ebsht\u00eb nj\u00eb gazetar dhe analist i njohur n\u00eb Shqip\u00ebri, me nj\u00eb karrier\u00eb t\u00eb gjat\u00eb dhe t\u00eb pasur n\u00eb median e shkruar, tekevizive dhe at\u00eb elektronike.Ai \u00ebsht\u00eb i njohur p\u00ebr komentet dhe analizat e tij mbi \u00e7\u00ebshtjet politike dhe &hellip;\" \/>\n<meta property=\"og:url\" content=\"https:\/\/uet.edu.al\/en\/robert-rakipllari\/\" \/>\n<meta property=\"og:site_name\" content=\"UET\" \/>\n<meta property=\"article:publisher\" content=\"https:\/\/www.facebook.com\/UniversitetiEuropianiTiranes\/\" \/>\n<meta property=\"article:modified_time\" content=\"2024-08-05T16:57:28+00:00\" \/>\n<meta property=\"og:image\" content=\"https:\/\/uet.edu.al\/wp-content\/uploads\/2024\/08\/Robert.jpg\" \/>\n<meta name=\"twitter:card\" content=\"summary_large_image\" \/>\n<meta name=\"twitter:label1\" content=\"Est. reading time\" \/>\n\t<meta name=\"twitter:data1\" content=\"1 minute\" \/>\n<script type=\"application\/ld+json\" class=\"yoast-schema-graph\">{\"@context\":\"https:\/\/schema.org\",\"@graph\":[{\"@type\":\"WebPage\",\"@id\":\"https:\/\/uet.edu.al\/robert-rakipllari\/\",\"url\":\"https:\/\/uet.edu.al\/robert-rakipllari\/\",\"name\":\"Robert Rakipllari - UET\",\"isPartOf\":{\"@id\":\"https:\/\/uet.edu.al\/en\/#website\"},\"primaryImageOfPage\":{\"@id\":\"https:\/\/uet.edu.al\/robert-rakipllari\/#primaryimage\"},\"image\":{\"@id\":\"https:\/\/uet.edu.al\/robert-rakipllari\/#primaryimage\"},\"thumbnailUrl\":\"https:\/\/uet.edu.al\/wp-content\/uploads\/2024\/08\/Robert.jpg\",\"datePublished\":\"2024-08-05T16:56:34+00:00\",\"dateModified\":\"2024-08-05T16:57:28+00:00\",\"breadcrumb\":{\"@id\":\"https:\/\/uet.edu.al\/robert-rakipllari\/#breadcrumb\"},\"inLanguage\":\"en-US\",\"potentialAction\":[{\"@type\":\"ReadAction\",\"target\":[\"https:\/\/uet.edu.al\/robert-rakipllari\/\"]}]},{\"@type\":\"ImageObject\",\"inLanguage\":\"en-US\",\"@id\":\"https:\/\/uet.edu.al\/robert-rakipllari\/#primaryimage\",\"url\":\"https:\/\/uet.edu.al\/wp-content\/uploads\/2024\/08\/Robert.jpg\",\"contentUrl\":\"https:\/\/uet.edu.al\/wp-content\/uploads\/2024\/08\/Robert.jpg\"},{\"@type\":\"BreadcrumbList\",\"@id\":\"https:\/\/uet.edu.al\/robert-rakipllari\/#breadcrumb\",\"itemListElement\":[{\"@type\":\"ListItem\",\"position\":1,\"name\":\"Home\",\"item\":\"https:\/\/uet.edu.al\/\"},{\"@type\":\"ListItem\",\"position\":2,\"name\":\"Robert Rakipllari\"}]},{\"@type\":\"WebSite\",\"@id\":\"https:\/\/uet.edu.al\/en\/#website\",\"url\":\"https:\/\/uet.edu.al\/en\/\",\"name\":\"UET\",\"description\":\"Universiteti Europian i Tiran\u00ebs\",\"publisher\":{\"@id\":\"https:\/\/uet.edu.al\/en\/#organization\"},\"potentialAction\":[{\"@type\":\"SearchAction\",\"target\":{\"@type\":\"EntryPoint\",\"urlTemplate\":\"https:\/\/uet.edu.al\/en\/?s={search_term_string}\"},\"query-input\":{\"@type\":\"PropertyValueSpecification\",\"valueRequired\":true,\"valueName\":\"search_term_string\"}}],\"inLanguage\":\"en-US\"},{\"@type\":\"Organization\",\"@id\":\"https:\/\/uet.edu.al\/en\/#organization\",\"name\":\"Universiteti Europian i Tiranes\",\"url\":\"https:\/\/uet.edu.al\/en\/\",\"logo\":{\"@type\":\"ImageObject\",\"inLanguage\":\"en-US\",\"@id\":\"https:\/\/uet.edu.al\/en\/#\/schema\/logo\/image\/\",\"url\":\"https:\/\/uet.edu.al\/wp-content\/uploads\/2022\/12\/Logo-pa-adrese.png\",\"contentUrl\":\"https:\/\/uet.edu.al\/wp-content\/uploads\/2022\/12\/Logo-pa-adrese.png\",\"width\":1418,\"height\":696,\"caption\":\"Universiteti Europian i Tiranes\"},\"image\":{\"@id\":\"https:\/\/uet.edu.al\/en\/#\/schema\/logo\/image\/\"},\"sameAs\":[\"https:\/\/www.facebook.com\/UniversitetiEuropianiTiranes\/\"]}]}<\/script>\n<!-- \/ Yoast SEO plugin. -->","yoast_head_json":{"title":"Robert Rakipllari - UET","robots":{"index":"index","follow":"follow","max-snippet":"max-snippet:-1","max-image-preview":"max-image-preview:large","max-video-preview":"max-video-preview:-1"},"canonical":"https:\/\/uet.edu.al\/en\/robert-rakipllari\/","og_locale":"en_US","og_type":"article","og_title":"Robert Rakipllari - UET","og_description":"Robert Rakipllari \u00ebsht\u00eb nj\u00eb gazetar dhe analist i njohur n\u00eb Shqip\u00ebri, me nj\u00eb karrier\u00eb t\u00eb gjat\u00eb dhe t\u00eb pasur n\u00eb median e shkruar, tekevizive dhe at\u00eb elektronike.Ai \u00ebsht\u00eb i njohur p\u00ebr komentet dhe analizat e tij mbi \u00e7\u00ebshtjet politike dhe &hellip;","og_url":"https:\/\/uet.edu.al\/en\/robert-rakipllari\/","og_site_name":"UET","article_publisher":"https:\/\/www.facebook.com\/UniversitetiEuropianiTiranes\/","article_modified_time":"2024-08-05T16:57:28+00:00","og_image":[{"url":"https:\/\/uet.edu.al\/wp-content\/uploads\/2024\/08\/Robert.jpg","type":"","width":"","height":""}],"twitter_card":"summary_large_image","twitter_misc":{"Est. reading time":"1 minute"},"schema":{"@context":"https:\/\/schema.org","@graph":[{"@type":"WebPage","@id":"https:\/\/uet.edu.al\/robert-rakipllari\/","url":"https:\/\/uet.edu.al\/robert-rakipllari\/","name":"Robert Rakipllari - UET","isPartOf":{"@id":"https:\/\/uet.edu.al\/en\/#website"},"primaryImageOfPage":{"@id":"https:\/\/uet.edu.al\/robert-rakipllari\/#primaryimage"},"image":{"@id":"https:\/\/uet.edu.al\/robert-rakipllari\/#primaryimage"},"thumbnailUrl":"https:\/\/uet.edu.al\/wp-content\/uploads\/2024\/08\/Robert.jpg","datePublished":"2024-08-05T16:56:34+00:00","dateModified":"2024-08-05T16:57:28+00:00","breadcrumb":{"@id":"https:\/\/uet.edu.al\/robert-rakipllari\/#breadcrumb"},"inLanguage":"en-US","potentialAction":[{"@type":"ReadAction","target":["https:\/\/uet.edu.al\/robert-rakipllari\/"]}]},{"@type":"ImageObject","inLanguage":"en-US","@id":"https:\/\/uet.edu.al\/robert-rakipllari\/#primaryimage","url":"https:\/\/uet.edu.al\/wp-content\/uploads\/2024\/08\/Robert.jpg","contentUrl":"https:\/\/uet.edu.al\/wp-content\/uploads\/2024\/08\/Robert.jpg"},{"@type":"BreadcrumbList","@id":"https:\/\/uet.edu.al\/robert-rakipllari\/#breadcrumb","itemListElement":[{"@type":"ListItem","position":1,"name":"Home","item":"https:\/\/uet.edu.al\/"},{"@type":"ListItem","position":2,"name":"Robert Rakipllari"}]},{"@type":"WebSite","@id":"https:\/\/uet.edu.al\/en\/#website","url":"https:\/\/uet.edu.al\/en\/","name":"UET","description":"Universiteti Europian i Tiran\u00ebs","publisher":{"@id":"https:\/\/uet.edu.al\/en\/#organization"},"potentialAction":[{"@type":"SearchAction","target":{"@type":"EntryPoint","urlTemplate":"https:\/\/uet.edu.al\/en\/?s={search_term_string}"},"query-input":{"@type":"PropertyValueSpecification","valueRequired":true,"valueName":"search_term_string"}}],"inLanguage":"en-US"},{"@type":"Organization","@id":"https:\/\/uet.edu.al\/en\/#organization","name":"Universiteti Europian i Tiranes","url":"https:\/\/uet.edu.al\/en\/","logo":{"@type":"ImageObject","inLanguage":"en-US","@id":"https:\/\/uet.edu.al\/en\/#\/schema\/logo\/image\/","url":"https:\/\/uet.edu.al\/wp-content\/uploads\/2022\/12\/Logo-pa-adrese.png","contentUrl":"https:\/\/uet.edu.al\/wp-content\/uploads\/2022\/12\/Logo-pa-adrese.png","width":1418,"height":696,"caption":"Universiteti Europian i Tiranes"},"image":{"@id":"https:\/\/uet.edu.al\/en\/#\/schema\/logo\/image\/"},"sameAs":["https:\/\/www.facebook.com\/UniversitetiEuropianiTiranes\/"]}]}},"_links":{"self":[{"href":"https:\/\/uet.edu.al\/en\/wp-json\/wp\/v2\/pages\/16756","targetHints":{"allow":["GET"]}}],"collection":[{"href":"https:\/\/uet.edu.al\/en\/wp-json\/wp\/v2\/pages"}],"about":[{"href":"https:\/\/uet.edu.al\/en\/wp-json\/wp\/v2\/types\/page"}],"author":[{"embeddable":true,"href":"https:\/\/uet.edu.al\/en\/wp-json\/wp\/v2\/users\/7"}],"replies":[{"embeddable":true,"href":"https:\/\/uet.edu.al\/en\/wp-json\/wp\/v2\/comments?post=16756"}],"version-history":[{"count":7,"href":"https:\/\/uet.edu.al\/en\/wp-json\/wp\/v2\/pages\/16756\/revisions"}],"predecessor-version":[{"id":16763,"href":"https:\/\/uet.edu.al\/en\/wp-json\/wp\/v2\/pages\/16756\/revisions\/16763"}],"wp:attachment":[{"href":"https:\/\/uet.edu.al\/en\/wp-json\/wp\/v2\/media?parent=16756"}],"curies":[{"name":"wp","href":"https:\/\/api.w.org\/{rel}","templated":true}]}}