{"id":16740,"date":"2024-08-05T18:53:44","date_gmt":"2024-08-05T16:53:44","guid":{"rendered":"https:\/\/uet.edu.al\/?page_id=16740"},"modified":"2024-08-05T18:55:05","modified_gmt":"2024-08-05T16:55:05","slug":"dr-henri-cili","status":"publish","type":"page","link":"https:\/\/uet.edu.al\/en\/dr-henri-cili\/","title":{"rendered":"Dr. Henri Cili"},"content":{"rendered":"<div data-elementor-type=\"wp-page\" data-elementor-id=\"16740\" class=\"elementor elementor-16740\" data-elementor-post-type=\"page\">\n\t\t\t\t\t\t<section class=\"elementor-section elementor-top-section elementor-element elementor-element-373621c elementor-section-boxed elementor-section-height-default elementor-section-height-default\" data-id=\"373621c\" data-element_type=\"section\">\n\t\t\t\t\t\t<div class=\"elementor-container elementor-column-gap-default\">\n\t\t\t\t\t<div class=\"elementor-column elementor-col-100 elementor-top-column elementor-element elementor-element-763c08f\" data-id=\"763c08f\" data-element_type=\"column\">\n\t\t\t<div class=\"elementor-widget-wrap elementor-element-populated\">\n\t\t\t\t\t\t<div class=\"elementor-element elementor-element-2a8d352 elementor-widget-divider--view-line elementor-widget elementor-widget-divider\" data-id=\"2a8d352\" data-element_type=\"widget\" data-widget_type=\"divider.default\">\n\t\t\t\t<div class=\"elementor-widget-container\">\n\t\t\t\t\t\t\t<div class=\"elementor-divider\">\n\t\t\t<span class=\"elementor-divider-separator\">\n\t\t\t\t\t\t<\/span>\n\t\t<\/div>\n\t\t\t\t\t\t<\/div>\n\t\t\t\t<\/div>\n\t\t\t\t\t<\/div>\n\t\t<\/div>\n\t\t\t\t\t<\/div>\n\t\t<\/section>\n\t\t\t\t<section class=\"elementor-section elementor-top-section elementor-element elementor-element-16a14e2d elementor-section-boxed elementor-section-height-default elementor-section-height-default\" data-id=\"16a14e2d\" data-element_type=\"section\">\n\t\t\t\t\t\t<div class=\"elementor-container elementor-column-gap-default\">\n\t\t\t\t\t<div class=\"elementor-column elementor-col-100 elementor-top-column elementor-element elementor-element-1e588754\" data-id=\"1e588754\" data-element_type=\"column\">\n\t\t\t<div class=\"elementor-widget-wrap elementor-element-populated\">\n\t\t\t\t\t\t<div class=\"elementor-element elementor-element-392755e elementor-widget elementor-widget-text-editor\" data-id=\"392755e\" data-element_type=\"widget\" data-widget_type=\"text-editor.default\">\n\t\t\t\t<div class=\"elementor-widget-container\">\n\t\t\t\t\t\t\t\t\t<p><img fetchpriority=\"high\" decoding=\"async\" class=\"size-full wp-image-16743 alignleft\" src=\"https:\/\/uet.edu.al\/wp-content\/uploads\/2024\/08\/henri-1.jpg\" alt=\"\" width=\"200\" height=\"284\" srcset=\"https:\/\/uet.edu.al\/wp-content\/uploads\/2024\/08\/henri-1.jpg 200w, https:\/\/uet.edu.al\/wp-content\/uploads\/2024\/08\/henri-1-8x12.jpg 8w\" sizes=\"(max-width: 200px) 100vw, 200px\" \/>Henri \u00c7ili \u00ebsht\u00eb nj\u00eb figur\u00eb e njohur n\u00eb sfer\u00ebn akademike dhe publike n\u00eb Shqip\u00ebri, me nj\u00eb karrier\u00eb t\u00eb mir\u00ebnjohur si themelues dhe drejtues i Universitetit Europian t\u00eb Tiran\u00ebs .<br \/>Ai ka kontribuar ndjesh\u00ebm n\u00eb zhvillimin e arsimit t\u00eb lart\u00eb privat n\u00eb Shqip\u00ebri, duke krijuar nj\u00eb institucion arsimor q\u00eb \u00ebsht\u00eb b\u00ebr\u00eb nj\u00eb pik\u00eb reference p\u00ebr cil\u00ebsin\u00eb e edukimit dhe k\u00ebrkimit shkencor. P\u00ebrve\u00e7 angazhimit t\u00eb tij n\u00eb UET, Henri \u00c7ili \u00ebsht\u00eb i njohur edhe p\u00ebr aktivitetin e tij si publicist dhe analist politik, duke ofruar komente dhe analiza mbi \u00e7\u00ebshtjet shoq\u00ebrore, politike dhe ekonomike n\u00eb vend.<br \/>N\u00eb rolin e tij si drejtues n\u00eb UET, Henri \u00c7ili ka luajtur nj\u00eb rol ky\u00e7 n\u00eb form\u00ebsimin e politikave dhe strategjive t\u00eb universitetit, duke synuar krijimin e nj\u00eb mjedisi akademik q\u00eb inkurajon mendimin kritik, k\u00ebrkimin dhe inovacionin. Ai ka nj\u00eb sfond t\u00eb gjer\u00eb akademik dhe \u00ebsht\u00eb autor i disa librave dhe artikujve n\u00eb fusha t\u00eb ndryshme, duke p\u00ebrfshir\u00eb politik\u00ebn, filozofin\u00eb dhe konunikimin. P\u00ebrve\u00e7 aktiviteteve t\u00eb tij akademike dhe publike, Henri \u00c7ili \u00ebsht\u00eb angazhuar edhe n\u00eb promovimin e dialogut dhe debatit publik n\u00eb Shqip\u00ebri, duke mb\u00ebshtetur iniciativa q\u00eb synojn\u00eb p\u00ebrmir\u00ebsimin e transparenc\u00ebs dhe p\u00ebrgjegjshm\u00ebris\u00eb n\u00eb shoq\u00ebri. Angazhimi i tij i gjithansh\u00ebm e b\u00ebn at\u00eb nj\u00eb figur\u00eb t\u00eb r\u00ebnd\u00ebsishme n\u00eb jet\u00ebn publike dhe akademike t\u00eb vendit.<\/p>\t\t\t\t\t\t\t\t<\/div>\n\t\t\t\t<\/div>\n\t\t\t\t\t<\/div>\n\t\t<\/div>\n\t\t\t\t\t<\/div>\n\t\t<\/section>\n\t\t\t\t<\/div>","protected":false},"excerpt":{"rendered":"<p>Henri \u00c7ili \u00ebsht\u00eb nj\u00eb figur\u00eb e njohur n\u00eb sfer\u00ebn akademike dhe publike n\u00eb Shqip\u00ebri, me nj\u00eb karrier\u00eb t\u00eb mir\u00ebnjohur si themelues dhe drejtues i Universitetit Europian t\u00eb Tiran\u00ebs .Ai ka kontribuar ndjesh\u00ebm n\u00eb zhvillimin e arsimit t\u00eb lart\u00eb privat n\u00eb &hellip; <\/p>","protected":false},"author":7,"featured_media":0,"parent":0,"menu_order":0,"comment_status":"closed","ping_status":"closed","template":"","meta":{"footnotes":""},"class_list":["post-16740","page","type-page","status-publish","hentry"],"yoast_head":"<!-- This site is optimized with the Yoast SEO plugin v26.9 - https:\/\/yoast.com\/product\/yoast-seo-wordpress\/ -->\n<title>Dr. Henri Cili - UET<\/title>\n<meta name=\"robots\" content=\"index, follow, max-snippet:-1, max-image-preview:large, max-video-preview:-1\" \/>\n<link rel=\"canonical\" href=\"https:\/\/uet.edu.al\/en\/dr-henri-cili\/\" \/>\n<meta property=\"og:locale\" content=\"en_US\" \/>\n<meta property=\"og:type\" content=\"article\" \/>\n<meta property=\"og:title\" content=\"Dr. Henri Cili - UET\" \/>\n<meta property=\"og:description\" content=\"Henri \u00c7ili \u00ebsht\u00eb nj\u00eb figur\u00eb e njohur n\u00eb sfer\u00ebn akademike dhe publike n\u00eb Shqip\u00ebri, me nj\u00eb karrier\u00eb t\u00eb mir\u00ebnjohur si themelues dhe drejtues i Universitetit Europian t\u00eb Tiran\u00ebs .Ai ka kontribuar ndjesh\u00ebm n\u00eb zhvillimin e arsimit t\u00eb lart\u00eb privat n\u00eb &hellip;\" \/>\n<meta property=\"og:url\" content=\"https:\/\/uet.edu.al\/en\/dr-henri-cili\/\" \/>\n<meta property=\"og:site_name\" content=\"UET\" \/>\n<meta property=\"article:publisher\" content=\"https:\/\/www.facebook.com\/UniversitetiEuropianiTiranes\/\" \/>\n<meta property=\"article:modified_time\" content=\"2024-08-05T16:55:05+00:00\" \/>\n<meta property=\"og:image\" content=\"https:\/\/uet.edu.al\/wp-content\/uploads\/2024\/08\/henri-1.jpg\" \/>\n<meta name=\"twitter:card\" content=\"summary_large_image\" \/>\n<meta name=\"twitter:label1\" content=\"Est. reading time\" \/>\n\t<meta name=\"twitter:data1\" content=\"1 minute\" \/>\n<script type=\"application\/ld+json\" class=\"yoast-schema-graph\">{\"@context\":\"https:\/\/schema.org\",\"@graph\":[{\"@type\":\"WebPage\",\"@id\":\"https:\/\/uet.edu.al\/dr-henri-cili\/\",\"url\":\"https:\/\/uet.edu.al\/dr-henri-cili\/\",\"name\":\"Dr. Henri Cili - UET\",\"isPartOf\":{\"@id\":\"https:\/\/uet.edu.al\/en\/#website\"},\"primaryImageOfPage\":{\"@id\":\"https:\/\/uet.edu.al\/dr-henri-cili\/#primaryimage\"},\"image\":{\"@id\":\"https:\/\/uet.edu.al\/dr-henri-cili\/#primaryimage\"},\"thumbnailUrl\":\"https:\/\/uet.edu.al\/wp-content\/uploads\/2024\/08\/henri-1.jpg\",\"datePublished\":\"2024-08-05T16:53:44+00:00\",\"dateModified\":\"2024-08-05T16:55:05+00:00\",\"breadcrumb\":{\"@id\":\"https:\/\/uet.edu.al\/dr-henri-cili\/#breadcrumb\"},\"inLanguage\":\"en-US\",\"potentialAction\":[{\"@type\":\"ReadAction\",\"target\":[\"https:\/\/uet.edu.al\/dr-henri-cili\/\"]}]},{\"@type\":\"ImageObject\",\"inLanguage\":\"en-US\",\"@id\":\"https:\/\/uet.edu.al\/dr-henri-cili\/#primaryimage\",\"url\":\"https:\/\/uet.edu.al\/wp-content\/uploads\/2024\/08\/henri-1.jpg\",\"contentUrl\":\"https:\/\/uet.edu.al\/wp-content\/uploads\/2024\/08\/henri-1.jpg\"},{\"@type\":\"BreadcrumbList\",\"@id\":\"https:\/\/uet.edu.al\/dr-henri-cili\/#breadcrumb\",\"itemListElement\":[{\"@type\":\"ListItem\",\"position\":1,\"name\":\"Home\",\"item\":\"https:\/\/uet.edu.al\/\"},{\"@type\":\"ListItem\",\"position\":2,\"name\":\"Dr. Henri Cili\"}]},{\"@type\":\"WebSite\",\"@id\":\"https:\/\/uet.edu.al\/en\/#website\",\"url\":\"https:\/\/uet.edu.al\/en\/\",\"name\":\"UET\",\"description\":\"Universiteti Europian i Tiran\u00ebs\",\"publisher\":{\"@id\":\"https:\/\/uet.edu.al\/en\/#organization\"},\"potentialAction\":[{\"@type\":\"SearchAction\",\"target\":{\"@type\":\"EntryPoint\",\"urlTemplate\":\"https:\/\/uet.edu.al\/en\/?s={search_term_string}\"},\"query-input\":{\"@type\":\"PropertyValueSpecification\",\"valueRequired\":true,\"valueName\":\"search_term_string\"}}],\"inLanguage\":\"en-US\"},{\"@type\":\"Organization\",\"@id\":\"https:\/\/uet.edu.al\/en\/#organization\",\"name\":\"Universiteti Europian i Tiranes\",\"url\":\"https:\/\/uet.edu.al\/en\/\",\"logo\":{\"@type\":\"ImageObject\",\"inLanguage\":\"en-US\",\"@id\":\"https:\/\/uet.edu.al\/en\/#\/schema\/logo\/image\/\",\"url\":\"https:\/\/uet.edu.al\/wp-content\/uploads\/2022\/12\/Logo-pa-adrese.png\",\"contentUrl\":\"https:\/\/uet.edu.al\/wp-content\/uploads\/2022\/12\/Logo-pa-adrese.png\",\"width\":1418,\"height\":696,\"caption\":\"Universiteti Europian i Tiranes\"},\"image\":{\"@id\":\"https:\/\/uet.edu.al\/en\/#\/schema\/logo\/image\/\"},\"sameAs\":[\"https:\/\/www.facebook.com\/UniversitetiEuropianiTiranes\/\"]}]}<\/script>\n<!-- \/ Yoast SEO plugin. -->","yoast_head_json":{"title":"Dr. Henri Cili - UET","robots":{"index":"index","follow":"follow","max-snippet":"max-snippet:-1","max-image-preview":"max-image-preview:large","max-video-preview":"max-video-preview:-1"},"canonical":"https:\/\/uet.edu.al\/en\/dr-henri-cili\/","og_locale":"en_US","og_type":"article","og_title":"Dr. Henri Cili - UET","og_description":"Henri \u00c7ili \u00ebsht\u00eb nj\u00eb figur\u00eb e njohur n\u00eb sfer\u00ebn akademike dhe publike n\u00eb Shqip\u00ebri, me nj\u00eb karrier\u00eb t\u00eb mir\u00ebnjohur si themelues dhe drejtues i Universitetit Europian t\u00eb Tiran\u00ebs .Ai ka kontribuar ndjesh\u00ebm n\u00eb zhvillimin e arsimit t\u00eb lart\u00eb privat n\u00eb &hellip;","og_url":"https:\/\/uet.edu.al\/en\/dr-henri-cili\/","og_site_name":"UET","article_publisher":"https:\/\/www.facebook.com\/UniversitetiEuropianiTiranes\/","article_modified_time":"2024-08-05T16:55:05+00:00","og_image":[{"url":"https:\/\/uet.edu.al\/wp-content\/uploads\/2024\/08\/henri-1.jpg","type":"","width":"","height":""}],"twitter_card":"summary_large_image","twitter_misc":{"Est. reading time":"1 minute"},"schema":{"@context":"https:\/\/schema.org","@graph":[{"@type":"WebPage","@id":"https:\/\/uet.edu.al\/dr-henri-cili\/","url":"https:\/\/uet.edu.al\/dr-henri-cili\/","name":"Dr. Henri Cili - UET","isPartOf":{"@id":"https:\/\/uet.edu.al\/en\/#website"},"primaryImageOfPage":{"@id":"https:\/\/uet.edu.al\/dr-henri-cili\/#primaryimage"},"image":{"@id":"https:\/\/uet.edu.al\/dr-henri-cili\/#primaryimage"},"thumbnailUrl":"https:\/\/uet.edu.al\/wp-content\/uploads\/2024\/08\/henri-1.jpg","datePublished":"2024-08-05T16:53:44+00:00","dateModified":"2024-08-05T16:55:05+00:00","breadcrumb":{"@id":"https:\/\/uet.edu.al\/dr-henri-cili\/#breadcrumb"},"inLanguage":"en-US","potentialAction":[{"@type":"ReadAction","target":["https:\/\/uet.edu.al\/dr-henri-cili\/"]}]},{"@type":"ImageObject","inLanguage":"en-US","@id":"https:\/\/uet.edu.al\/dr-henri-cili\/#primaryimage","url":"https:\/\/uet.edu.al\/wp-content\/uploads\/2024\/08\/henri-1.jpg","contentUrl":"https:\/\/uet.edu.al\/wp-content\/uploads\/2024\/08\/henri-1.jpg"},{"@type":"BreadcrumbList","@id":"https:\/\/uet.edu.al\/dr-henri-cili\/#breadcrumb","itemListElement":[{"@type":"ListItem","position":1,"name":"Home","item":"https:\/\/uet.edu.al\/"},{"@type":"ListItem","position":2,"name":"Dr. Henri Cili"}]},{"@type":"WebSite","@id":"https:\/\/uet.edu.al\/en\/#website","url":"https:\/\/uet.edu.al\/en\/","name":"UET","description":"Universiteti Europian i Tiran\u00ebs","publisher":{"@id":"https:\/\/uet.edu.al\/en\/#organization"},"potentialAction":[{"@type":"SearchAction","target":{"@type":"EntryPoint","urlTemplate":"https:\/\/uet.edu.al\/en\/?s={search_term_string}"},"query-input":{"@type":"PropertyValueSpecification","valueRequired":true,"valueName":"search_term_string"}}],"inLanguage":"en-US"},{"@type":"Organization","@id":"https:\/\/uet.edu.al\/en\/#organization","name":"Universiteti Europian i Tiranes","url":"https:\/\/uet.edu.al\/en\/","logo":{"@type":"ImageObject","inLanguage":"en-US","@id":"https:\/\/uet.edu.al\/en\/#\/schema\/logo\/image\/","url":"https:\/\/uet.edu.al\/wp-content\/uploads\/2022\/12\/Logo-pa-adrese.png","contentUrl":"https:\/\/uet.edu.al\/wp-content\/uploads\/2022\/12\/Logo-pa-adrese.png","width":1418,"height":696,"caption":"Universiteti Europian i Tiranes"},"image":{"@id":"https:\/\/uet.edu.al\/en\/#\/schema\/logo\/image\/"},"sameAs":["https:\/\/www.facebook.com\/UniversitetiEuropianiTiranes\/"]}]}},"_links":{"self":[{"href":"https:\/\/uet.edu.al\/en\/wp-json\/wp\/v2\/pages\/16740","targetHints":{"allow":["GET"]}}],"collection":[{"href":"https:\/\/uet.edu.al\/en\/wp-json\/wp\/v2\/pages"}],"about":[{"href":"https:\/\/uet.edu.al\/en\/wp-json\/wp\/v2\/types\/page"}],"author":[{"embeddable":true,"href":"https:\/\/uet.edu.al\/en\/wp-json\/wp\/v2\/users\/7"}],"replies":[{"embeddable":true,"href":"https:\/\/uet.edu.al\/en\/wp-json\/wp\/v2\/comments?post=16740"}],"version-history":[{"count":8,"href":"https:\/\/uet.edu.al\/en\/wp-json\/wp\/v2\/pages\/16740\/revisions"}],"predecessor-version":[{"id":16749,"href":"https:\/\/uet.edu.al\/en\/wp-json\/wp\/v2\/pages\/16740\/revisions\/16749"}],"wp:attachment":[{"href":"https:\/\/uet.edu.al\/en\/wp-json\/wp\/v2\/media?parent=16740"}],"curies":[{"name":"wp","href":"https:\/\/api.w.org\/{rel}","templated":true}]}}