{"id":16724,"date":"2024-08-05T18:49:58","date_gmt":"2024-08-05T16:49:58","guid":{"rendered":"https:\/\/uet.edu.al\/?page_id=16724"},"modified":"2024-08-05T21:32:17","modified_gmt":"2024-08-05T19:32:17","slug":"prof-asoc-dr-brunilda-duraj","status":"publish","type":"page","link":"https:\/\/uet.edu.al\/en\/prof-asoc-dr-brunilda-duraj\/","title":{"rendered":"Prof. Asoc. Dr. Brunilda Duraj"},"content":{"rendered":"<div data-elementor-type=\"wp-page\" data-elementor-id=\"16724\" class=\"elementor elementor-16724\" data-elementor-post-type=\"page\">\n\t\t\t\t\t\t<section class=\"elementor-section elementor-top-section elementor-element elementor-element-ec82372 elementor-section-boxed elementor-section-height-default elementor-section-height-default\" data-id=\"ec82372\" data-element_type=\"section\">\n\t\t\t\t\t\t<div class=\"elementor-container elementor-column-gap-default\">\n\t\t\t\t\t<div class=\"elementor-column elementor-col-100 elementor-top-column elementor-element elementor-element-cadd6f5\" data-id=\"cadd6f5\" data-element_type=\"column\">\n\t\t\t<div class=\"elementor-widget-wrap elementor-element-populated\">\n\t\t\t\t\t\t<div class=\"elementor-element elementor-element-b44756a elementor-widget-divider--view-line elementor-widget elementor-widget-divider\" data-id=\"b44756a\" data-element_type=\"widget\" data-widget_type=\"divider.default\">\n\t\t\t\t<div class=\"elementor-widget-container\">\n\t\t\t\t\t\t\t<div class=\"elementor-divider\">\n\t\t\t<span class=\"elementor-divider-separator\">\n\t\t\t\t\t\t<\/span>\n\t\t<\/div>\n\t\t\t\t\t\t<\/div>\n\t\t\t\t<\/div>\n\t\t\t\t\t<\/div>\n\t\t<\/div>\n\t\t\t\t\t<\/div>\n\t\t<\/section>\n\t\t\t\t<section class=\"elementor-section elementor-top-section elementor-element elementor-element-65aa40f elementor-section-boxed elementor-section-height-default elementor-section-height-default\" data-id=\"65aa40f\" data-element_type=\"section\">\n\t\t\t\t\t\t<div class=\"elementor-container elementor-column-gap-default\">\n\t\t\t\t\t<div class=\"elementor-column elementor-col-100 elementor-top-column elementor-element elementor-element-0d71397\" data-id=\"0d71397\" data-element_type=\"column\">\n\t\t\t<div class=\"elementor-widget-wrap elementor-element-populated\">\n\t\t\t\t\t\t<div class=\"elementor-element elementor-element-499c5b6 elementor-widget elementor-widget-text-editor\" data-id=\"499c5b6\" data-element_type=\"widget\" data-widget_type=\"text-editor.default\">\n\t\t\t\t<div class=\"elementor-widget-container\">\n\t\t\t\t\t\t\t\t\t<p class=\" translation-block\">Brunilda Duraj is an Associated Professor since July 2015. She received Master honors in Accounting \u2013 Finance in 2000. Later, from 2001 \u2013 2005 she attended and successfully finished the Post Graduated studies in Finance in the Faculty of Economy \u2013 University of Tirana. She was awarded the PhD title in 2008. \nSince 2000 she is a lecturer of the courses of \u201cFinancial market and institutions\u201d, \u201cCapital Markets\u201d, \u201cBanking Technique\u201d Courses etc. in the Faculty of Economy - University of Tirana and other HEIs. \nIn the same time, Prof. Assoc. Duraj has authored and co-authored many publications, papers, articles and research activities. Two of these books are considered as a main literature for studying \u201cFinancial market and institutions\u201d, \u201cBanking Technique\u201d and \u201cBanking Technique \u2013 tests, questions, exercises\u201d etc. \nShe has participated in different EU projects and trainings. She served as the leader of the workshop on \"Green Finance\" in Albania, which focused on supporting green financial investments, credit markets that support projects and initiatives in order to encourage sustainable development of the economy by\nassessing risks and respecting all environmental indicators. \nProf. Assoc. Brunilda Duraj is a member of the Board of Administration of the European University of Tirana since 2021.<\/p>\t\t\t\t\t\t\t\t<\/div>\n\t\t\t\t<\/div>\n\t\t\t\t\t<\/div>\n\t\t<\/div>\n\t\t\t\t\t<\/div>\n\t\t<\/section>\n\t\t\t\t<\/div>","protected":false},"excerpt":{"rendered":"<p>Brunilda Duraj ka marr\u00eb titullin akademik \u201cProfesor i Asociuar\u201d n\u00eb vitin 2015. Ajo \u00ebsht\u00eb diplomuar n\u00eb profilin \u201cKontabilitet dhe Financ\u00eb\u201d n\u00eb vitin 2000. M\u00eb pas, nga viti 2001 deri n\u00eb vitin 2005 p\u00ebrfundoi me sukses studimet pasuniversitare n\u00eb Financ\u00eb n\u00eb &hellip; <\/p>","protected":false},"author":7,"featured_media":0,"parent":0,"menu_order":0,"comment_status":"closed","ping_status":"closed","template":"","meta":{"footnotes":""},"class_list":["post-16724","page","type-page","status-publish","hentry"],"yoast_head":"<!-- This site is optimized with the Yoast SEO plugin v26.9 - https:\/\/yoast.com\/product\/yoast-seo-wordpress\/ -->\n<title>Prof. Asoc. Dr. Brunilda Duraj - UET<\/title>\n<meta name=\"robots\" content=\"index, follow, max-snippet:-1, max-image-preview:large, max-video-preview:-1\" \/>\n<link rel=\"canonical\" href=\"https:\/\/uet.edu.al\/en\/prof-asoc-dr-brunilda-duraj\/\" \/>\n<meta property=\"og:locale\" content=\"en_US\" \/>\n<meta property=\"og:type\" content=\"article\" \/>\n<meta property=\"og:title\" content=\"Prof. Asoc. Dr. Brunilda Duraj - UET\" \/>\n<meta property=\"og:description\" content=\"Brunilda Duraj ka marr\u00eb titullin akademik \u201cProfesor i Asociuar\u201d n\u00eb vitin 2015. Ajo \u00ebsht\u00eb diplomuar n\u00eb profilin \u201cKontabilitet dhe Financ\u00eb\u201d n\u00eb vitin 2000. M\u00eb pas, nga viti 2001 deri n\u00eb vitin 2005 p\u00ebrfundoi me sukses studimet pasuniversitare n\u00eb Financ\u00eb n\u00eb &hellip;\" \/>\n<meta property=\"og:url\" content=\"https:\/\/uet.edu.al\/en\/prof-asoc-dr-brunilda-duraj\/\" \/>\n<meta property=\"og:site_name\" content=\"UET\" \/>\n<meta property=\"article:publisher\" content=\"https:\/\/www.facebook.com\/UniversitetiEuropianiTiranes\/\" \/>\n<meta property=\"article:modified_time\" content=\"2024-08-05T19:32:17+00:00\" \/>\n<meta property=\"og:image\" content=\"https:\/\/uet.edu.al\/wp-content\/uploads\/2024\/08\/brunilda-duraj.jpg\" \/>\n<meta name=\"twitter:card\" content=\"summary_large_image\" \/>\n<meta name=\"twitter:label1\" content=\"Est. reading time\" \/>\n\t<meta name=\"twitter:data1\" content=\"1 minute\" \/>\n<script type=\"application\/ld+json\" class=\"yoast-schema-graph\">{\"@context\":\"https:\/\/schema.org\",\"@graph\":[{\"@type\":\"WebPage\",\"@id\":\"https:\/\/uet.edu.al\/prof-asoc-dr-brunilda-duraj\/\",\"url\":\"https:\/\/uet.edu.al\/prof-asoc-dr-brunilda-duraj\/\",\"name\":\"Prof. Asoc. Dr. Brunilda Duraj - UET\",\"isPartOf\":{\"@id\":\"https:\/\/uet.edu.al\/en\/#website\"},\"primaryImageOfPage\":{\"@id\":\"https:\/\/uet.edu.al\/prof-asoc-dr-brunilda-duraj\/#primaryimage\"},\"image\":{\"@id\":\"https:\/\/uet.edu.al\/prof-asoc-dr-brunilda-duraj\/#primaryimage\"},\"thumbnailUrl\":\"https:\/\/uet.edu.al\/wp-content\/uploads\/2024\/08\/brunilda-duraj.jpg\",\"datePublished\":\"2024-08-05T16:49:58+00:00\",\"dateModified\":\"2024-08-05T19:32:17+00:00\",\"breadcrumb\":{\"@id\":\"https:\/\/uet.edu.al\/prof-asoc-dr-brunilda-duraj\/#breadcrumb\"},\"inLanguage\":\"en-US\",\"potentialAction\":[{\"@type\":\"ReadAction\",\"target\":[\"https:\/\/uet.edu.al\/prof-asoc-dr-brunilda-duraj\/\"]}]},{\"@type\":\"ImageObject\",\"inLanguage\":\"en-US\",\"@id\":\"https:\/\/uet.edu.al\/prof-asoc-dr-brunilda-duraj\/#primaryimage\",\"url\":\"https:\/\/uet.edu.al\/wp-content\/uploads\/2024\/08\/brunilda-duraj.jpg\",\"contentUrl\":\"https:\/\/uet.edu.al\/wp-content\/uploads\/2024\/08\/brunilda-duraj.jpg\"},{\"@type\":\"BreadcrumbList\",\"@id\":\"https:\/\/uet.edu.al\/prof-asoc-dr-brunilda-duraj\/#breadcrumb\",\"itemListElement\":[{\"@type\":\"ListItem\",\"position\":1,\"name\":\"Home\",\"item\":\"https:\/\/uet.edu.al\/\"},{\"@type\":\"ListItem\",\"position\":2,\"name\":\"Prof. Asoc. Dr. Brunilda Duraj\"}]},{\"@type\":\"WebSite\",\"@id\":\"https:\/\/uet.edu.al\/en\/#website\",\"url\":\"https:\/\/uet.edu.al\/en\/\",\"name\":\"UET\",\"description\":\"Universiteti Europian i Tiran\u00ebs\",\"publisher\":{\"@id\":\"https:\/\/uet.edu.al\/en\/#organization\"},\"potentialAction\":[{\"@type\":\"SearchAction\",\"target\":{\"@type\":\"EntryPoint\",\"urlTemplate\":\"https:\/\/uet.edu.al\/en\/?s={search_term_string}\"},\"query-input\":{\"@type\":\"PropertyValueSpecification\",\"valueRequired\":true,\"valueName\":\"search_term_string\"}}],\"inLanguage\":\"en-US\"},{\"@type\":\"Organization\",\"@id\":\"https:\/\/uet.edu.al\/en\/#organization\",\"name\":\"Universiteti Europian i Tiranes\",\"url\":\"https:\/\/uet.edu.al\/en\/\",\"logo\":{\"@type\":\"ImageObject\",\"inLanguage\":\"en-US\",\"@id\":\"https:\/\/uet.edu.al\/en\/#\/schema\/logo\/image\/\",\"url\":\"https:\/\/uet.edu.al\/wp-content\/uploads\/2022\/12\/Logo-pa-adrese.png\",\"contentUrl\":\"https:\/\/uet.edu.al\/wp-content\/uploads\/2022\/12\/Logo-pa-adrese.png\",\"width\":1418,\"height\":696,\"caption\":\"Universiteti Europian i Tiranes\"},\"image\":{\"@id\":\"https:\/\/uet.edu.al\/en\/#\/schema\/logo\/image\/\"},\"sameAs\":[\"https:\/\/www.facebook.com\/UniversitetiEuropianiTiranes\/\"]}]}<\/script>\n<!-- \/ Yoast SEO plugin. -->","yoast_head_json":{"title":"Prof. Asoc. Dr. Brunilda Duraj - UET","robots":{"index":"index","follow":"follow","max-snippet":"max-snippet:-1","max-image-preview":"max-image-preview:large","max-video-preview":"max-video-preview:-1"},"canonical":"https:\/\/uet.edu.al\/en\/prof-asoc-dr-brunilda-duraj\/","og_locale":"en_US","og_type":"article","og_title":"Prof. Asoc. Dr. Brunilda Duraj - UET","og_description":"Brunilda Duraj ka marr\u00eb titullin akademik \u201cProfesor i Asociuar\u201d n\u00eb vitin 2015. Ajo \u00ebsht\u00eb diplomuar n\u00eb profilin \u201cKontabilitet dhe Financ\u00eb\u201d n\u00eb vitin 2000. M\u00eb pas, nga viti 2001 deri n\u00eb vitin 2005 p\u00ebrfundoi me sukses studimet pasuniversitare n\u00eb Financ\u00eb n\u00eb &hellip;","og_url":"https:\/\/uet.edu.al\/en\/prof-asoc-dr-brunilda-duraj\/","og_site_name":"UET","article_publisher":"https:\/\/www.facebook.com\/UniversitetiEuropianiTiranes\/","article_modified_time":"2024-08-05T19:32:17+00:00","og_image":[{"url":"https:\/\/uet.edu.al\/wp-content\/uploads\/2024\/08\/brunilda-duraj.jpg","type":"","width":"","height":""}],"twitter_card":"summary_large_image","twitter_misc":{"Est. reading time":"1 minute"},"schema":{"@context":"https:\/\/schema.org","@graph":[{"@type":"WebPage","@id":"https:\/\/uet.edu.al\/prof-asoc-dr-brunilda-duraj\/","url":"https:\/\/uet.edu.al\/prof-asoc-dr-brunilda-duraj\/","name":"Prof. Asoc. Dr. Brunilda Duraj - UET","isPartOf":{"@id":"https:\/\/uet.edu.al\/en\/#website"},"primaryImageOfPage":{"@id":"https:\/\/uet.edu.al\/prof-asoc-dr-brunilda-duraj\/#primaryimage"},"image":{"@id":"https:\/\/uet.edu.al\/prof-asoc-dr-brunilda-duraj\/#primaryimage"},"thumbnailUrl":"https:\/\/uet.edu.al\/wp-content\/uploads\/2024\/08\/brunilda-duraj.jpg","datePublished":"2024-08-05T16:49:58+00:00","dateModified":"2024-08-05T19:32:17+00:00","breadcrumb":{"@id":"https:\/\/uet.edu.al\/prof-asoc-dr-brunilda-duraj\/#breadcrumb"},"inLanguage":"en-US","potentialAction":[{"@type":"ReadAction","target":["https:\/\/uet.edu.al\/prof-asoc-dr-brunilda-duraj\/"]}]},{"@type":"ImageObject","inLanguage":"en-US","@id":"https:\/\/uet.edu.al\/prof-asoc-dr-brunilda-duraj\/#primaryimage","url":"https:\/\/uet.edu.al\/wp-content\/uploads\/2024\/08\/brunilda-duraj.jpg","contentUrl":"https:\/\/uet.edu.al\/wp-content\/uploads\/2024\/08\/brunilda-duraj.jpg"},{"@type":"BreadcrumbList","@id":"https:\/\/uet.edu.al\/prof-asoc-dr-brunilda-duraj\/#breadcrumb","itemListElement":[{"@type":"ListItem","position":1,"name":"Home","item":"https:\/\/uet.edu.al\/"},{"@type":"ListItem","position":2,"name":"Prof. Asoc. Dr. Brunilda Duraj"}]},{"@type":"WebSite","@id":"https:\/\/uet.edu.al\/en\/#website","url":"https:\/\/uet.edu.al\/en\/","name":"UET","description":"Universiteti Europian i Tiran\u00ebs","publisher":{"@id":"https:\/\/uet.edu.al\/en\/#organization"},"potentialAction":[{"@type":"SearchAction","target":{"@type":"EntryPoint","urlTemplate":"https:\/\/uet.edu.al\/en\/?s={search_term_string}"},"query-input":{"@type":"PropertyValueSpecification","valueRequired":true,"valueName":"search_term_string"}}],"inLanguage":"en-US"},{"@type":"Organization","@id":"https:\/\/uet.edu.al\/en\/#organization","name":"Universiteti Europian i Tiranes","url":"https:\/\/uet.edu.al\/en\/","logo":{"@type":"ImageObject","inLanguage":"en-US","@id":"https:\/\/uet.edu.al\/en\/#\/schema\/logo\/image\/","url":"https:\/\/uet.edu.al\/wp-content\/uploads\/2022\/12\/Logo-pa-adrese.png","contentUrl":"https:\/\/uet.edu.al\/wp-content\/uploads\/2022\/12\/Logo-pa-adrese.png","width":1418,"height":696,"caption":"Universiteti Europian i Tiranes"},"image":{"@id":"https:\/\/uet.edu.al\/en\/#\/schema\/logo\/image\/"},"sameAs":["https:\/\/www.facebook.com\/UniversitetiEuropianiTiranes\/"]}]}},"_links":{"self":[{"href":"https:\/\/uet.edu.al\/en\/wp-json\/wp\/v2\/pages\/16724","targetHints":{"allow":["GET"]}}],"collection":[{"href":"https:\/\/uet.edu.al\/en\/wp-json\/wp\/v2\/pages"}],"about":[{"href":"https:\/\/uet.edu.al\/en\/wp-json\/wp\/v2\/types\/page"}],"author":[{"embeddable":true,"href":"https:\/\/uet.edu.al\/en\/wp-json\/wp\/v2\/users\/7"}],"replies":[{"embeddable":true,"href":"https:\/\/uet.edu.al\/en\/wp-json\/wp\/v2\/comments?post=16724"}],"version-history":[{"count":12,"href":"https:\/\/uet.edu.al\/en\/wp-json\/wp\/v2\/pages\/16724\/revisions"}],"predecessor-version":[{"id":16780,"href":"https:\/\/uet.edu.al\/en\/wp-json\/wp\/v2\/pages\/16724\/revisions\/16780"}],"wp:attachment":[{"href":"https:\/\/uet.edu.al\/en\/wp-json\/wp\/v2\/media?parent=16724"}],"curies":[{"name":"wp","href":"https:\/\/api.w.org\/{rel}","templated":true}]}}