{"id":16685,"date":"2024-08-05T18:14:06","date_gmt":"2024-08-05T16:14:06","guid":{"rendered":"https:\/\/uet.edu.al\/?page_id=16685"},"modified":"2024-08-05T21:38:09","modified_gmt":"2024-08-05T19:38:09","slug":"bordi-i-administrimit","status":"publish","type":"page","link":"https:\/\/uet.edu.al\/en\/bordi-i-administrimit\/","title":{"rendered":"ADMINISTRATION BOARD"},"content":{"rendered":"<div data-elementor-type=\"wp-page\" data-elementor-id=\"16685\" class=\"elementor elementor-16685\" data-elementor-post-type=\"page\">\n\t\t\t\t\t\t<section class=\"elementor-section elementor-top-section elementor-element elementor-element-c6f17de elementor-section-boxed elementor-section-height-default elementor-section-height-default\" data-id=\"c6f17de\" data-element_type=\"section\">\n\t\t\t\t\t\t<div class=\"elementor-container elementor-column-gap-default\">\n\t\t\t\t\t<div class=\"elementor-column elementor-col-100 elementor-top-column elementor-element elementor-element-fba7d90\" data-id=\"fba7d90\" data-element_type=\"column\">\n\t\t\t<div class=\"elementor-widget-wrap elementor-element-populated\">\n\t\t\t\t\t\t<div class=\"elementor-element elementor-element-f370597 elementor-widget elementor-widget-text-editor\" data-id=\"f370597\" data-element_type=\"widget\" data-widget_type=\"text-editor.default\">\n\t\t\t\t<div class=\"elementor-widget-container\">\n\t\t\t\t\t\t\t\t\t<p>The Board of Directors of the European University of Tirana is an important body that oversees the management and administration of the university. This board is composed of respected and experienced individuals in various fields, who contribute to the strategic and operational development of the university. <br \/>The Board members, such as Brunilda Duraj, Henri \u00c7ili, and Robert Rakipllari, bring their diverse expertise to ensure a sustainable and effective management of the university\u2019s resources.<br \/>Brunilda Duraj, Henri \u00c7ili, and Robert Rakipllari are well-known figures in their fields, bringing a combination of academic and professional expertise. <br \/>Brunilda Duraj has a strong background in management and administration, while Henri \u00c7ili, one of the founders of UET, has played a key role in the development of the institution since its inception. Robert Rakipllari, as a renowned journalist and analyst, brings a unique perspective on communication and public relations. <br \/>This board collaborates to guide UET towards continuous improvement of the quality of education and services provided to students and the wider community.<\/p>\t\t\t\t\t\t\t\t<\/div>\n\t\t\t\t<\/div>\n\t\t\t\t\t<\/div>\n\t\t<\/div>\n\t\t\t\t\t<\/div>\n\t\t<\/section>\n\t\t\t\t<section class=\"elementor-section elementor-top-section elementor-element elementor-element-ba3d138 elementor-section-boxed elementor-section-height-default elementor-section-height-default\" data-id=\"ba3d138\" data-element_type=\"section\">\n\t\t\t\t\t\t<div class=\"elementor-container elementor-column-gap-default\">\n\t\t\t\t\t<div class=\"elementor-column elementor-col-100 elementor-top-column elementor-element elementor-element-8001d36\" data-id=\"8001d36\" data-element_type=\"column\">\n\t\t\t<div class=\"elementor-widget-wrap elementor-element-populated\">\n\t\t\t\t\t\t<div class=\"elementor-element elementor-element-275657e elementor-widget-divider--view-line elementor-widget elementor-widget-divider\" data-id=\"275657e\" data-element_type=\"widget\" data-widget_type=\"divider.default\">\n\t\t\t\t<div class=\"elementor-widget-container\">\n\t\t\t\t\t\t\t<div class=\"elementor-divider\">\n\t\t\t<span class=\"elementor-divider-separator\">\n\t\t\t\t\t\t<\/span>\n\t\t<\/div>\n\t\t\t\t\t\t<\/div>\n\t\t\t\t<\/div>\n\t\t\t\t\t<\/div>\n\t\t<\/div>\n\t\t\t\t\t<\/div>\n\t\t<\/section>\n\t\t\t\t<section class=\"elementor-section elementor-top-section elementor-element elementor-element-4f5de04 elementor-section-boxed elementor-section-height-default elementor-section-height-default\" data-id=\"4f5de04\" data-element_type=\"section\">\n\t\t\t\t\t\t<div class=\"elementor-container elementor-column-gap-default\">\n\t\t\t\t\t<div class=\"elementor-column elementor-col-33 elementor-top-column elementor-element elementor-element-4b7051e\" data-id=\"4b7051e\" data-element_type=\"column\">\n\t\t\t<div class=\"elementor-widget-wrap elementor-element-populated\">\n\t\t\t\t\t\t<div class=\"elementor-element elementor-element-57cb430 elementor-widget elementor-widget-image\" data-id=\"57cb430\" data-element_type=\"widget\" data-widget_type=\"image.default\">\n\t\t\t\t<div class=\"elementor-widget-container\">\n\t\t\t\t\t\t\t\t\t\t\t\t\t\t\t<img fetchpriority=\"high\" decoding=\"async\" width=\"200\" height=\"284\" src=\"https:\/\/uet.edu.al\/wp-content\/uploads\/2024\/08\/brunilda-duraj.jpg\" class=\"attachment-large size-large wp-image-16777\" alt=\"\" srcset=\"https:\/\/uet.edu.al\/wp-content\/uploads\/2024\/08\/brunilda-duraj.jpg 200w, https:\/\/uet.edu.al\/wp-content\/uploads\/2024\/08\/brunilda-duraj-8x12.jpg 8w\" sizes=\"(max-width: 200px) 100vw, 200px\" \/>\t\t\t\t\t\t\t\t\t\t\t\t\t\t\t<\/div>\n\t\t\t\t<\/div>\n\t\t\t\t<div class=\"elementor-element elementor-element-589c73c elementor-widget elementor-widget-heading\" data-id=\"589c73c\" data-element_type=\"widget\" data-widget_type=\"heading.default\">\n\t\t\t\t<div class=\"elementor-widget-container\">\n\t\t\t\t\t<h4 class=\"elementor-heading-title elementor-size-default\"><a href=\"https:\/\/uet.edu.al\/en\/prof-asoc-dr-brunilda-duraj\/\">Prof. Asoc. Dr. Brunilda Duraj<\/a><\/h4>\t\t\t\t<\/div>\n\t\t\t\t<\/div>\n\t\t\t\t<div class=\"elementor-element elementor-element-cf055ef elementor-widget elementor-widget-heading\" data-id=\"cf055ef\" data-element_type=\"widget\" data-widget_type=\"heading.default\">\n\t\t\t\t<div class=\"elementor-widget-container\">\n\t\t\t\t\t<h4 class=\"elementor-heading-title elementor-size-default\"><a href=\"https:\/\/uet.edu.al\/en\/prof-asoc-dr-brunilda-duraj\/\">Bio<\/a><\/h4>\t\t\t\t<\/div>\n\t\t\t\t<\/div>\n\t\t\t\t\t<\/div>\n\t\t<\/div>\n\t\t\t\t<div class=\"elementor-column elementor-col-33 elementor-top-column elementor-element elementor-element-b010dfd\" data-id=\"b010dfd\" data-element_type=\"column\">\n\t\t\t<div class=\"elementor-widget-wrap elementor-element-populated\">\n\t\t\t\t\t\t<div class=\"elementor-element elementor-element-2690edf elementor-widget elementor-widget-image\" data-id=\"2690edf\" data-element_type=\"widget\" data-widget_type=\"image.default\">\n\t\t\t\t<div class=\"elementor-widget-container\">\n\t\t\t\t\t\t\t\t\t\t\t\t\t\t\t<img decoding=\"async\" width=\"200\" height=\"284\" src=\"https:\/\/uet.edu.al\/wp-content\/uploads\/2024\/08\/henri.jpg\" class=\"attachment-large size-large wp-image-16700\" alt=\"\" srcset=\"https:\/\/uet.edu.al\/wp-content\/uploads\/2024\/08\/henri.jpg 200w, https:\/\/uet.edu.al\/wp-content\/uploads\/2024\/08\/henri-8x12.jpg 8w\" sizes=\"(max-width: 200px) 100vw, 200px\" \/>\t\t\t\t\t\t\t\t\t\t\t\t\t\t\t<\/div>\n\t\t\t\t<\/div>\n\t\t\t\t<div class=\"elementor-element elementor-element-8d6ecd8 elementor-widget elementor-widget-heading\" data-id=\"8d6ecd8\" data-element_type=\"widget\" data-widget_type=\"heading.default\">\n\t\t\t\t<div class=\"elementor-widget-container\">\n\t\t\t\t\t<h4 class=\"elementor-heading-title elementor-size-default\"><a href=\"https:\/\/uet.edu.al\/en\/dr-henri-cili\/\">Dr. Henri \u00c7ili<\/a><\/h4>\t\t\t\t<\/div>\n\t\t\t\t<\/div>\n\t\t\t\t<div class=\"elementor-element elementor-element-34f1138 elementor-widget elementor-widget-heading\" data-id=\"34f1138\" data-element_type=\"widget\" data-widget_type=\"heading.default\">\n\t\t\t\t<div class=\"elementor-widget-container\">\n\t\t\t\t\t<h4 class=\"elementor-heading-title elementor-size-default\"><a href=\"https:\/\/uet.edu.al\/en\/dr-henri-cili\/\">Bio<\/a><\/h4>\t\t\t\t<\/div>\n\t\t\t\t<\/div>\n\t\t\t\t\t<\/div>\n\t\t<\/div>\n\t\t\t\t<div class=\"elementor-column elementor-col-33 elementor-top-column elementor-element elementor-element-1b2f424\" data-id=\"1b2f424\" data-element_type=\"column\">\n\t\t\t<div class=\"elementor-widget-wrap elementor-element-populated\">\n\t\t\t\t\t\t<div class=\"elementor-element elementor-element-77757ca elementor-widget elementor-widget-image\" data-id=\"77757ca\" data-element_type=\"widget\" data-widget_type=\"image.default\">\n\t\t\t\t<div class=\"elementor-widget-container\">\n\t\t\t\t\t\t\t\t\t\t\t\t\t\t\t<img decoding=\"async\" width=\"200\" height=\"284\" src=\"https:\/\/uet.edu.al\/wp-content\/uploads\/2024\/08\/Robert.jpg\" class=\"attachment-large size-large wp-image-16701\" alt=\"\" srcset=\"https:\/\/uet.edu.al\/wp-content\/uploads\/2024\/08\/Robert.jpg 200w, https:\/\/uet.edu.al\/wp-content\/uploads\/2024\/08\/Robert-8x12.jpg 8w\" sizes=\"(max-width: 200px) 100vw, 200px\" \/>\t\t\t\t\t\t\t\t\t\t\t\t\t\t\t<\/div>\n\t\t\t\t<\/div>\n\t\t\t\t<div class=\"elementor-element elementor-element-a816636 elementor-widget elementor-widget-heading\" data-id=\"a816636\" data-element_type=\"widget\" data-widget_type=\"heading.default\">\n\t\t\t\t<div class=\"elementor-widget-container\">\n\t\t\t\t\t<h4 class=\"elementor-heading-title elementor-size-default\"><a href=\"https:\/\/uet.edu.al\/en\/robert-rakipllari\/\">Robert Rakipllari<\/a><\/h4>\t\t\t\t<\/div>\n\t\t\t\t<\/div>\n\t\t\t\t<div class=\"elementor-element elementor-element-9b33f3f elementor-widget elementor-widget-heading\" data-id=\"9b33f3f\" data-element_type=\"widget\" data-widget_type=\"heading.default\">\n\t\t\t\t<div class=\"elementor-widget-container\">\n\t\t\t\t\t<h4 class=\"elementor-heading-title elementor-size-default\"><a href=\"https:\/\/uet.edu.al\/en\/robert-rakipllari\/\">Bio<\/a><\/h4>\t\t\t\t<\/div>\n\t\t\t\t<\/div>\n\t\t\t\t\t<\/div>\n\t\t<\/div>\n\t\t\t\t\t<\/div>\n\t\t<\/section>\n\t\t\t\t<\/div>","protected":false},"excerpt":{"rendered":"<p>Bordi i Administrimit i Universitetit Europian t\u00eb Tiran\u00ebs \u00ebsht\u00eb nj\u00eb organ i r\u00ebnd\u00ebsish\u00ebm q\u00eb mbik\u00ebqyr menaxhimin dhe administrimin e universitetit. Ky bord p\u00ebrb\u00ebhet nga individ\u00eb t\u00eb respektuar dhe me p\u00ebrvoj\u00eb n\u00eb fusha t\u00eb ndryshme, t\u00eb cil\u00ebt kontribuojn\u00eb n\u00eb zhvillimin strategjik &hellip; <\/p>","protected":false},"author":7,"featured_media":0,"parent":0,"menu_order":0,"comment_status":"closed","ping_status":"closed","template":"","meta":{"footnotes":""},"class_list":["post-16685","page","type-page","status-publish","hentry"],"yoast_head":"<!-- This site is optimized with the Yoast SEO plugin v26.9 - https:\/\/yoast.com\/product\/yoast-seo-wordpress\/ -->\n<title>BORDI I ADMINISTRIMIT - UET<\/title>\n<meta name=\"robots\" content=\"index, follow, max-snippet:-1, max-image-preview:large, max-video-preview:-1\" \/>\n<link rel=\"canonical\" href=\"https:\/\/uet.edu.al\/en\/bordi-i-administrimit\/\" \/>\n<meta property=\"og:locale\" content=\"en_US\" \/>\n<meta property=\"og:type\" content=\"article\" \/>\n<meta property=\"og:title\" content=\"BORDI I ADMINISTRIMIT - UET\" \/>\n<meta property=\"og:description\" content=\"Bordi i Administrimit i Universitetit Europian t\u00eb Tiran\u00ebs \u00ebsht\u00eb nj\u00eb organ i r\u00ebnd\u00ebsish\u00ebm q\u00eb mbik\u00ebqyr menaxhimin dhe administrimin e universitetit. Ky bord p\u00ebrb\u00ebhet nga individ\u00eb t\u00eb respektuar dhe me p\u00ebrvoj\u00eb n\u00eb fusha t\u00eb ndryshme, t\u00eb cil\u00ebt kontribuojn\u00eb n\u00eb zhvillimin strategjik &hellip;\" \/>\n<meta property=\"og:url\" content=\"https:\/\/uet.edu.al\/en\/bordi-i-administrimit\/\" \/>\n<meta property=\"og:site_name\" content=\"UET\" \/>\n<meta property=\"article:publisher\" content=\"https:\/\/www.facebook.com\/UniversitetiEuropianiTiranes\/\" \/>\n<meta property=\"article:modified_time\" content=\"2024-08-05T19:38:09+00:00\" \/>\n<meta property=\"og:image\" content=\"https:\/\/uet.edu.al\/wp-content\/uploads\/2024\/08\/brunilda-duraj.jpg\" \/>\n<meta name=\"twitter:card\" content=\"summary_large_image\" \/>\n<meta name=\"twitter:label1\" content=\"Est. reading time\" \/>\n\t<meta name=\"twitter:data1\" content=\"1 minute\" \/>\n<script type=\"application\/ld+json\" class=\"yoast-schema-graph\">{\"@context\":\"https:\/\/schema.org\",\"@graph\":[{\"@type\":\"WebPage\",\"@id\":\"https:\/\/uet.edu.al\/bordi-i-administrimit\/\",\"url\":\"https:\/\/uet.edu.al\/bordi-i-administrimit\/\",\"name\":\"BORDI I ADMINISTRIMIT - UET\",\"isPartOf\":{\"@id\":\"https:\/\/uet.edu.al\/en\/#website\"},\"primaryImageOfPage\":{\"@id\":\"https:\/\/uet.edu.al\/bordi-i-administrimit\/#primaryimage\"},\"image\":{\"@id\":\"https:\/\/uet.edu.al\/bordi-i-administrimit\/#primaryimage\"},\"thumbnailUrl\":\"https:\/\/uet.edu.al\/wp-content\/uploads\/2024\/08\/brunilda-duraj.jpg\",\"datePublished\":\"2024-08-05T16:14:06+00:00\",\"dateModified\":\"2024-08-05T19:38:09+00:00\",\"breadcrumb\":{\"@id\":\"https:\/\/uet.edu.al\/bordi-i-administrimit\/#breadcrumb\"},\"inLanguage\":\"en-US\",\"potentialAction\":[{\"@type\":\"ReadAction\",\"target\":[\"https:\/\/uet.edu.al\/bordi-i-administrimit\/\"]}]},{\"@type\":\"ImageObject\",\"inLanguage\":\"en-US\",\"@id\":\"https:\/\/uet.edu.al\/bordi-i-administrimit\/#primaryimage\",\"url\":\"https:\/\/uet.edu.al\/wp-content\/uploads\/2024\/08\/brunilda-duraj.jpg\",\"contentUrl\":\"https:\/\/uet.edu.al\/wp-content\/uploads\/2024\/08\/brunilda-duraj.jpg\"},{\"@type\":\"BreadcrumbList\",\"@id\":\"https:\/\/uet.edu.al\/bordi-i-administrimit\/#breadcrumb\",\"itemListElement\":[{\"@type\":\"ListItem\",\"position\":1,\"name\":\"Home\",\"item\":\"https:\/\/uet.edu.al\/\"},{\"@type\":\"ListItem\",\"position\":2,\"name\":\"BORDI I ADMINISTRIMIT\"}]},{\"@type\":\"WebSite\",\"@id\":\"https:\/\/uet.edu.al\/en\/#website\",\"url\":\"https:\/\/uet.edu.al\/en\/\",\"name\":\"UET\",\"description\":\"Universiteti Europian i Tiran\u00ebs\",\"publisher\":{\"@id\":\"https:\/\/uet.edu.al\/en\/#organization\"},\"potentialAction\":[{\"@type\":\"SearchAction\",\"target\":{\"@type\":\"EntryPoint\",\"urlTemplate\":\"https:\/\/uet.edu.al\/en\/?s={search_term_string}\"},\"query-input\":{\"@type\":\"PropertyValueSpecification\",\"valueRequired\":true,\"valueName\":\"search_term_string\"}}],\"inLanguage\":\"en-US\"},{\"@type\":\"Organization\",\"@id\":\"https:\/\/uet.edu.al\/en\/#organization\",\"name\":\"Universiteti Europian i Tiranes\",\"url\":\"https:\/\/uet.edu.al\/en\/\",\"logo\":{\"@type\":\"ImageObject\",\"inLanguage\":\"en-US\",\"@id\":\"https:\/\/uet.edu.al\/en\/#\/schema\/logo\/image\/\",\"url\":\"https:\/\/uet.edu.al\/wp-content\/uploads\/2022\/12\/Logo-pa-adrese.png\",\"contentUrl\":\"https:\/\/uet.edu.al\/wp-content\/uploads\/2022\/12\/Logo-pa-adrese.png\",\"width\":1418,\"height\":696,\"caption\":\"Universiteti Europian i Tiranes\"},\"image\":{\"@id\":\"https:\/\/uet.edu.al\/en\/#\/schema\/logo\/image\/\"},\"sameAs\":[\"https:\/\/www.facebook.com\/UniversitetiEuropianiTiranes\/\"]}]}<\/script>\n<!-- \/ Yoast SEO plugin. -->","yoast_head_json":{"title":"BORDI I ADMINISTRIMIT - UET","robots":{"index":"index","follow":"follow","max-snippet":"max-snippet:-1","max-image-preview":"max-image-preview:large","max-video-preview":"max-video-preview:-1"},"canonical":"https:\/\/uet.edu.al\/en\/bordi-i-administrimit\/","og_locale":"en_US","og_type":"article","og_title":"BORDI I ADMINISTRIMIT - UET","og_description":"Bordi i Administrimit i Universitetit Europian t\u00eb Tiran\u00ebs \u00ebsht\u00eb nj\u00eb organ i r\u00ebnd\u00ebsish\u00ebm q\u00eb mbik\u00ebqyr menaxhimin dhe administrimin e universitetit. Ky bord p\u00ebrb\u00ebhet nga individ\u00eb t\u00eb respektuar dhe me p\u00ebrvoj\u00eb n\u00eb fusha t\u00eb ndryshme, t\u00eb cil\u00ebt kontribuojn\u00eb n\u00eb zhvillimin strategjik &hellip;","og_url":"https:\/\/uet.edu.al\/en\/bordi-i-administrimit\/","og_site_name":"UET","article_publisher":"https:\/\/www.facebook.com\/UniversitetiEuropianiTiranes\/","article_modified_time":"2024-08-05T19:38:09+00:00","og_image":[{"url":"https:\/\/uet.edu.al\/wp-content\/uploads\/2024\/08\/brunilda-duraj.jpg","type":"","width":"","height":""}],"twitter_card":"summary_large_image","twitter_misc":{"Est. reading time":"1 minute"},"schema":{"@context":"https:\/\/schema.org","@graph":[{"@type":"WebPage","@id":"https:\/\/uet.edu.al\/bordi-i-administrimit\/","url":"https:\/\/uet.edu.al\/bordi-i-administrimit\/","name":"BORDI I ADMINISTRIMIT - UET","isPartOf":{"@id":"https:\/\/uet.edu.al\/en\/#website"},"primaryImageOfPage":{"@id":"https:\/\/uet.edu.al\/bordi-i-administrimit\/#primaryimage"},"image":{"@id":"https:\/\/uet.edu.al\/bordi-i-administrimit\/#primaryimage"},"thumbnailUrl":"https:\/\/uet.edu.al\/wp-content\/uploads\/2024\/08\/brunilda-duraj.jpg","datePublished":"2024-08-05T16:14:06+00:00","dateModified":"2024-08-05T19:38:09+00:00","breadcrumb":{"@id":"https:\/\/uet.edu.al\/bordi-i-administrimit\/#breadcrumb"},"inLanguage":"en-US","potentialAction":[{"@type":"ReadAction","target":["https:\/\/uet.edu.al\/bordi-i-administrimit\/"]}]},{"@type":"ImageObject","inLanguage":"en-US","@id":"https:\/\/uet.edu.al\/bordi-i-administrimit\/#primaryimage","url":"https:\/\/uet.edu.al\/wp-content\/uploads\/2024\/08\/brunilda-duraj.jpg","contentUrl":"https:\/\/uet.edu.al\/wp-content\/uploads\/2024\/08\/brunilda-duraj.jpg"},{"@type":"BreadcrumbList","@id":"https:\/\/uet.edu.al\/bordi-i-administrimit\/#breadcrumb","itemListElement":[{"@type":"ListItem","position":1,"name":"Home","item":"https:\/\/uet.edu.al\/"},{"@type":"ListItem","position":2,"name":"BORDI I ADMINISTRIMIT"}]},{"@type":"WebSite","@id":"https:\/\/uet.edu.al\/en\/#website","url":"https:\/\/uet.edu.al\/en\/","name":"UET","description":"Universiteti Europian i Tiran\u00ebs","publisher":{"@id":"https:\/\/uet.edu.al\/en\/#organization"},"potentialAction":[{"@type":"SearchAction","target":{"@type":"EntryPoint","urlTemplate":"https:\/\/uet.edu.al\/en\/?s={search_term_string}"},"query-input":{"@type":"PropertyValueSpecification","valueRequired":true,"valueName":"search_term_string"}}],"inLanguage":"en-US"},{"@type":"Organization","@id":"https:\/\/uet.edu.al\/en\/#organization","name":"Universiteti Europian i Tiranes","url":"https:\/\/uet.edu.al\/en\/","logo":{"@type":"ImageObject","inLanguage":"en-US","@id":"https:\/\/uet.edu.al\/en\/#\/schema\/logo\/image\/","url":"https:\/\/uet.edu.al\/wp-content\/uploads\/2022\/12\/Logo-pa-adrese.png","contentUrl":"https:\/\/uet.edu.al\/wp-content\/uploads\/2022\/12\/Logo-pa-adrese.png","width":1418,"height":696,"caption":"Universiteti Europian i Tiranes"},"image":{"@id":"https:\/\/uet.edu.al\/en\/#\/schema\/logo\/image\/"},"sameAs":["https:\/\/www.facebook.com\/UniversitetiEuropianiTiranes\/"]}]}},"_links":{"self":[{"href":"https:\/\/uet.edu.al\/en\/wp-json\/wp\/v2\/pages\/16685","targetHints":{"allow":["GET"]}}],"collection":[{"href":"https:\/\/uet.edu.al\/en\/wp-json\/wp\/v2\/pages"}],"about":[{"href":"https:\/\/uet.edu.al\/en\/wp-json\/wp\/v2\/types\/page"}],"author":[{"embeddable":true,"href":"https:\/\/uet.edu.al\/en\/wp-json\/wp\/v2\/users\/7"}],"replies":[{"embeddable":true,"href":"https:\/\/uet.edu.al\/en\/wp-json\/wp\/v2\/comments?post=16685"}],"version-history":[{"count":61,"href":"https:\/\/uet.edu.al\/en\/wp-json\/wp\/v2\/pages\/16685\/revisions"}],"predecessor-version":[{"id":16786,"href":"https:\/\/uet.edu.al\/en\/wp-json\/wp\/v2\/pages\/16685\/revisions\/16786"}],"wp:attachment":[{"href":"https:\/\/uet.edu.al\/en\/wp-json\/wp\/v2\/media?parent=16685"}],"curies":[{"name":"wp","href":"https:\/\/api.w.org\/{rel}","templated":true}]}}