{"id":15066,"date":"2023-07-04T12:52:56","date_gmt":"2023-07-04T12:52:56","guid":{"rendered":"https:\/\/uet.edu.al\/?page_id=15066"},"modified":"2025-04-28T10:31:12","modified_gmt":"2025-04-28T08:31:12","slug":"plani-i-barazise-gjinore","status":"publish","type":"page","link":"https:\/\/uet.edu.al\/en\/plani-i-barazise-gjinore\/","title":{"rendered":"GENDER EQUALITY PLAN"},"content":{"rendered":"<div data-elementor-type=\"wp-page\" data-elementor-id=\"15066\" class=\"elementor elementor-15066\" data-elementor-post-type=\"page\">\n\t\t\t\t\t\t<section class=\"elementor-section elementor-top-section elementor-element elementor-element-03db498 elementor-section-boxed elementor-section-height-default elementor-section-height-default\" data-id=\"03db498\" data-element_type=\"section\">\n\t\t\t\t\t\t<div class=\"elementor-container elementor-column-gap-default\">\n\t\t\t\t\t<div class=\"elementor-column elementor-col-100 elementor-top-column elementor-element elementor-element-4ccfea6\" data-id=\"4ccfea6\" data-element_type=\"column\">\n\t\t\t<div class=\"elementor-widget-wrap elementor-element-populated\">\n\t\t\t\t\t\t<div class=\"elementor-element elementor-element-703ac1b elementor-widget elementor-widget-text-editor\" data-id=\"703ac1b\" data-element_type=\"widget\" data-widget_type=\"text-editor.default\">\n\t\t\t\t<div class=\"elementor-widget-container\">\n\t\t\t\t\t\t\t\t\t<p><span style=\"color: #000000;\">Since March 21, 2025, the European University of Tirana has signed the Declaration of Support for the Women's Empowerment Principles (WEPs). <\/span><span style=\"color: #000000;\">This signals a high-level institutional commitment to promoting a culture and business practices that advance gender equality and the empowerment of women.<\/span><\/p>\t\t\t\t\t\t\t\t<\/div>\n\t\t\t\t<\/div>\n\t\t\t\t<div class=\"elementor-element elementor-element-36fe90e elementor-widget elementor-widget-button\" data-id=\"36fe90e\" data-element_type=\"widget\" data-widget_type=\"button.default\">\n\t\t\t\t<div class=\"elementor-widget-container\">\n\t\t\t\t\t\t\t\t\t<div class=\"elementor-button-wrapper\">\n\t\t\t\t\t<a class=\"elementor-button elementor-button-link elementor-size-sm\" href=\"https:\/\/www.weps.org\/company\/european-university-tirana\">\n\t\t\t\t\t\t<span class=\"elementor-button-content-wrapper\">\n\t\t\t\t\t\t\t\t\t<span class=\"elementor-button-text\">WEP Declaration<\/span>\n\t\t\t\t\t<\/span>\n\t\t\t\t\t<\/a>\n\t\t\t\t<\/div>\n\t\t\t\t\t\t\t\t<\/div>\n\t\t\t\t<\/div>\n\t\t\t\t<div class=\"elementor-element elementor-element-074821f elementor-widget elementor-widget-spacer\" data-id=\"074821f\" data-element_type=\"widget\" data-widget_type=\"spacer.default\">\n\t\t\t\t<div class=\"elementor-widget-container\">\n\t\t\t\t\t\t\t<div class=\"elementor-spacer\">\n\t\t\t<div class=\"elementor-spacer-inner\"><\/div>\n\t\t<\/div>\n\t\t\t\t\t\t<\/div>\n\t\t\t\t<\/div>\n\t\t\t\t\t<\/div>\n\t\t<\/div>\n\t\t\t\t\t<\/div>\n\t\t<\/section>\n\t\t\t\t<section class=\"elementor-section elementor-top-section elementor-element elementor-element-3e1e0b70 elementor-section-boxed elementor-section-height-default elementor-section-height-default\" data-id=\"3e1e0b70\" data-element_type=\"section\">\n\t\t\t\t\t\t<div class=\"elementor-container elementor-column-gap-default\">\n\t\t\t\t\t<div class=\"elementor-column elementor-col-100 elementor-top-column elementor-element elementor-element-75189a54\" data-id=\"75189a54\" data-element_type=\"column\">\n\t\t\t<div class=\"elementor-widget-wrap elementor-element-populated\">\n\t\t\t\t\t\t<div class=\"elementor-element elementor-element-321cfcfe elementor-widget elementor-widget-text-editor\" data-id=\"321cfcfe\" data-element_type=\"widget\" data-widget_type=\"text-editor.default\">\n\t\t\t\t<div class=\"elementor-widget-container\">\n\t\t\t\t\t\t\t\t\t<p><span style=\"color: #000000;\">European University of Tirana (UET) is committed to promoting gender equality in research and innovation following the European Commission guidelines. Thus, the Rector of UET has established a Gender Equality Plan (GEP) Team, appointed in compliance with the Horizon Europe Guidance on Gender Equality Plans.<\/span><\/p><h4><span style=\"color: #000000;\">The GEP Team is composed by:<\/span><\/h4><p><span style=\"color: #000000;\">1. Prof. Dr. Drita Kruja \u2013 Head of the group<\/span><br \/><span style=\"color: #000000;\">2. Prof. Asoc. Dr. Erika Melonashi- Member<\/span><br \/><span style=\"color: #000000;\">3. Ph.D. Ketrina \u00c7abiri-Mijo \u2013 Member<\/span><br \/><span style=\"color: #000000;\">4. Ph.D. Orjon Rroji \u2013 Member<\/span><br \/><span style=\"color: #000000;\">5. MSc. Kebjana Haka \u2013 Member<\/span><br \/><span style=\"color: #000000;\">6. MSc. Alba Biba \u2013 Member<\/span><br \/><span style=\"color: #000000;\">7. Dr. Sokol Ndoka \u2013 Member<\/span><br \/><span style=\"color: #000000;\">8. MSc. Betim Shkupi \u2013 Member<\/span><\/p><p><span style=\"color: #000000;\">In order to have clear and the best information regarding the GEP preparation, the GEP Team had at his disposal and was supported by all the structures of the UET, such as administrative staff, project managers, and academic staff.<\/span><\/p>\t\t\t\t\t\t\t\t<\/div>\n\t\t\t\t<\/div>\n\t\t\t\t<div class=\"elementor-element elementor-element-458cf0e elementor-widget elementor-widget-button\" data-id=\"458cf0e\" data-element_type=\"widget\" data-widget_type=\"button.default\">\n\t\t\t\t<div class=\"elementor-widget-container\">\n\t\t\t\t\t\t\t\t\t<div class=\"elementor-button-wrapper\">\n\t\t\t\t\t<a class=\"elementor-button elementor-button-link elementor-size-sm\" href=\"https:\/\/uet.edu.al\/wp-content\/uploads\/2023\/07\/Gender-Equality-Plan-2023.pdf\">\n\t\t\t\t\t\t<span class=\"elementor-button-content-wrapper\">\n\t\t\t\t\t\t\t\t\t<span class=\"elementor-button-text\">Download Gender Equality Plan<\/span>\n\t\t\t\t\t<\/span>\n\t\t\t\t\t<\/a>\n\t\t\t\t<\/div>\n\t\t\t\t\t\t\t\t<\/div>\n\t\t\t\t<\/div>\n\t\t\t\t\t<\/div>\n\t\t<\/div>\n\t\t\t\t\t<\/div>\n\t\t<\/section>\n\t\t\t\t<\/div>","protected":false},"excerpt":{"rendered":"<p>Q\u00eb prej 21 Marsit 2025, Universiteti Europian i Tiran\u00ebs ka n\u00ebnshkruar Deklarat\u00ebn p\u00ebr Mb\u00ebshtetjen e Parimeve t\u00eb Fuqizimit t\u00eb Grave (WEPs). Kjo sinjalizon angazhimin n\u00eb nivelin m\u00eb t\u00eb lart\u00eb t\u00eb shoq\u00ebris\u00eb p\u00ebr t\u00eb nxitur kultur\u00ebn dhe praktikat e biznesit q\u00eb &hellip; <\/p>","protected":false},"author":7,"featured_media":0,"parent":0,"menu_order":0,"comment_status":"closed","ping_status":"closed","template":"","meta":{"footnotes":""},"class_list":["post-15066","page","type-page","status-publish","hentry"],"yoast_head":"<!-- This site is optimized with the Yoast SEO plugin v26.9 - https:\/\/yoast.com\/product\/yoast-seo-wordpress\/ -->\n<title>Plani i barazis\u00eb gjinore - UET<\/title>\n<meta name=\"robots\" content=\"index, follow, max-snippet:-1, max-image-preview:large, max-video-preview:-1\" \/>\n<link rel=\"canonical\" href=\"https:\/\/uet.edu.al\/en\/plani-i-barazise-gjinore\/\" \/>\n<meta property=\"og:locale\" content=\"en_US\" \/>\n<meta property=\"og:type\" content=\"article\" \/>\n<meta property=\"og:title\" content=\"Plani i barazis\u00eb gjinore - UET\" \/>\n<meta property=\"og:description\" content=\"Q\u00eb prej 21 Marsit 2025, Universiteti Europian i Tiran\u00ebs ka n\u00ebnshkruar Deklarat\u00ebn p\u00ebr Mb\u00ebshtetjen e Parimeve t\u00eb Fuqizimit t\u00eb Grave (WEPs). Kjo sinjalizon angazhimin n\u00eb nivelin m\u00eb t\u00eb lart\u00eb t\u00eb shoq\u00ebris\u00eb p\u00ebr t\u00eb nxitur kultur\u00ebn dhe praktikat e biznesit q\u00eb &hellip;\" \/>\n<meta property=\"og:url\" content=\"https:\/\/uet.edu.al\/en\/plani-i-barazise-gjinore\/\" \/>\n<meta property=\"og:site_name\" content=\"UET\" \/>\n<meta property=\"article:publisher\" content=\"https:\/\/www.facebook.com\/UniversitetiEuropianiTiranes\/\" \/>\n<meta property=\"article:modified_time\" content=\"2025-04-28T08:31:12+00:00\" \/>\n<meta property=\"og:image\" content=\"https:\/\/uet.edu.al\/wp-content\/uploads\/2022\/12\/Logo-pa-adrese.png\" \/>\n\t<meta property=\"og:image:width\" content=\"1418\" \/>\n\t<meta property=\"og:image:height\" content=\"696\" \/>\n\t<meta property=\"og:image:type\" content=\"image\/png\" \/>\n<meta name=\"twitter:card\" content=\"summary_large_image\" \/>\n<meta name=\"twitter:label1\" content=\"Est. reading time\" \/>\n\t<meta name=\"twitter:data1\" content=\"1 minute\" \/>\n<script type=\"application\/ld+json\" class=\"yoast-schema-graph\">{\"@context\":\"https:\/\/schema.org\",\"@graph\":[{\"@type\":\"WebPage\",\"@id\":\"https:\/\/uet.edu.al\/plani-i-barazise-gjinore\/\",\"url\":\"https:\/\/uet.edu.al\/plani-i-barazise-gjinore\/\",\"name\":\"Plani i barazis\u00eb gjinore - UET\",\"isPartOf\":{\"@id\":\"https:\/\/uet.edu.al\/en\/#website\"},\"datePublished\":\"2023-07-04T12:52:56+00:00\",\"dateModified\":\"2025-04-28T08:31:12+00:00\",\"breadcrumb\":{\"@id\":\"https:\/\/uet.edu.al\/plani-i-barazise-gjinore\/#breadcrumb\"},\"inLanguage\":\"en-US\",\"potentialAction\":[{\"@type\":\"ReadAction\",\"target\":[\"https:\/\/uet.edu.al\/plani-i-barazise-gjinore\/\"]}]},{\"@type\":\"BreadcrumbList\",\"@id\":\"https:\/\/uet.edu.al\/plani-i-barazise-gjinore\/#breadcrumb\",\"itemListElement\":[{\"@type\":\"ListItem\",\"position\":1,\"name\":\"Home\",\"item\":\"https:\/\/uet.edu.al\/\"},{\"@type\":\"ListItem\",\"position\":2,\"name\":\"Plani i barazis\u00eb gjinore\"}]},{\"@type\":\"WebSite\",\"@id\":\"https:\/\/uet.edu.al\/en\/#website\",\"url\":\"https:\/\/uet.edu.al\/en\/\",\"name\":\"UET\",\"description\":\"Universiteti Europian i Tiran\u00ebs\",\"publisher\":{\"@id\":\"https:\/\/uet.edu.al\/en\/#organization\"},\"potentialAction\":[{\"@type\":\"SearchAction\",\"target\":{\"@type\":\"EntryPoint\",\"urlTemplate\":\"https:\/\/uet.edu.al\/en\/?s={search_term_string}\"},\"query-input\":{\"@type\":\"PropertyValueSpecification\",\"valueRequired\":true,\"valueName\":\"search_term_string\"}}],\"inLanguage\":\"en-US\"},{\"@type\":\"Organization\",\"@id\":\"https:\/\/uet.edu.al\/en\/#organization\",\"name\":\"Universiteti Europian i Tiranes\",\"url\":\"https:\/\/uet.edu.al\/en\/\",\"logo\":{\"@type\":\"ImageObject\",\"inLanguage\":\"en-US\",\"@id\":\"https:\/\/uet.edu.al\/en\/#\/schema\/logo\/image\/\",\"url\":\"https:\/\/uet.edu.al\/wp-content\/uploads\/2022\/12\/Logo-pa-adrese.png\",\"contentUrl\":\"https:\/\/uet.edu.al\/wp-content\/uploads\/2022\/12\/Logo-pa-adrese.png\",\"width\":1418,\"height\":696,\"caption\":\"Universiteti Europian i Tiranes\"},\"image\":{\"@id\":\"https:\/\/uet.edu.al\/en\/#\/schema\/logo\/image\/\"},\"sameAs\":[\"https:\/\/www.facebook.com\/UniversitetiEuropianiTiranes\/\"]}]}<\/script>\n<!-- \/ Yoast SEO plugin. -->","yoast_head_json":{"title":"Plani i barazis\u00eb gjinore - UET","robots":{"index":"index","follow":"follow","max-snippet":"max-snippet:-1","max-image-preview":"max-image-preview:large","max-video-preview":"max-video-preview:-1"},"canonical":"https:\/\/uet.edu.al\/en\/plani-i-barazise-gjinore\/","og_locale":"en_US","og_type":"article","og_title":"Plani i barazis\u00eb gjinore - UET","og_description":"Q\u00eb prej 21 Marsit 2025, Universiteti Europian i Tiran\u00ebs ka n\u00ebnshkruar Deklarat\u00ebn p\u00ebr Mb\u00ebshtetjen e Parimeve t\u00eb Fuqizimit t\u00eb Grave (WEPs). Kjo sinjalizon angazhimin n\u00eb nivelin m\u00eb t\u00eb lart\u00eb t\u00eb shoq\u00ebris\u00eb p\u00ebr t\u00eb nxitur kultur\u00ebn dhe praktikat e biznesit q\u00eb &hellip;","og_url":"https:\/\/uet.edu.al\/en\/plani-i-barazise-gjinore\/","og_site_name":"UET","article_publisher":"https:\/\/www.facebook.com\/UniversitetiEuropianiTiranes\/","article_modified_time":"2025-04-28T08:31:12+00:00","og_image":[{"width":1418,"height":696,"url":"https:\/\/uet.edu.al\/wp-content\/uploads\/2022\/12\/Logo-pa-adrese.png","type":"image\/png"}],"twitter_card":"summary_large_image","twitter_misc":{"Est. reading time":"1 minute"},"schema":{"@context":"https:\/\/schema.org","@graph":[{"@type":"WebPage","@id":"https:\/\/uet.edu.al\/plani-i-barazise-gjinore\/","url":"https:\/\/uet.edu.al\/plani-i-barazise-gjinore\/","name":"Plani i barazis\u00eb gjinore - UET","isPartOf":{"@id":"https:\/\/uet.edu.al\/en\/#website"},"datePublished":"2023-07-04T12:52:56+00:00","dateModified":"2025-04-28T08:31:12+00:00","breadcrumb":{"@id":"https:\/\/uet.edu.al\/plani-i-barazise-gjinore\/#breadcrumb"},"inLanguage":"en-US","potentialAction":[{"@type":"ReadAction","target":["https:\/\/uet.edu.al\/plani-i-barazise-gjinore\/"]}]},{"@type":"BreadcrumbList","@id":"https:\/\/uet.edu.al\/plani-i-barazise-gjinore\/#breadcrumb","itemListElement":[{"@type":"ListItem","position":1,"name":"Home","item":"https:\/\/uet.edu.al\/"},{"@type":"ListItem","position":2,"name":"Plani i barazis\u00eb gjinore"}]},{"@type":"WebSite","@id":"https:\/\/uet.edu.al\/en\/#website","url":"https:\/\/uet.edu.al\/en\/","name":"UET","description":"Universiteti Europian i Tiran\u00ebs","publisher":{"@id":"https:\/\/uet.edu.al\/en\/#organization"},"potentialAction":[{"@type":"SearchAction","target":{"@type":"EntryPoint","urlTemplate":"https:\/\/uet.edu.al\/en\/?s={search_term_string}"},"query-input":{"@type":"PropertyValueSpecification","valueRequired":true,"valueName":"search_term_string"}}],"inLanguage":"en-US"},{"@type":"Organization","@id":"https:\/\/uet.edu.al\/en\/#organization","name":"Universiteti Europian i Tiranes","url":"https:\/\/uet.edu.al\/en\/","logo":{"@type":"ImageObject","inLanguage":"en-US","@id":"https:\/\/uet.edu.al\/en\/#\/schema\/logo\/image\/","url":"https:\/\/uet.edu.al\/wp-content\/uploads\/2022\/12\/Logo-pa-adrese.png","contentUrl":"https:\/\/uet.edu.al\/wp-content\/uploads\/2022\/12\/Logo-pa-adrese.png","width":1418,"height":696,"caption":"Universiteti Europian i Tiranes"},"image":{"@id":"https:\/\/uet.edu.al\/en\/#\/schema\/logo\/image\/"},"sameAs":["https:\/\/www.facebook.com\/UniversitetiEuropianiTiranes\/"]}]}},"_links":{"self":[{"href":"https:\/\/uet.edu.al\/en\/wp-json\/wp\/v2\/pages\/15066","targetHints":{"allow":["GET"]}}],"collection":[{"href":"https:\/\/uet.edu.al\/en\/wp-json\/wp\/v2\/pages"}],"about":[{"href":"https:\/\/uet.edu.al\/en\/wp-json\/wp\/v2\/types\/page"}],"author":[{"embeddable":true,"href":"https:\/\/uet.edu.al\/en\/wp-json\/wp\/v2\/users\/7"}],"replies":[{"embeddable":true,"href":"https:\/\/uet.edu.al\/en\/wp-json\/wp\/v2\/comments?post=15066"}],"version-history":[{"count":13,"href":"https:\/\/uet.edu.al\/en\/wp-json\/wp\/v2\/pages\/15066\/revisions"}],"predecessor-version":[{"id":19241,"href":"https:\/\/uet.edu.al\/en\/wp-json\/wp\/v2\/pages\/15066\/revisions\/19241"}],"wp:attachment":[{"href":"https:\/\/uet.edu.al\/en\/wp-json\/wp\/v2\/media?parent=15066"}],"curies":[{"name":"wp","href":"https:\/\/api.w.org\/{rel}","templated":true}]}}