{"id":14929,"date":"2023-03-24T17:22:48","date_gmt":"2023-03-24T17:22:48","guid":{"rendered":"https:\/\/uet.edu.al\/?page_id=14929"},"modified":"2023-03-28T14:49:34","modified_gmt":"2023-03-28T14:49:34","slug":"tutoriati","status":"publish","type":"page","link":"https:\/\/uet.edu.al\/en\/tutoriati\/","title":{"rendered":"TUTORING"},"content":{"rendered":"<div data-elementor-type=\"wp-page\" data-elementor-id=\"14929\" class=\"elementor elementor-14929\" data-elementor-post-type=\"page\">\n\t\t\t\t\t\t<section class=\"elementor-section elementor-top-section elementor-element elementor-element-3252e441 elementor-section-boxed elementor-section-height-default elementor-section-height-default\" data-id=\"3252e441\" data-element_type=\"section\">\n\t\t\t\t\t\t<div class=\"elementor-container elementor-column-gap-default\">\n\t\t\t\t\t<div class=\"elementor-column elementor-col-100 elementor-top-column elementor-element elementor-element-23ddffa3\" data-id=\"23ddffa3\" data-element_type=\"column\">\n\t\t\t<div class=\"elementor-widget-wrap elementor-element-populated\">\n\t\t\t\t\t\t<div class=\"elementor-element elementor-element-76bec948 elementor-widget elementor-widget-text-editor\" data-id=\"76bec948\" data-element_type=\"widget\" data-widget_type=\"text-editor.default\">\n\t\t\t\t<div class=\"elementor-widget-container\">\n\t\t\t\t\t\t\t\t\t<p>Academic tutoring and counseling are held throughout the academic year (first week of September - last week of June) at the same time (Friday 15:00-17:00), announced at the beginning of the year. Methodological sessions are also held within this time.<\/p><ul><li><strong>Tutoring:<\/strong> Each member of the internal academic staff is in charge of a group of students and spends 1 (one) hour per week in a designated office\/room, in function of this service, during a time without teaching or administrative load. It is advisable that the student maintain contact with the same lecturer throughout the entire study cycle.<\/li><\/ul><p><a href=\"https:\/\/uet.edu.al\/wp-content\/uploads\/2023\/03\/ORARI-I-TUTORIATIT-1.pdf\">Schedule for the second semester (click here)<\/a><\/p>\t\t\t\t\t\t\t\t<\/div>\n\t\t\t\t<\/div>\n\t\t\t\t\t<\/div>\n\t\t<\/div>\n\t\t\t\t\t<\/div>\n\t\t<\/section>\n\t\t\t\t<\/div>","protected":false},"excerpt":{"rendered":"<p>Tutoriati dhe k\u00ebshillimi akademik zhvillohen gjat\u00eb gjith\u00eb vitit akademik (java e par\u00eb e Shtatorit \u2013 java e fundit e Qershorit) n\u00eb t\u00eb nj\u00ebjtin orar (E premte 15:00-17:00), t\u00eb shpallur q\u00eb n\u00eb fillim t\u00eb vitit. Brenda k\u00ebtij orari zhvillohen edhe seancat &hellip; <\/p>","protected":false},"author":7,"featured_media":0,"parent":0,"menu_order":0,"comment_status":"closed","ping_status":"closed","template":"","meta":{"footnotes":""},"class_list":["post-14929","page","type-page","status-publish","hentry"],"yoast_head":"<!-- This site is optimized with the Yoast SEO plugin v26.9 - https:\/\/yoast.com\/product\/yoast-seo-wordpress\/ -->\n<title>Tutoriati - UET<\/title>\n<meta name=\"robots\" content=\"index, follow, max-snippet:-1, max-image-preview:large, max-video-preview:-1\" \/>\n<link rel=\"canonical\" href=\"https:\/\/uet.edu.al\/en\/tutoriati\/\" \/>\n<meta property=\"og:locale\" content=\"en_US\" \/>\n<meta property=\"og:type\" content=\"article\" \/>\n<meta property=\"og:title\" content=\"Tutoriati - UET\" \/>\n<meta property=\"og:description\" content=\"Tutoriati dhe k\u00ebshillimi akademik zhvillohen gjat\u00eb gjith\u00eb vitit akademik (java e par\u00eb e Shtatorit \u2013 java e fundit e Qershorit) n\u00eb t\u00eb nj\u00ebjtin orar (E premte 15:00-17:00), t\u00eb shpallur q\u00eb n\u00eb fillim t\u00eb vitit. Brenda k\u00ebtij orari zhvillohen edhe seancat &hellip;\" \/>\n<meta property=\"og:url\" content=\"https:\/\/uet.edu.al\/en\/tutoriati\/\" \/>\n<meta property=\"og:site_name\" content=\"UET\" \/>\n<meta property=\"article:publisher\" content=\"https:\/\/www.facebook.com\/UniversitetiEuropianiTiranes\/\" \/>\n<meta property=\"article:modified_time\" content=\"2023-03-28T14:49:34+00:00\" \/>\n<meta property=\"og:image\" content=\"https:\/\/uet.edu.al\/wp-content\/uploads\/2022\/12\/Logo-pa-adrese.png\" \/>\n\t<meta property=\"og:image:width\" content=\"1418\" \/>\n\t<meta property=\"og:image:height\" content=\"696\" \/>\n\t<meta property=\"og:image:type\" content=\"image\/png\" \/>\n<meta name=\"twitter:card\" content=\"summary_large_image\" \/>\n<meta name=\"twitter:label1\" content=\"Est. reading time\" \/>\n\t<meta name=\"twitter:data1\" content=\"1 minute\" \/>\n<script type=\"application\/ld+json\" class=\"yoast-schema-graph\">{\"@context\":\"https:\/\/schema.org\",\"@graph\":[{\"@type\":\"WebPage\",\"@id\":\"https:\/\/uet.edu.al\/tutoriati\/\",\"url\":\"https:\/\/uet.edu.al\/tutoriati\/\",\"name\":\"Tutoriati - UET\",\"isPartOf\":{\"@id\":\"https:\/\/uet.edu.al\/en\/#website\"},\"datePublished\":\"2023-03-24T17:22:48+00:00\",\"dateModified\":\"2023-03-28T14:49:34+00:00\",\"breadcrumb\":{\"@id\":\"https:\/\/uet.edu.al\/tutoriati\/#breadcrumb\"},\"inLanguage\":\"en-US\",\"potentialAction\":[{\"@type\":\"ReadAction\",\"target\":[\"https:\/\/uet.edu.al\/tutoriati\/\"]}]},{\"@type\":\"BreadcrumbList\",\"@id\":\"https:\/\/uet.edu.al\/tutoriati\/#breadcrumb\",\"itemListElement\":[{\"@type\":\"ListItem\",\"position\":1,\"name\":\"Home\",\"item\":\"https:\/\/uet.edu.al\/\"},{\"@type\":\"ListItem\",\"position\":2,\"name\":\"Tutoriati\"}]},{\"@type\":\"WebSite\",\"@id\":\"https:\/\/uet.edu.al\/en\/#website\",\"url\":\"https:\/\/uet.edu.al\/en\/\",\"name\":\"UET\",\"description\":\"Universiteti Europian i Tiran\u00ebs\",\"publisher\":{\"@id\":\"https:\/\/uet.edu.al\/en\/#organization\"},\"potentialAction\":[{\"@type\":\"SearchAction\",\"target\":{\"@type\":\"EntryPoint\",\"urlTemplate\":\"https:\/\/uet.edu.al\/en\/?s={search_term_string}\"},\"query-input\":{\"@type\":\"PropertyValueSpecification\",\"valueRequired\":true,\"valueName\":\"search_term_string\"}}],\"inLanguage\":\"en-US\"},{\"@type\":\"Organization\",\"@id\":\"https:\/\/uet.edu.al\/en\/#organization\",\"name\":\"Universiteti Europian i Tiranes\",\"url\":\"https:\/\/uet.edu.al\/en\/\",\"logo\":{\"@type\":\"ImageObject\",\"inLanguage\":\"en-US\",\"@id\":\"https:\/\/uet.edu.al\/en\/#\/schema\/logo\/image\/\",\"url\":\"https:\/\/uet.edu.al\/wp-content\/uploads\/2022\/12\/Logo-pa-adrese.png\",\"contentUrl\":\"https:\/\/uet.edu.al\/wp-content\/uploads\/2022\/12\/Logo-pa-adrese.png\",\"width\":1418,\"height\":696,\"caption\":\"Universiteti Europian i Tiranes\"},\"image\":{\"@id\":\"https:\/\/uet.edu.al\/en\/#\/schema\/logo\/image\/\"},\"sameAs\":[\"https:\/\/www.facebook.com\/UniversitetiEuropianiTiranes\/\"]}]}<\/script>\n<!-- \/ Yoast SEO plugin. -->","yoast_head_json":{"title":"Tutoriati - UET","robots":{"index":"index","follow":"follow","max-snippet":"max-snippet:-1","max-image-preview":"max-image-preview:large","max-video-preview":"max-video-preview:-1"},"canonical":"https:\/\/uet.edu.al\/en\/tutoriati\/","og_locale":"en_US","og_type":"article","og_title":"Tutoriati - UET","og_description":"Tutoriati dhe k\u00ebshillimi akademik zhvillohen gjat\u00eb gjith\u00eb vitit akademik (java e par\u00eb e Shtatorit \u2013 java e fundit e Qershorit) n\u00eb t\u00eb nj\u00ebjtin orar (E premte 15:00-17:00), t\u00eb shpallur q\u00eb n\u00eb fillim t\u00eb vitit. Brenda k\u00ebtij orari zhvillohen edhe seancat &hellip;","og_url":"https:\/\/uet.edu.al\/en\/tutoriati\/","og_site_name":"UET","article_publisher":"https:\/\/www.facebook.com\/UniversitetiEuropianiTiranes\/","article_modified_time":"2023-03-28T14:49:34+00:00","og_image":[{"width":1418,"height":696,"url":"https:\/\/uet.edu.al\/wp-content\/uploads\/2022\/12\/Logo-pa-adrese.png","type":"image\/png"}],"twitter_card":"summary_large_image","twitter_misc":{"Est. reading time":"1 minute"},"schema":{"@context":"https:\/\/schema.org","@graph":[{"@type":"WebPage","@id":"https:\/\/uet.edu.al\/tutoriati\/","url":"https:\/\/uet.edu.al\/tutoriati\/","name":"Tutoriati - UET","isPartOf":{"@id":"https:\/\/uet.edu.al\/en\/#website"},"datePublished":"2023-03-24T17:22:48+00:00","dateModified":"2023-03-28T14:49:34+00:00","breadcrumb":{"@id":"https:\/\/uet.edu.al\/tutoriati\/#breadcrumb"},"inLanguage":"en-US","potentialAction":[{"@type":"ReadAction","target":["https:\/\/uet.edu.al\/tutoriati\/"]}]},{"@type":"BreadcrumbList","@id":"https:\/\/uet.edu.al\/tutoriati\/#breadcrumb","itemListElement":[{"@type":"ListItem","position":1,"name":"Home","item":"https:\/\/uet.edu.al\/"},{"@type":"ListItem","position":2,"name":"Tutoriati"}]},{"@type":"WebSite","@id":"https:\/\/uet.edu.al\/en\/#website","url":"https:\/\/uet.edu.al\/en\/","name":"UET","description":"Universiteti Europian i Tiran\u00ebs","publisher":{"@id":"https:\/\/uet.edu.al\/en\/#organization"},"potentialAction":[{"@type":"SearchAction","target":{"@type":"EntryPoint","urlTemplate":"https:\/\/uet.edu.al\/en\/?s={search_term_string}"},"query-input":{"@type":"PropertyValueSpecification","valueRequired":true,"valueName":"search_term_string"}}],"inLanguage":"en-US"},{"@type":"Organization","@id":"https:\/\/uet.edu.al\/en\/#organization","name":"Universiteti Europian i Tiranes","url":"https:\/\/uet.edu.al\/en\/","logo":{"@type":"ImageObject","inLanguage":"en-US","@id":"https:\/\/uet.edu.al\/en\/#\/schema\/logo\/image\/","url":"https:\/\/uet.edu.al\/wp-content\/uploads\/2022\/12\/Logo-pa-adrese.png","contentUrl":"https:\/\/uet.edu.al\/wp-content\/uploads\/2022\/12\/Logo-pa-adrese.png","width":1418,"height":696,"caption":"Universiteti Europian i Tiranes"},"image":{"@id":"https:\/\/uet.edu.al\/en\/#\/schema\/logo\/image\/"},"sameAs":["https:\/\/www.facebook.com\/UniversitetiEuropianiTiranes\/"]}]}},"_links":{"self":[{"href":"https:\/\/uet.edu.al\/en\/wp-json\/wp\/v2\/pages\/14929","targetHints":{"allow":["GET"]}}],"collection":[{"href":"https:\/\/uet.edu.al\/en\/wp-json\/wp\/v2\/pages"}],"about":[{"href":"https:\/\/uet.edu.al\/en\/wp-json\/wp\/v2\/types\/page"}],"author":[{"embeddable":true,"href":"https:\/\/uet.edu.al\/en\/wp-json\/wp\/v2\/users\/7"}],"replies":[{"embeddable":true,"href":"https:\/\/uet.edu.al\/en\/wp-json\/wp\/v2\/comments?post=14929"}],"version-history":[{"count":4,"href":"https:\/\/uet.edu.al\/en\/wp-json\/wp\/v2\/pages\/14929\/revisions"}],"predecessor-version":[{"id":14938,"href":"https:\/\/uet.edu.al\/en\/wp-json\/wp\/v2\/pages\/14929\/revisions\/14938"}],"wp:attachment":[{"href":"https:\/\/uet.edu.al\/en\/wp-json\/wp\/v2\/media?parent=14929"}],"curies":[{"name":"wp","href":"https:\/\/api.w.org\/{rel}","templated":true}]}}