{"id":12813,"date":"2022-04-07T12:28:22","date_gmt":"2022-04-07T12:28:22","guid":{"rendered":"https:\/\/uet.edu.al\/?page_id=12813"},"modified":"2025-03-27T15:21:15","modified_gmt":"2025-03-27T13:21:15","slug":"shkolla-sezonale","status":"publish","type":"page","link":"https:\/\/uet.edu.al\/en\/shkolla-sezonale\/","title":{"rendered":"Seasonal schools"},"content":{"rendered":"<div data-elementor-type=\"wp-page\" data-elementor-id=\"12813\" class=\"elementor elementor-12813\" data-elementor-post-type=\"page\">\n\t\t\t\t\t\t<section class=\"elementor-section elementor-top-section elementor-element elementor-element-285370f elementor-section-boxed elementor-section-height-default elementor-section-height-default\" data-id=\"285370f\" data-element_type=\"section\">\n\t\t\t\t\t\t\t<div class=\"elementor-background-overlay\"><\/div>\n\t\t\t\t\t\t\t<div class=\"elementor-container elementor-column-gap-default\">\n\t\t\t\t\t<div class=\"elementor-column elementor-col-100 elementor-top-column elementor-element elementor-element-ced4ca8\" data-id=\"ced4ca8\" data-element_type=\"column\">\n\t\t\t<div class=\"elementor-widget-wrap\">\n\t\t\t\t\t\t\t<\/div>\n\t\t<\/div>\n\t\t\t\t\t<\/div>\n\t\t<\/section>\n\t\t\t\t<section class=\"elementor-section elementor-top-section elementor-element elementor-element-a08321e elementor-section-boxed elementor-section-height-default elementor-section-height-default\" data-id=\"a08321e\" data-element_type=\"section\">\n\t\t\t\t\t\t<div class=\"elementor-container elementor-column-gap-default\">\n\t\t\t\t\t<div class=\"elementor-column elementor-col-100 elementor-top-column elementor-element elementor-element-93c959b\" data-id=\"93c959b\" data-element_type=\"column\">\n\t\t\t<div class=\"elementor-widget-wrap elementor-element-populated\">\n\t\t\t\t\t\t<div class=\"elementor-element elementor-element-f1b18d8 elementor-widget elementor-widget-heading\" data-id=\"f1b18d8\" data-element_type=\"widget\" data-widget_type=\"heading.default\">\n\t\t\t\t<div class=\"elementor-widget-container\">\n\t\t\t\t\t<h1 class=\"elementor-heading-title elementor-size-default\">EUT Seasonal Schools<\/h1>\t\t\t\t<\/div>\n\t\t\t\t<\/div>\n\t\t\t\t<div class=\"elementor-element elementor-element-3da7b9d elementor-widget elementor-widget-text-editor\" data-id=\"3da7b9d\" data-element_type=\"widget\" data-widget_type=\"text-editor.default\">\n\t\t\t\t<div class=\"elementor-widget-container\">\n\t\t\t\t\t\t\t\t\t<p><strong>The School of Public Health, the School of Humanities, the School of Innovation, the School of Business, and the School of Leadership<\/strong> are some of the most important initiatives through which the university aims to bring philosophy back into schools and public debate, to recreate a space for literature, to analyze the impact of technological developments on the country\u2019s economic and social life, to address public health issues, and to promote liberal thought in a country like Albania, where statism is often the response to economic and political challenges.\n\nHigh school graduates are invited to apply to take part in the activities of the Schools, which are organized over three days in the form of lectures and interactive discussions between participants, UET academic staff, and invited experts. Each School is organized by the respective UET Faculty, during predetermined periods throughout the academic year, with the support of the Economic Fundamentals Initiative (EFI).<\/p>\t\t\t\t\t\t\t\t<\/div>\n\t\t\t\t<\/div>\n\t\t\t\t\t<\/div>\n\t\t<\/div>\n\t\t\t\t\t<\/div>\n\t\t<\/section>\n\t\t\t\t<section class=\"elementor-section elementor-top-section elementor-element elementor-element-bbb6419 elementor-section-boxed elementor-section-height-default elementor-section-height-default\" data-id=\"bbb6419\" data-element_type=\"section\">\n\t\t\t\t\t\t<div class=\"elementor-container elementor-column-gap-default\">\n\t\t\t\t\t\t<\/div>\n\t\t<\/section>\n\t\t\t\t<section class=\"elementor-section elementor-top-section elementor-element elementor-element-a2fbc18 elementor-section-height-full elementor-section-stretched elementor-section-boxed elementor-section-height-default elementor-section-items-middle\" data-id=\"a2fbc18\" data-element_type=\"section\" data-settings=\"{&quot;stretch_section&quot;:&quot;section-stretched&quot;}\">\n\t\t\t\t\t\t<div class=\"elementor-container elementor-column-gap-default\">\n\t\t\t\t\t<div class=\"elementor-column elementor-col-100 elementor-top-column elementor-element elementor-element-36d12cf\" data-id=\"36d12cf\" data-element_type=\"column\">\n\t\t\t<div class=\"elementor-widget-wrap elementor-element-populated\">\n\t\t\t\t\t\t<div class=\"elementor-element elementor-element-f3c0e13 elementor--h-position-center elementor--v-position-middle elementor-arrows-position-inside elementor-widget elementor-widget-slides\" data-id=\"f3c0e13\" data-element_type=\"widget\" data-settings=\"{&quot;navigation&quot;:&quot;arrows&quot;,&quot;infinite&quot;:&quot;yes&quot;,&quot;transition&quot;:&quot;slide&quot;,&quot;transition_speed&quot;:500}\" data-widget_type=\"slides.default\">\n\t\t\t\t<div class=\"elementor-widget-container\">\n\t\t\t\t\t\t\t\t\t<div class=\"elementor-swiper\">\n\t\t\t\t\t<div class=\"elementor-slides-wrapper elementor-main-swiper swiper\" role=\"region\" aria-roledescription=\"carousel\" aria-label=\"Slides\" dir=\"ltr\" data-animation=\"fadeInUp\">\n\t\t\t\t<div class=\"swiper-wrapper elementor-slides\">\n\t\t\t\t\t\t\t\t\t\t<div class=\"elementor-repeater-item-1800675 swiper-slide\" role=\"group\" aria-roledescription=\"slide\"><div class=\"swiper-slide-bg\"><\/div><div class=\"swiper-slide-inner\" ><div class=\"swiper-slide-contents\"><div class=\"elementor-slide-heading\">Business School<br><b>Faculty of Economics, Business and Development<\/div><div class=\"elementor-slide-description\">Dardha Business School is an activity of \u201cPashko\u201d European Institute, which jointly organized with the Faculty of Economics, Business and Development of the European University of Tirana, EUT.\nThis school aims to promote liberal ideas, movement and approach within the Albanian society and economy. This annual school consists of a group of scholars, professors of economics, philosophy, journalists, high school graduands, civil society activists, free applicants, representatives from the business world, business associations, as well as international guests, etc., who gather and discuss how liberal ideas, freedom values, competition, free market, etc., could find more space in public life, economy, education, culture and throughout the country\u2019s life. Participants become part of a group of activities, such as: presentations, meetings, conversations, discussions, and a separate scientific session.<\/div><\/div><\/div><\/div><div class=\"elementor-repeater-item-b6f028b swiper-slide\" role=\"group\" aria-roledescription=\"slide\"><div class=\"swiper-slide-bg\"><\/div><div class=\"swiper-slide-inner\" ><div class=\"swiper-slide-contents\"><div class=\"elementor-slide-heading\">The Leadership School<br>Faculty of Law, Political Science and International Relations<\/div><div class=\"elementor-slide-description\">The Leadership School in Dh\u00ebrmi is organized by the Faculty of Law, Political Science, and International Relations. It consists in promoting the critical thinking of the secondary school graduands regarding the law, political science, and international relations issues. The graduands meet with special guests invited by the EUT and the selected academic staff of the Faculty and discuss specific issues. The meetings are organized as interactive lectures and discussions. For the 2021-2022 academic year the selected theme is Human Rights and Leadership in Times of Crisis.\u00a0<\/div><\/div><\/div><\/div><div class=\"elementor-repeater-item-9f6d686 swiper-slide\" role=\"group\" aria-roledescription=\"slide\"><div class=\"swiper-slide-bg\"><\/div><div class=\"swiper-slide-inner\" ><div class=\"swiper-slide-contents\"><div class=\"elementor-slide-heading\">School of Humanities <br>Faculty of Humanities, Education and Liberal Arts<\/div><div class=\"elementor-slide-description\">The Faculty of Humanities, Education and Liberal Arts organizes, every end of February, the School of Humanities. Designed as a symposium of ideas, the school brings together in Llogara the best high school graduands from all over Albania, to discuss the importance of this field of study as well as to analyze through workshops and open discussions with guest lecturers and experts, the steps to build a successful career in the humanities. During this winter school, high school graduands are trained in public communication, creative writing and leadership and the graduand with the best presentation wins a full scholarship to pursue his\/her bachelor's studies in one of the study programs of this faculty.\u00a0<\/div><\/div><\/div><\/div><div class=\"elementor-repeater-item-8d07667 swiper-slide\" role=\"group\" aria-roledescription=\"slide\"><div class=\"swiper-slide-bg\"><\/div><div class=\"swiper-slide-inner\" ><div class=\"swiper-slide-contents\"><div class=\"elementor-slide-heading\">Innovation School<br>Faculty of Engineering, Informatics and Architecture<\/div><div class=\"elementor-slide-description\">Durr\u00ebs Innovation School is an activity of the Faculty of Engineering, Informatics and Architecture, at the European University of Tirana, organized with the support of \u201cWorld Vision\u201d organization.\nThis school aims to promote the passion and importance of studying Engineering Sciences. It is annual activity that brings together high school graduands from different cities of Albania and researchers, experts, and professors in the fields of informatics, engineering, architecture, electronics, mechanics as well as international guests. Through meetings, experts discuss and inform high school graduands about the latest developments in technology, the impact on the social and economic life of our country and the measures that must be taken to be prepared for future technological developments. Participants become part of a group of activities, such as: presentations, meetings, conversations, discussions, and a scientific session.\n<\/div><\/div><\/div><\/div><div class=\"elementor-repeater-item-21e65df swiper-slide\" role=\"group\" aria-roledescription=\"slide\"><div class=\"swiper-slide-bg\"><\/div><div class=\"swiper-slide-inner\" ><div class=\"swiper-slide-contents\"><div class=\"elementor-slide-heading\">The School of Public Health<br>Faculty of Medical Technical Sciences<\/div><div class=\"elementor-slide-description\">The School of Public Health is organized as a scientific activity by the Faculty of Technical Medical Sciences at European University of Tirana (EUT). The school aims to address public health issues of interest to the community, as well as to promote medical professions by presenting high school graduands with health care workers, who dedicate their time to share their knowledge and the challenges they face by working as health care professionals, during school days. Also, its goal is to bring together people of different ages and different educational backgrounds to exchange and share ideas for the benefit of the community. The School of Public Health is organized once a year. Some of the selected discussion topics include education and health promotion in general, education of health care professionals, first aid and mental health. The school is a forum that brings together well-known doctors, public health specialists, directors of health institutions, high school graduands interested in the field of medical sciences, civil society activists, EUT lecturers and researchers.<\/div><\/div><\/div><\/div>\t\t\t\t<\/div>\n\t\t\t\t\t\t\t\t\t\t\t\t\t\t\t<div class=\"elementor-swiper-button elementor-swiper-button-prev\" role=\"button\" tabindex=\"0\" aria-label=\"Previous slide\">\n\t\t\t\t\t\t\t<i aria-hidden=\"true\" class=\"eicon-chevron-left\"><\/i>\t\t\t\t\t\t<\/div>\n\t\t\t\t\t\t<div class=\"elementor-swiper-button elementor-swiper-button-next\" role=\"button\" tabindex=\"0\" aria-label=\"Next slide\">\n\t\t\t\t\t\t\t<i aria-hidden=\"true\" class=\"eicon-chevron-right\"><\/i>\t\t\t\t\t\t<\/div>\n\t\t\t\t\t\t\t\t\t\t\t\t\t\t\t\t\t<\/div>\n\t\t\t\t<\/div>\n\t\t\t\t\t\t\t\t<\/div>\n\t\t\t\t<\/div>\n\t\t\t\t\t<\/div>\n\t\t<\/div>\n\t\t\t\t\t<\/div>\n\t\t<\/section>\n\t\t\t\t<\/div>","protected":false},"excerpt":{"rendered":"<p>Shkollat sezonale n\u00eb UET Shkolla e Sh\u00ebndetit Publik, Shkolla e Humaniteteve, Shkolla e Inovacionit, Shkolla e Biznesit dhe Shkolla e Lidershipit jan\u00eb disa nga takimet m\u00eb t\u00eb r\u00ebnd\u00ebsishme p\u00ebrmes t\u00eb cilave universiteti synon t\u00eb rikthej\u00eb filozofin\u00eb n\u00eb shkoll\u00eb dhe n\u00eb &hellip; <\/p>","protected":false},"author":1,"featured_media":0,"parent":0,"menu_order":0,"comment_status":"closed","ping_status":"closed","template":"elementor_header_footer","meta":{"footnotes":""},"class_list":["post-12813","page","type-page","status-publish","hentry"],"yoast_head":"<!-- This site is optimized with the Yoast SEO plugin v26.9 - https:\/\/yoast.com\/product\/yoast-seo-wordpress\/ -->\n<title>Shkolla sezonale - UET<\/title>\n<meta name=\"robots\" content=\"index, follow, max-snippet:-1, max-image-preview:large, max-video-preview:-1\" \/>\n<link rel=\"canonical\" href=\"https:\/\/uet.edu.al\/en\/shkolla-sezonale\/\" \/>\n<meta property=\"og:locale\" content=\"en_US\" \/>\n<meta property=\"og:type\" content=\"article\" \/>\n<meta property=\"og:title\" content=\"Shkolla sezonale - UET\" \/>\n<meta property=\"og:description\" content=\"Shkollat sezonale n\u00eb UET Shkolla e Sh\u00ebndetit Publik, Shkolla e Humaniteteve, Shkolla e Inovacionit, Shkolla e Biznesit dhe Shkolla e Lidershipit jan\u00eb disa nga takimet m\u00eb t\u00eb r\u00ebnd\u00ebsishme p\u00ebrmes t\u00eb cilave universiteti synon t\u00eb rikthej\u00eb filozofin\u00eb n\u00eb shkoll\u00eb dhe n\u00eb &hellip;\" \/>\n<meta property=\"og:url\" content=\"https:\/\/uet.edu.al\/en\/shkolla-sezonale\/\" \/>\n<meta property=\"og:site_name\" content=\"UET\" \/>\n<meta property=\"article:publisher\" content=\"https:\/\/www.facebook.com\/UniversitetiEuropianiTiranes\/\" \/>\n<meta property=\"article:modified_time\" content=\"2025-03-27T13:21:15+00:00\" \/>\n<meta property=\"og:image\" content=\"https:\/\/uet.edu.al\/wp-content\/uploads\/2022\/12\/Logo-pa-adrese.png\" \/>\n\t<meta property=\"og:image:width\" content=\"1418\" \/>\n\t<meta property=\"og:image:height\" content=\"696\" \/>\n\t<meta property=\"og:image:type\" content=\"image\/png\" \/>\n<meta name=\"twitter:card\" content=\"summary_large_image\" \/>\n<meta name=\"twitter:label1\" content=\"Est. reading time\" \/>\n\t<meta name=\"twitter:data1\" content=\"11 minutes\" \/>\n<script type=\"application\/ld+json\" class=\"yoast-schema-graph\">{\"@context\":\"https:\/\/schema.org\",\"@graph\":[{\"@type\":\"WebPage\",\"@id\":\"https:\/\/uet.edu.al\/shkolla-sezonale\/\",\"url\":\"https:\/\/uet.edu.al\/shkolla-sezonale\/\",\"name\":\"Shkolla sezonale - UET\",\"isPartOf\":{\"@id\":\"https:\/\/uet.edu.al\/en\/#website\"},\"datePublished\":\"2022-04-07T12:28:22+00:00\",\"dateModified\":\"2025-03-27T13:21:15+00:00\",\"breadcrumb\":{\"@id\":\"https:\/\/uet.edu.al\/shkolla-sezonale\/#breadcrumb\"},\"inLanguage\":\"en-US\",\"potentialAction\":[{\"@type\":\"ReadAction\",\"target\":[\"https:\/\/uet.edu.al\/shkolla-sezonale\/\"]}]},{\"@type\":\"BreadcrumbList\",\"@id\":\"https:\/\/uet.edu.al\/shkolla-sezonale\/#breadcrumb\",\"itemListElement\":[{\"@type\":\"ListItem\",\"position\":1,\"name\":\"Home\",\"item\":\"https:\/\/uet.edu.al\/\"},{\"@type\":\"ListItem\",\"position\":2,\"name\":\"Shkolla sezonale\"}]},{\"@type\":\"WebSite\",\"@id\":\"https:\/\/uet.edu.al\/en\/#website\",\"url\":\"https:\/\/uet.edu.al\/en\/\",\"name\":\"UET\",\"description\":\"Universiteti Europian i Tiran\u00ebs\",\"publisher\":{\"@id\":\"https:\/\/uet.edu.al\/en\/#organization\"},\"potentialAction\":[{\"@type\":\"SearchAction\",\"target\":{\"@type\":\"EntryPoint\",\"urlTemplate\":\"https:\/\/uet.edu.al\/en\/?s={search_term_string}\"},\"query-input\":{\"@type\":\"PropertyValueSpecification\",\"valueRequired\":true,\"valueName\":\"search_term_string\"}}],\"inLanguage\":\"en-US\"},{\"@type\":\"Organization\",\"@id\":\"https:\/\/uet.edu.al\/en\/#organization\",\"name\":\"Universiteti Europian i Tiranes\",\"url\":\"https:\/\/uet.edu.al\/en\/\",\"logo\":{\"@type\":\"ImageObject\",\"inLanguage\":\"en-US\",\"@id\":\"https:\/\/uet.edu.al\/en\/#\/schema\/logo\/image\/\",\"url\":\"https:\/\/uet.edu.al\/wp-content\/uploads\/2022\/12\/Logo-pa-adrese.png\",\"contentUrl\":\"https:\/\/uet.edu.al\/wp-content\/uploads\/2022\/12\/Logo-pa-adrese.png\",\"width\":1418,\"height\":696,\"caption\":\"Universiteti Europian i Tiranes\"},\"image\":{\"@id\":\"https:\/\/uet.edu.al\/en\/#\/schema\/logo\/image\/\"},\"sameAs\":[\"https:\/\/www.facebook.com\/UniversitetiEuropianiTiranes\/\"]}]}<\/script>\n<!-- \/ Yoast SEO plugin. -->","yoast_head_json":{"title":"Shkolla sezonale - UET","robots":{"index":"index","follow":"follow","max-snippet":"max-snippet:-1","max-image-preview":"max-image-preview:large","max-video-preview":"max-video-preview:-1"},"canonical":"https:\/\/uet.edu.al\/en\/shkolla-sezonale\/","og_locale":"en_US","og_type":"article","og_title":"Shkolla sezonale - UET","og_description":"Shkollat sezonale n\u00eb UET Shkolla e Sh\u00ebndetit Publik, Shkolla e Humaniteteve, Shkolla e Inovacionit, Shkolla e Biznesit dhe Shkolla e Lidershipit jan\u00eb disa nga takimet m\u00eb t\u00eb r\u00ebnd\u00ebsishme p\u00ebrmes t\u00eb cilave universiteti synon t\u00eb rikthej\u00eb filozofin\u00eb n\u00eb shkoll\u00eb dhe n\u00eb &hellip;","og_url":"https:\/\/uet.edu.al\/en\/shkolla-sezonale\/","og_site_name":"UET","article_publisher":"https:\/\/www.facebook.com\/UniversitetiEuropianiTiranes\/","article_modified_time":"2025-03-27T13:21:15+00:00","og_image":[{"width":1418,"height":696,"url":"https:\/\/uet.edu.al\/wp-content\/uploads\/2022\/12\/Logo-pa-adrese.png","type":"image\/png"}],"twitter_card":"summary_large_image","twitter_misc":{"Est. reading time":"11 minutes"},"schema":{"@context":"https:\/\/schema.org","@graph":[{"@type":"WebPage","@id":"https:\/\/uet.edu.al\/shkolla-sezonale\/","url":"https:\/\/uet.edu.al\/shkolla-sezonale\/","name":"Shkolla sezonale - UET","isPartOf":{"@id":"https:\/\/uet.edu.al\/en\/#website"},"datePublished":"2022-04-07T12:28:22+00:00","dateModified":"2025-03-27T13:21:15+00:00","breadcrumb":{"@id":"https:\/\/uet.edu.al\/shkolla-sezonale\/#breadcrumb"},"inLanguage":"en-US","potentialAction":[{"@type":"ReadAction","target":["https:\/\/uet.edu.al\/shkolla-sezonale\/"]}]},{"@type":"BreadcrumbList","@id":"https:\/\/uet.edu.al\/shkolla-sezonale\/#breadcrumb","itemListElement":[{"@type":"ListItem","position":1,"name":"Home","item":"https:\/\/uet.edu.al\/"},{"@type":"ListItem","position":2,"name":"Shkolla sezonale"}]},{"@type":"WebSite","@id":"https:\/\/uet.edu.al\/en\/#website","url":"https:\/\/uet.edu.al\/en\/","name":"UET","description":"Universiteti Europian i Tiran\u00ebs","publisher":{"@id":"https:\/\/uet.edu.al\/en\/#organization"},"potentialAction":[{"@type":"SearchAction","target":{"@type":"EntryPoint","urlTemplate":"https:\/\/uet.edu.al\/en\/?s={search_term_string}"},"query-input":{"@type":"PropertyValueSpecification","valueRequired":true,"valueName":"search_term_string"}}],"inLanguage":"en-US"},{"@type":"Organization","@id":"https:\/\/uet.edu.al\/en\/#organization","name":"Universiteti Europian i Tiranes","url":"https:\/\/uet.edu.al\/en\/","logo":{"@type":"ImageObject","inLanguage":"en-US","@id":"https:\/\/uet.edu.al\/en\/#\/schema\/logo\/image\/","url":"https:\/\/uet.edu.al\/wp-content\/uploads\/2022\/12\/Logo-pa-adrese.png","contentUrl":"https:\/\/uet.edu.al\/wp-content\/uploads\/2022\/12\/Logo-pa-adrese.png","width":1418,"height":696,"caption":"Universiteti Europian i Tiranes"},"image":{"@id":"https:\/\/uet.edu.al\/en\/#\/schema\/logo\/image\/"},"sameAs":["https:\/\/www.facebook.com\/UniversitetiEuropianiTiranes\/"]}]}},"_links":{"self":[{"href":"https:\/\/uet.edu.al\/en\/wp-json\/wp\/v2\/pages\/12813","targetHints":{"allow":["GET"]}}],"collection":[{"href":"https:\/\/uet.edu.al\/en\/wp-json\/wp\/v2\/pages"}],"about":[{"href":"https:\/\/uet.edu.al\/en\/wp-json\/wp\/v2\/types\/page"}],"author":[{"embeddable":true,"href":"https:\/\/uet.edu.al\/en\/wp-json\/wp\/v2\/users\/1"}],"replies":[{"embeddable":true,"href":"https:\/\/uet.edu.al\/en\/wp-json\/wp\/v2\/comments?post=12813"}],"version-history":[{"count":130,"href":"https:\/\/uet.edu.al\/en\/wp-json\/wp\/v2\/pages\/12813\/revisions"}],"predecessor-version":[{"id":18843,"href":"https:\/\/uet.edu.al\/en\/wp-json\/wp\/v2\/pages\/12813\/revisions\/18843"}],"wp:attachment":[{"href":"https:\/\/uet.edu.al\/en\/wp-json\/wp\/v2\/media?parent=12813"}],"curies":[{"name":"wp","href":"https:\/\/api.w.org\/{rel}","templated":true}]}}