{"id":10732,"date":"2021-11-05T09:28:01","date_gmt":"2021-11-05T09:28:01","guid":{"rendered":"https:\/\/uet.edu.al\/?page_id=10732"},"modified":"2021-11-15T08:45:39","modified_gmt":"2021-11-15T08:45:39","slug":"internationalization-erasmus","status":"publish","type":"page","link":"https:\/\/uet.edu.al\/en\/internationalization-erasmus\/","title":{"rendered":"Nd\u00ebrkomb\u00ebtarizimi &#8211; Erasmus +"},"content":{"rendered":"<div data-elementor-type=\"wp-page\" data-elementor-id=\"10732\" class=\"elementor elementor-10732\" data-elementor-post-type=\"page\">\n\t\t\t\t\t\t<section class=\"elementor-section elementor-top-section elementor-element elementor-element-1e6ee14 elementor-section-stretched elementor-section-boxed elementor-section-height-default elementor-section-height-default\" data-id=\"1e6ee14\" data-element_type=\"section\" data-settings=\"{&quot;stretch_section&quot;:&quot;section-stretched&quot;}\">\n\t\t\t\t\t\t<div class=\"elementor-container elementor-column-gap-wider\">\n\t\t\t\t\t<div class=\"elementor-column elementor-col-50 elementor-top-column elementor-element elementor-element-9a17a25\" data-id=\"9a17a25\" data-element_type=\"column\">\n\t\t\t<div class=\"elementor-widget-wrap elementor-element-populated\">\n\t\t\t\t\t\t<div class=\"elementor-element elementor-element-4ae6c98 elementor-widget elementor-widget-text-editor\" data-id=\"4ae6c98\" data-element_type=\"widget\" data-widget_type=\"text-editor.default\">\n\t\t\t\t<div class=\"elementor-widget-container\">\n\t\t\t\t\t\t\t\t\t<div class=\"wpb_column vc_column_container vc_col-sm-9\"><div class=\"vc_column-inner\"><div class=\"wpb_wrapper\"><div class=\"wpb_text_column wpb_content_element\"><div class=\"wpb_wrapper\"><h3><h3>INTERNATIONALIZATION STRATEGY<\/h3><\/h3><p class=\" translation-block\"><strong>UET<\/strong>\u00a0aims to become an important center and national\/regional reference point within the academic co-operation in higher education, research, publishing activity, and promotion of civic development and higher education values.<\/p><p class=\" translation-block\"><strong>UET<\/strong>\u00a0aims to be an integral part of institutional university networks and structures within the framework of the South East European region, the European Union countries and beyond the OECD member countries.<\/p><p class=\" translation-block\"><strong>UET<\/strong>\u00a0aims at organizing and providing joint degrees with partner universities in the framework of certain academic programs of common interest.<\/p><p class=\" translation-block\"><strong>UET<\/strong>\u00a0aims to include more academic and scientific development projects in the framework of European higher education projects, projects that above all target the development of academic staff, the mobility of faculties and students, the application of European quality standards, the organization of joint scientific conferences, academic publications by internationally renowned authors, equipment of teaching facilities and laboratories etc.<\/p><p class=\" translation-block\"><strong>UET<\/strong>\u00a0encourages a culture of knowledge sharing and horizontal links between HEIs, CSOs, research centers, government organizations and stakeholders. As such, UET strongly encourages the mobility of staff and students in the region, the European Union and beyond. In addition, UET supports staff turnover in Quadruple Helix domains, such as government, business, media and civil society.<\/p><p>On these principles, UET is very committed to internationalization of study programs, academic processes and staff development and research through internationalization opportunities.<\/p><p>In this regard, UET has successfully established the Office of Project Development and Partnerships in order to develop international projects, strategic partnerships and facilitate applications for research grants.<\/p><p class=\" translation-block\">In this aspect of internationalization and networking for partnership development, UET has established the Next Europe network (<a href=\"https:\/\/uet.edu.al\/wp-content\/uploads\/2021\/11\/Next_europe_UET.pdf\" target=\"_blank\" rel=\"noopener noreferrer\">download here<\/a>) in order to bring together key universities in the Western Balkans as well as research centers in Europe with a research expertise and interest in region.<\/p><p class=\" translation-block\"><strong>UET Strategy on Internationalization<\/strong>\u00a0<strong>(<a href=\"https:\/\/uet.edu.al\/wp-content\/uploads\/2021\/11\/UET_NdArkombAtarizimi_Objektivat.pdf\">download here<\/a>)<\/strong><\/p><p class=\" translation-block\"><strong>Projects and activities for 2017-2018\u00a0<a href=\"https:\/\/uet.edu.al\/wp-content\/uploads\/2021\/11\/UET-2018-projects.pdf\" target=\"_blank\" rel=\"noopener noreferrer\">(download here)<\/a><\/strong><\/p><p class=\" translation-block\"><strong>Projects and activities for 2016-20177 (<a href=\"https:\/\/uet.edu.al\/wp-content\/uploads\/2021\/11\/Fact_sheet_on_UET_Project_Office_and_Partnerships_V6_web.pdf\" target=\"_blank\" rel=\"noopener noreferrer\">download here<\/a>)<\/strong><\/p><\/div><\/div><\/div><\/div><\/div>\t\t\t\t\t\t\t\t<\/div>\n\t\t\t\t<\/div>\n\t\t\t\t\t<\/div>\n\t\t<\/div>\n\t\t\t\t<div class=\"elementor-column elementor-col-50 elementor-top-column elementor-element elementor-element-74fa066\" data-id=\"74fa066\" data-element_type=\"column\">\n\t\t\t<div class=\"elementor-widget-wrap elementor-element-populated\">\n\t\t\t\t\t\t<div class=\"elementor-element elementor-element-e6bdd99 elementor-widget elementor-widget-text-editor\" data-id=\"e6bdd99\" data-element_type=\"widget\" data-widget_type=\"text-editor.default\">\n\t\t\t\t<div class=\"elementor-widget-container\">\n\t\t\t\t\t\t\t\t\t<h3><span style=\"text-decoration: underline;\"><strong>Contact<\/strong><\/span><\/h3><p><strong>PhD. Ketrina \u00c7abiri Mijo<\/strong><\/p><p>Office for Project Development and Partnerships<br \/>European University of Tirana<br \/>St. \u201cXhanfize Keko\u201d, Building 56<br \/>Tirana, Albania<\/p>\t\t\t\t\t\t\t\t<\/div>\n\t\t\t\t<\/div>\n\t\t\t\t\t<\/div>\n\t\t<\/div>\n\t\t\t\t\t<\/div>\n\t\t<\/section>\n\t\t\t\t<section class=\"elementor-section elementor-top-section elementor-element elementor-element-bbb6419 elementor-section-boxed elementor-section-height-default elementor-section-height-default\" data-id=\"bbb6419\" data-element_type=\"section\">\n\t\t\t\t\t\t<div class=\"elementor-container elementor-column-gap-default\">\n\t\t\t\t\t\t<\/div>\n\t\t<\/section>\n\t\t\t\t<section class=\"elementor-section elementor-top-section elementor-element elementor-element-9cb9234 elementor-section-boxed elementor-section-height-default elementor-section-height-default\" data-id=\"9cb9234\" data-element_type=\"section\">\n\t\t\t\t\t\t<div class=\"elementor-container elementor-column-gap-default\">\n\t\t\t\t\t<div class=\"elementor-column elementor-col-100 elementor-top-column elementor-element elementor-element-086a9a0\" data-id=\"086a9a0\" data-element_type=\"column\">\n\t\t\t<div class=\"elementor-widget-wrap\">\n\t\t\t\t\t\t\t<\/div>\n\t\t<\/div>\n\t\t\t\t\t<\/div>\n\t\t<\/section>\n\t\t\t\t<\/div>","protected":false},"excerpt":{"rendered":"<p>STRATEGJIA ND\u00cbRKOMB\u00cbTARE UET\u00a0 synon t\u00eb b\u00ebhet nj\u00eb qend\u00ebr e r\u00ebnd\u00ebsishme dhe pik\u00eb referimi komb\u00ebtare\/rajonale n\u00eb kuad\u00ebr t\u00eb bashk\u00ebpunimit akademik n\u00eb arsimin e lart\u00eb, veprimtarin\u00eb k\u00ebrkimore, botuese dhe promovimin e zhvillimit qytetar dhe vlerave t\u00eb arsimit t\u00eb lart\u00eb. UET\u00a0 synon t\u00eb &hellip; <\/p>","protected":false},"author":1,"featured_media":0,"parent":0,"menu_order":0,"comment_status":"closed","ping_status":"closed","template":"","meta":{"footnotes":""},"class_list":["post-10732","page","type-page","status-publish","hentry"],"yoast_head":"<!-- This site is optimized with the Yoast SEO plugin v26.9 - https:\/\/yoast.com\/product\/yoast-seo-wordpress\/ -->\n<title>Nd\u00ebrkomb\u00ebtarizimi - Erasmus + - UET<\/title>\n<meta name=\"robots\" content=\"index, follow, max-snippet:-1, max-image-preview:large, max-video-preview:-1\" \/>\n<link rel=\"canonical\" href=\"https:\/\/uet.edu.al\/en\/internationalization-erasmus\/\" \/>\n<meta property=\"og:locale\" content=\"en_US\" \/>\n<meta property=\"og:type\" content=\"article\" \/>\n<meta property=\"og:title\" content=\"Nd\u00ebrkomb\u00ebtarizimi - Erasmus + - UET\" \/>\n<meta property=\"og:description\" content=\"STRATEGJIA ND\u00cbRKOMB\u00cbTARE UET\u00a0 synon t\u00eb b\u00ebhet nj\u00eb qend\u00ebr e r\u00ebnd\u00ebsishme dhe pik\u00eb referimi komb\u00ebtare\/rajonale n\u00eb kuad\u00ebr t\u00eb bashk\u00ebpunimit akademik n\u00eb arsimin e lart\u00eb, veprimtarin\u00eb k\u00ebrkimore, botuese dhe promovimin e zhvillimit qytetar dhe vlerave t\u00eb arsimit t\u00eb lart\u00eb. UET\u00a0 synon t\u00eb &hellip;\" \/>\n<meta property=\"og:url\" content=\"https:\/\/uet.edu.al\/en\/internationalization-erasmus\/\" \/>\n<meta property=\"og:site_name\" content=\"UET\" \/>\n<meta property=\"article:publisher\" content=\"https:\/\/www.facebook.com\/UniversitetiEuropianiTiranes\/\" \/>\n<meta property=\"article:modified_time\" content=\"2021-11-15T08:45:39+00:00\" \/>\n<meta property=\"og:image\" content=\"https:\/\/uet.edu.al\/wp-content\/uploads\/2022\/12\/Logo-pa-adrese.png\" \/>\n\t<meta property=\"og:image:width\" content=\"1418\" \/>\n\t<meta property=\"og:image:height\" content=\"696\" \/>\n\t<meta property=\"og:image:type\" content=\"image\/png\" \/>\n<meta name=\"twitter:card\" content=\"summary_large_image\" \/>\n<meta name=\"twitter:label1\" content=\"Est. reading time\" \/>\n\t<meta name=\"twitter:data1\" content=\"2 minutes\" \/>\n<script type=\"application\/ld+json\" class=\"yoast-schema-graph\">{\"@context\":\"https:\/\/schema.org\",\"@graph\":[{\"@type\":\"WebPage\",\"@id\":\"https:\/\/uet.edu.al\/internationalization-erasmus\/\",\"url\":\"https:\/\/uet.edu.al\/internationalization-erasmus\/\",\"name\":\"Nd\u00ebrkomb\u00ebtarizimi - Erasmus + - UET\",\"isPartOf\":{\"@id\":\"https:\/\/uet.edu.al\/en\/#website\"},\"datePublished\":\"2021-11-05T09:28:01+00:00\",\"dateModified\":\"2021-11-15T08:45:39+00:00\",\"breadcrumb\":{\"@id\":\"https:\/\/uet.edu.al\/internationalization-erasmus\/#breadcrumb\"},\"inLanguage\":\"en-US\",\"potentialAction\":[{\"@type\":\"ReadAction\",\"target\":[\"https:\/\/uet.edu.al\/internationalization-erasmus\/\"]}]},{\"@type\":\"BreadcrumbList\",\"@id\":\"https:\/\/uet.edu.al\/internationalization-erasmus\/#breadcrumb\",\"itemListElement\":[{\"@type\":\"ListItem\",\"position\":1,\"name\":\"Home\",\"item\":\"https:\/\/uet.edu.al\/\"},{\"@type\":\"ListItem\",\"position\":2,\"name\":\"Nd\u00ebrkomb\u00ebtarizimi &#8211; Erasmus +\"}]},{\"@type\":\"WebSite\",\"@id\":\"https:\/\/uet.edu.al\/en\/#website\",\"url\":\"https:\/\/uet.edu.al\/en\/\",\"name\":\"UET\",\"description\":\"Universiteti Europian i Tiran\u00ebs\",\"publisher\":{\"@id\":\"https:\/\/uet.edu.al\/en\/#organization\"},\"potentialAction\":[{\"@type\":\"SearchAction\",\"target\":{\"@type\":\"EntryPoint\",\"urlTemplate\":\"https:\/\/uet.edu.al\/en\/?s={search_term_string}\"},\"query-input\":{\"@type\":\"PropertyValueSpecification\",\"valueRequired\":true,\"valueName\":\"search_term_string\"}}],\"inLanguage\":\"en-US\"},{\"@type\":\"Organization\",\"@id\":\"https:\/\/uet.edu.al\/en\/#organization\",\"name\":\"Universiteti Europian i Tiranes\",\"url\":\"https:\/\/uet.edu.al\/en\/\",\"logo\":{\"@type\":\"ImageObject\",\"inLanguage\":\"en-US\",\"@id\":\"https:\/\/uet.edu.al\/en\/#\/schema\/logo\/image\/\",\"url\":\"https:\/\/uet.edu.al\/wp-content\/uploads\/2022\/12\/Logo-pa-adrese.png\",\"contentUrl\":\"https:\/\/uet.edu.al\/wp-content\/uploads\/2022\/12\/Logo-pa-adrese.png\",\"width\":1418,\"height\":696,\"caption\":\"Universiteti Europian i Tiranes\"},\"image\":{\"@id\":\"https:\/\/uet.edu.al\/en\/#\/schema\/logo\/image\/\"},\"sameAs\":[\"https:\/\/www.facebook.com\/UniversitetiEuropianiTiranes\/\"]}]}<\/script>\n<!-- \/ Yoast SEO plugin. -->","yoast_head_json":{"title":"Nd\u00ebrkomb\u00ebtarizimi - Erasmus + - UET","robots":{"index":"index","follow":"follow","max-snippet":"max-snippet:-1","max-image-preview":"max-image-preview:large","max-video-preview":"max-video-preview:-1"},"canonical":"https:\/\/uet.edu.al\/en\/internationalization-erasmus\/","og_locale":"en_US","og_type":"article","og_title":"Nd\u00ebrkomb\u00ebtarizimi - Erasmus + - UET","og_description":"STRATEGJIA ND\u00cbRKOMB\u00cbTARE UET\u00a0 synon t\u00eb b\u00ebhet nj\u00eb qend\u00ebr e r\u00ebnd\u00ebsishme dhe pik\u00eb referimi komb\u00ebtare\/rajonale n\u00eb kuad\u00ebr t\u00eb bashk\u00ebpunimit akademik n\u00eb arsimin e lart\u00eb, veprimtarin\u00eb k\u00ebrkimore, botuese dhe promovimin e zhvillimit qytetar dhe vlerave t\u00eb arsimit t\u00eb lart\u00eb. UET\u00a0 synon t\u00eb &hellip;","og_url":"https:\/\/uet.edu.al\/en\/internationalization-erasmus\/","og_site_name":"UET","article_publisher":"https:\/\/www.facebook.com\/UniversitetiEuropianiTiranes\/","article_modified_time":"2021-11-15T08:45:39+00:00","og_image":[{"width":1418,"height":696,"url":"https:\/\/uet.edu.al\/wp-content\/uploads\/2022\/12\/Logo-pa-adrese.png","type":"image\/png"}],"twitter_card":"summary_large_image","twitter_misc":{"Est. reading time":"2 minutes"},"schema":{"@context":"https:\/\/schema.org","@graph":[{"@type":"WebPage","@id":"https:\/\/uet.edu.al\/internationalization-erasmus\/","url":"https:\/\/uet.edu.al\/internationalization-erasmus\/","name":"Nd\u00ebrkomb\u00ebtarizimi - Erasmus + - UET","isPartOf":{"@id":"https:\/\/uet.edu.al\/en\/#website"},"datePublished":"2021-11-05T09:28:01+00:00","dateModified":"2021-11-15T08:45:39+00:00","breadcrumb":{"@id":"https:\/\/uet.edu.al\/internationalization-erasmus\/#breadcrumb"},"inLanguage":"en-US","potentialAction":[{"@type":"ReadAction","target":["https:\/\/uet.edu.al\/internationalization-erasmus\/"]}]},{"@type":"BreadcrumbList","@id":"https:\/\/uet.edu.al\/internationalization-erasmus\/#breadcrumb","itemListElement":[{"@type":"ListItem","position":1,"name":"Home","item":"https:\/\/uet.edu.al\/"},{"@type":"ListItem","position":2,"name":"Nd\u00ebrkomb\u00ebtarizimi &#8211; Erasmus +"}]},{"@type":"WebSite","@id":"https:\/\/uet.edu.al\/en\/#website","url":"https:\/\/uet.edu.al\/en\/","name":"UET","description":"Universiteti Europian i Tiran\u00ebs","publisher":{"@id":"https:\/\/uet.edu.al\/en\/#organization"},"potentialAction":[{"@type":"SearchAction","target":{"@type":"EntryPoint","urlTemplate":"https:\/\/uet.edu.al\/en\/?s={search_term_string}"},"query-input":{"@type":"PropertyValueSpecification","valueRequired":true,"valueName":"search_term_string"}}],"inLanguage":"en-US"},{"@type":"Organization","@id":"https:\/\/uet.edu.al\/en\/#organization","name":"Universiteti Europian i Tiranes","url":"https:\/\/uet.edu.al\/en\/","logo":{"@type":"ImageObject","inLanguage":"en-US","@id":"https:\/\/uet.edu.al\/en\/#\/schema\/logo\/image\/","url":"https:\/\/uet.edu.al\/wp-content\/uploads\/2022\/12\/Logo-pa-adrese.png","contentUrl":"https:\/\/uet.edu.al\/wp-content\/uploads\/2022\/12\/Logo-pa-adrese.png","width":1418,"height":696,"caption":"Universiteti Europian i Tiranes"},"image":{"@id":"https:\/\/uet.edu.al\/en\/#\/schema\/logo\/image\/"},"sameAs":["https:\/\/www.facebook.com\/UniversitetiEuropianiTiranes\/"]}]}},"_links":{"self":[{"href":"https:\/\/uet.edu.al\/en\/wp-json\/wp\/v2\/pages\/10732","targetHints":{"allow":["GET"]}}],"collection":[{"href":"https:\/\/uet.edu.al\/en\/wp-json\/wp\/v2\/pages"}],"about":[{"href":"https:\/\/uet.edu.al\/en\/wp-json\/wp\/v2\/types\/page"}],"author":[{"embeddable":true,"href":"https:\/\/uet.edu.al\/en\/wp-json\/wp\/v2\/users\/1"}],"replies":[{"embeddable":true,"href":"https:\/\/uet.edu.al\/en\/wp-json\/wp\/v2\/comments?post=10732"}],"version-history":[{"count":19,"href":"https:\/\/uet.edu.al\/en\/wp-json\/wp\/v2\/pages\/10732\/revisions"}],"predecessor-version":[{"id":11694,"href":"https:\/\/uet.edu.al\/en\/wp-json\/wp\/v2\/pages\/10732\/revisions\/11694"}],"wp:attachment":[{"href":"https:\/\/uet.edu.al\/en\/wp-json\/wp\/v2\/media?parent=10732"}],"curies":[{"name":"wp","href":"https:\/\/api.w.org\/{rel}","templated":true}]}}