{"id":10723,"date":"2021-11-05T09:23:31","date_gmt":"2021-11-05T09:23:31","guid":{"rendered":"https:\/\/uet.edu.al\/?page_id=10723"},"modified":"2025-05-12T14:35:08","modified_gmt":"2025-05-12T12:35:08","slug":"international","status":"publish","type":"page","link":"https:\/\/uet.edu.al\/en\/international\/","title":{"rendered":"International"},"content":{"rendered":"<div data-elementor-type=\"wp-page\" data-elementor-id=\"10723\" class=\"elementor elementor-10723\" data-elementor-post-type=\"page\">\n\t\t\t\t\t\t<section class=\"elementor-section elementor-top-section elementor-element elementor-element-1e6ee14 elementor-section-stretched elementor-section-boxed elementor-section-height-default elementor-section-height-default\" data-id=\"1e6ee14\" data-element_type=\"section\" data-settings=\"{&quot;stretch_section&quot;:&quot;section-stretched&quot;}\">\n\t\t\t\t\t\t<div class=\"elementor-container elementor-column-gap-wider\">\n\t\t\t\t\t<div class=\"elementor-column elementor-col-50 elementor-top-column elementor-element elementor-element-9a17a25\" data-id=\"9a17a25\" data-element_type=\"column\">\n\t\t\t<div class=\"elementor-widget-wrap elementor-element-populated\">\n\t\t\t\t\t\t<div class=\"elementor-element elementor-element-bd0c14b elementor-widget elementor-widget-text-editor\" data-id=\"bd0c14b\" data-element_type=\"widget\" data-widget_type=\"text-editor.default\">\n\t\t\t\t<div class=\"elementor-widget-container\">\n\t\t\t\t\t\t\t\t\t<div class=\"wpb_column vc_column_container vc_col-sm-9\"><div class=\"vc_column-inner\"><div class=\"wpb_wrapper\"><div class=\"wpb_text_column wpb_content_element\"><div class=\"wpb_wrapper\"><h3><a href=\"https:\/\/uet.edu.al\/wp-content\/uploads\/2021\/11\/UET_NdArkombAtarizimi_Objektivat.pdf\"><h3>INTERNATIONALIZATION STRATEGY<\/h3><\/a><\/h3><p><strong>UET<\/strong>\u00a0 aims to become an important center and national\/regional reference point within the academic cooperation in higher education, research, publishing activity, and promotion of civic development and higher education values.<br \/><strong>UET<\/strong>\u00a0 aims to be an integral part of institutional university networks and structures within the framework of the South East European region, the European Union countries and beyond the OECD member countries.<br \/><strong>UET<\/strong>\u00a0aims at organizing and providing joint degrees with partner universities in the framework of certain academic programs of common interest.<br \/><strong>UET<\/strong>\u00a0 aims to include more academic and scientific development projects in the framework of European higher education projects, projects that above all target the development of academic staff, the mobility of faculties and students, the application of European quality standards, the organization of joint scientific conferences, academic publications by internationally renowned authors, equipment of teaching facilities and laboratories etc.<br \/><strong>UET<\/strong>\u00a0encourages a culture of knowledge sharing and horizontal links between HEIs, CSOs, research centers, government organizations and stakeholders. As such, UET strongly encourages the mobility of staff and students in the region, the European Union and beyond. In addition, UET supports staff turnover in Quadruple Helix domains, such as government, business, media and civil society.<br \/>On these principles, UET is very committed to internationalization of study programs, academic processes and staff development and research through internationalization opportunities.<\/p><p>In this regard, UET has successfully established the Office of Project Development and Partnerships in order to develop international projects, strategic partnerships and facilitate applications for research grants.<\/p><p class=\" translation-block\">In this aspect of internationalization and networking for partnership development, UET has established the Next Europe network (<a href=\"https:\/\/uet.edu.al\/wp-content\/uploads\/2021\/11\/Next_europe_UET.pdf\" target=\"_blank\" rel=\"noopener noreferrer\">download here<\/a>) in order to bring together key universities in the Western Balkans as well as research centers in Europe with a research expertise and interest in region.<\/p><\/div><\/div><\/div><\/div><\/div>\t\t\t\t\t\t\t\t<\/div>\n\t\t\t\t<\/div>\n\t\t\t\t\t<\/div>\n\t\t<\/div>\n\t\t\t\t<div class=\"elementor-column elementor-col-50 elementor-top-column elementor-element elementor-element-74fa066\" data-id=\"74fa066\" data-element_type=\"column\">\n\t\t\t<div class=\"elementor-widget-wrap elementor-element-populated\">\n\t\t\t\t\t\t<div class=\"elementor-element elementor-element-49af27c elementor-widget elementor-widget-text-editor\" data-id=\"49af27c\" data-element_type=\"widget\" data-widget_type=\"text-editor.default\">\n\t\t\t\t<div class=\"elementor-widget-container\">\n\t\t\t\t\t\t\t\t\t<h3><span style=\"text-decoration: underline;\"><strong>Contact<\/strong><\/span><\/h3><p><strong>Prof. Assoc. Dr. Ketrina \u00c7abiri Mijo<\/strong><\/p><p>The Office for Project Development and Partnerships,<br \/>European University of Tirana<br \/>St. \u201cXhanfize Keko\u201d, Building 56<br \/>Tirana, Albania<\/p>\t\t\t\t\t\t\t\t<\/div>\n\t\t\t\t<\/div>\n\t\t\t\t\t<\/div>\n\t\t<\/div>\n\t\t\t\t\t<\/div>\n\t\t<\/section>\n\t\t\t\t<section class=\"elementor-section elementor-top-section elementor-element elementor-element-bbb6419 elementor-section-boxed elementor-section-height-default elementor-section-height-default\" data-id=\"bbb6419\" data-element_type=\"section\">\n\t\t\t\t\t\t<div class=\"elementor-container elementor-column-gap-default\">\n\t\t\t\t\t\t<\/div>\n\t\t<\/section>\n\t\t\t\t<section class=\"elementor-section elementor-top-section elementor-element elementor-element-9cb9234 elementor-section-height-min-height elementor-section-items-stretch elementor-section-stretched elementor-section-boxed elementor-section-height-default\" data-id=\"9cb9234\" data-element_type=\"section\" data-settings=\"{&quot;stretch_section&quot;:&quot;section-stretched&quot;}\">\n\t\t\t\t\t\t<div class=\"elementor-container elementor-column-gap-default\">\n\t\t\t\t\t<div class=\"elementor-column elementor-col-33 elementor-top-column elementor-element elementor-element-086a9a0\" data-id=\"086a9a0\" data-element_type=\"column\">\n\t\t\t<div class=\"elementor-widget-wrap elementor-element-populated\">\n\t\t\t\t\t\t<div class=\"elementor-element elementor-element-f58f9d3 elementor-flip-box--direction-left elementor-flip-box--effect-flip elementor-widget elementor-widget-flip-box\" data-id=\"f58f9d3\" data-element_type=\"widget\" data-widget_type=\"flip-box.default\">\n\t\t\t\t<div class=\"elementor-widget-container\">\n\t\t\t\t\t\t\t<div class=\"elementor-flip-box\" tabindex=\"0\">\n\t\t\t<div class=\"elementor-flip-box__layer elementor-flip-box__front\">\n\t\t\t\t<div class=\"elementor-flip-box__layer__overlay\">\n\t\t\t\t\t<div class=\"elementor-flip-box__layer__inner\">\n\t\t\t\t\t\t\n\t\t\t\t\t\t\t\t\t\t\t\t\t<h3 class=\"elementor-flip-box__layer__title\">\n\t\t\t\t\t\t\t\tUNIMED\t\t\t\t\t\t\t<\/h3>\n\t\t\t\t\t\t\n\t\t\t\t\t\t\t\t\t\t\t<\/div>\n\t\t\t\t<\/div>\n\t\t\t<\/div>\n\t\t\t<div class=\"elementor-flip-box__layer elementor-flip-box__back\">\n\t\t\t<div class=\"elementor-flip-box__layer__overlay\">\n\t\t\t\t<div class=\"elementor-flip-box__layer__inner\">\n\t\t\t\t\t\n\t\t\t\t\t\t\t\t\t\t\t<div class=\"elementor-flip-box__layer__description\">\n\t\t\t\t\t\t\tUET tashm\u00eb po merr pjes\u00eb n\u00eb projekte t\u00eb financuara nga Komisioni Europian, si:\nProgrami i t\u00eb m\u00ebsuarit gjat\u00eb gjith\u00eb jet\u00ebs \u2013 Karrige Jean Monnet (p\u00ebr her\u00eb t\u00eb par\u00eb n\u00eb Shqip\u00ebri)\nLLP \u2013 Projekti Tempus (3 projekt Tempus i udh\u00ebhequr nga Universiteti i Grazit n\u00eb Austri; Universiteti Koblenz n\u00eb Gjermani dhe Universiteti Roehampton n\u00eb MB)\nErasmus Mundus \u2013 Sigma Agile (udh\u00ebhequr nga Universiteti i Varshav\u00ebs n\u00eb Poloni)\nProgrami Evropian p\u00ebr Shkenc\u00ebn dhe Teknologjin\u00eb (COST) \u2013 pjes\u00ebmarrja n\u00eb 7 Veprime COST n\u00eb cil\u00ebsin\u00eb e vendit jo-kosto;\nErasmus + Veprimi ky\u00e7 1\/Mobiliteti p\u00ebr nx\u00ebn\u00ebsit dhe stafin \u2013 Q\u00eb nga viti 2015, UET ka bashk\u00ebpunuar n\u00eb programet Erasmus + ICM Mobility me shum\u00eb partner\u00eb. Disa nga partner\u00ebt p\u00ebrfshijn\u00eb: Universitetin e Uppsala, Universiteti Lappeenranta, Universiteti Malardalen, Universiteti Ludwigshafen, Universiteti Emden Leer, Universiteti i Valladolidit, Universiteti i Minho, Universiteti Obuda, Universiteti i Bolonj\u00ebs, Roma 3, Universiteti L\u2019Aquila, Universiteti Siauliai, UNIMED, Universiteti i Salzburgut, Universiteti i Pavias etj.\t\t\t\t\t\t<\/div>\n\t\t\t\t\t\n\t\t\t\t\t\t\t\t\t\t\t<a class=\"elementor-flip-box__button elementor-button elementor-size-sm\" href=\"https:\/\/www.uni-med.net\/\">\n\t\t\t\t\t\t\tClick Here\t\t\t\t\t\t<\/a>\n\t\t\t\t\t\t\t\t<\/div>\n\t\t<\/div>\n\t\t<\/div>\n\t\t<\/div>\n\t\t\t\t\t\t<\/div>\n\t\t\t\t<\/div>\n\t\t\t\t\t<\/div>\n\t\t<\/div>\n\t\t\t\t<div class=\"elementor-column elementor-col-33 elementor-top-column elementor-element elementor-element-f8805f2\" data-id=\"f8805f2\" data-element_type=\"column\">\n\t\t\t<div class=\"elementor-widget-wrap elementor-element-populated\">\n\t\t\t\t\t\t<div class=\"elementor-element elementor-element-1cebf5d elementor-flip-box--direction-left elementor-flip-box--effect-flip elementor-widget elementor-widget-flip-box\" data-id=\"1cebf5d\" data-element_type=\"widget\" data-widget_type=\"flip-box.default\">\n\t\t\t\t<div class=\"elementor-widget-container\">\n\t\t\t\t\t\t\t<div class=\"elementor-flip-box\" tabindex=\"0\">\n\t\t\t<div class=\"elementor-flip-box__layer elementor-flip-box__front\">\n\t\t\t\t<div class=\"elementor-flip-box__layer__overlay\">\n\t\t\t\t\t<div class=\"elementor-flip-box__layer__inner\">\n\t\t\t\t\t\t\n\t\t\t\t\t\t\t\t\t\t\t\t\t<h3 class=\"elementor-flip-box__layer__title\">\n\t\t\t\t\t\t\t\tFEDE\t\t\t\t\t\t\t<\/h3>\n\t\t\t\t\t\t\n\t\t\t\t\t\t\t\t\t\t\t<\/div>\n\t\t\t\t<\/div>\n\t\t\t<\/div>\n\t\t\t<div class=\"elementor-flip-box__layer elementor-flip-box__back\">\n\t\t\t<div class=\"elementor-flip-box__layer__overlay\">\n\t\t\t\t<div class=\"elementor-flip-box__layer__inner\">\n\t\t\t\t\t\n\t\t\t\t\t\n\t\t\t\t\t\t\t\t<\/div>\n\t\t<\/div>\n\t\t<\/div>\n\t\t<\/div>\n\t\t\t\t\t\t<\/div>\n\t\t\t\t<\/div>\n\t\t\t\t\t<\/div>\n\t\t<\/div>\n\t\t\t\t<div class=\"elementor-column elementor-col-33 elementor-top-column elementor-element elementor-element-fd6e77a\" data-id=\"fd6e77a\" data-element_type=\"column\">\n\t\t\t<div class=\"elementor-widget-wrap elementor-element-populated\">\n\t\t\t\t\t\t<div class=\"elementor-element elementor-element-638f810 elementor-flip-box--direction-left elementor-flip-box--effect-flip elementor-widget elementor-widget-flip-box\" data-id=\"638f810\" data-element_type=\"widget\" data-widget_type=\"flip-box.default\">\n\t\t\t\t<div class=\"elementor-widget-container\">\n\t\t\t\t\t\t\t<div class=\"elementor-flip-box\" tabindex=\"0\">\n\t\t\t<div class=\"elementor-flip-box__layer elementor-flip-box__front\">\n\t\t\t\t<div class=\"elementor-flip-box__layer__overlay\">\n\t\t\t\t\t<div class=\"elementor-flip-box__layer__inner\">\n\t\t\t\t\t\t\n\t\t\t\t\t\t\t\t\t\t\t\t\t<h3 class=\"elementor-flip-box__layer__title\">\n\t\t\t\t\t\t\t\tUNIADRION\t\t\t\t\t\t\t<\/h3>\n\t\t\t\t\t\t\n\t\t\t\t\t\t\t\t\t\t\t<\/div>\n\t\t\t\t<\/div>\n\t\t\t<\/div>\n\t\t\t<div class=\"elementor-flip-box__layer elementor-flip-box__back\">\n\t\t\t<div class=\"elementor-flip-box__layer__overlay\">\n\t\t\t\t<div class=\"elementor-flip-box__layer__inner\">\n\t\t\t\t\t\n\t\t\t\t\t\n\t\t\t\t\t\t\t\t<\/div>\n\t\t<\/div>\n\t\t<\/div>\n\t\t<\/div>\n\t\t\t\t\t\t<\/div>\n\t\t\t\t<\/div>\n\t\t\t\t\t<\/div>\n\t\t<\/div>\n\t\t\t\t\t<\/div>\n\t\t<\/section>\n\t\t\t\t<\/div>","protected":false},"excerpt":{"rendered":"<p>STRATEGJIA ND\u00cbRKOMB\u00cbTARE UET\u00a0 synon t\u00eb b\u00ebhet nj\u00eb qend\u00ebr e r\u00ebnd\u00ebsishme dhe pik\u00eb referimi komb\u00ebtare\/rajonale n\u00eb kuad\u00ebr t\u00eb bashk\u00ebpunimit akademik n\u00eb arsimin e lart\u00eb, veprimtarin\u00eb k\u00ebrkimore, botuese dhe promovimin e zhvillimit qytetar dhe vlerave t\u00eb arsimit t\u00eb lart\u00eb.UET\u00a0 synon t\u00eb jet\u00eb &hellip; <\/p>","protected":false},"author":1,"featured_media":0,"parent":0,"menu_order":0,"comment_status":"closed","ping_status":"closed","template":"","meta":{"footnotes":""},"class_list":["post-10723","page","type-page","status-publish","hentry"],"yoast_head":"<!-- This site is optimized with the Yoast SEO plugin v26.9 - https:\/\/yoast.com\/product\/yoast-seo-wordpress\/ -->\n<title>Nd\u00ebrkomb\u00ebtare - UET<\/title>\n<meta name=\"robots\" content=\"index, follow, max-snippet:-1, max-image-preview:large, max-video-preview:-1\" \/>\n<link rel=\"canonical\" href=\"https:\/\/uet.edu.al\/en\/international\/\" \/>\n<meta property=\"og:locale\" content=\"en_US\" \/>\n<meta property=\"og:type\" content=\"article\" \/>\n<meta property=\"og:title\" content=\"Nd\u00ebrkomb\u00ebtare - UET\" \/>\n<meta property=\"og:description\" content=\"STRATEGJIA ND\u00cbRKOMB\u00cbTARE UET\u00a0 synon t\u00eb b\u00ebhet nj\u00eb qend\u00ebr e r\u00ebnd\u00ebsishme dhe pik\u00eb referimi komb\u00ebtare\/rajonale n\u00eb kuad\u00ebr t\u00eb bashk\u00ebpunimit akademik n\u00eb arsimin e lart\u00eb, veprimtarin\u00eb k\u00ebrkimore, botuese dhe promovimin e zhvillimit qytetar dhe vlerave t\u00eb arsimit t\u00eb lart\u00eb.UET\u00a0 synon t\u00eb jet\u00eb &hellip;\" \/>\n<meta property=\"og:url\" content=\"https:\/\/uet.edu.al\/en\/international\/\" \/>\n<meta property=\"og:site_name\" content=\"UET\" \/>\n<meta property=\"article:publisher\" content=\"https:\/\/www.facebook.com\/UniversitetiEuropianiTiranes\/\" \/>\n<meta property=\"article:modified_time\" content=\"2025-05-12T12:35:08+00:00\" \/>\n<meta property=\"og:image\" content=\"https:\/\/uet.edu.al\/wp-content\/uploads\/2022\/12\/Logo-pa-adrese.png\" \/>\n\t<meta property=\"og:image:width\" content=\"1418\" \/>\n\t<meta property=\"og:image:height\" content=\"696\" \/>\n\t<meta property=\"og:image:type\" content=\"image\/png\" \/>\n<meta name=\"twitter:card\" content=\"summary_large_image\" \/>\n<meta name=\"twitter:label1\" content=\"Est. reading time\" \/>\n\t<meta name=\"twitter:data1\" content=\"3 minutes\" \/>\n<script type=\"application\/ld+json\" class=\"yoast-schema-graph\">{\"@context\":\"https:\/\/schema.org\",\"@graph\":[{\"@type\":\"WebPage\",\"@id\":\"https:\/\/uet.edu.al\/international\/\",\"url\":\"https:\/\/uet.edu.al\/international\/\",\"name\":\"Nd\u00ebrkomb\u00ebtare - UET\",\"isPartOf\":{\"@id\":\"https:\/\/uet.edu.al\/en\/#website\"},\"datePublished\":\"2021-11-05T09:23:31+00:00\",\"dateModified\":\"2025-05-12T12:35:08+00:00\",\"breadcrumb\":{\"@id\":\"https:\/\/uet.edu.al\/international\/#breadcrumb\"},\"inLanguage\":\"en-US\",\"potentialAction\":[{\"@type\":\"ReadAction\",\"target\":[\"https:\/\/uet.edu.al\/international\/\"]}]},{\"@type\":\"BreadcrumbList\",\"@id\":\"https:\/\/uet.edu.al\/international\/#breadcrumb\",\"itemListElement\":[{\"@type\":\"ListItem\",\"position\":1,\"name\":\"Home\",\"item\":\"https:\/\/uet.edu.al\/\"},{\"@type\":\"ListItem\",\"position\":2,\"name\":\"Nd\u00ebrkomb\u00ebtare\"}]},{\"@type\":\"WebSite\",\"@id\":\"https:\/\/uet.edu.al\/en\/#website\",\"url\":\"https:\/\/uet.edu.al\/en\/\",\"name\":\"UET\",\"description\":\"Universiteti Europian i Tiran\u00ebs\",\"publisher\":{\"@id\":\"https:\/\/uet.edu.al\/en\/#organization\"},\"potentialAction\":[{\"@type\":\"SearchAction\",\"target\":{\"@type\":\"EntryPoint\",\"urlTemplate\":\"https:\/\/uet.edu.al\/en\/?s={search_term_string}\"},\"query-input\":{\"@type\":\"PropertyValueSpecification\",\"valueRequired\":true,\"valueName\":\"search_term_string\"}}],\"inLanguage\":\"en-US\"},{\"@type\":\"Organization\",\"@id\":\"https:\/\/uet.edu.al\/en\/#organization\",\"name\":\"Universiteti Europian i Tiranes\",\"url\":\"https:\/\/uet.edu.al\/en\/\",\"logo\":{\"@type\":\"ImageObject\",\"inLanguage\":\"en-US\",\"@id\":\"https:\/\/uet.edu.al\/en\/#\/schema\/logo\/image\/\",\"url\":\"https:\/\/uet.edu.al\/wp-content\/uploads\/2022\/12\/Logo-pa-adrese.png\",\"contentUrl\":\"https:\/\/uet.edu.al\/wp-content\/uploads\/2022\/12\/Logo-pa-adrese.png\",\"width\":1418,\"height\":696,\"caption\":\"Universiteti Europian i Tiranes\"},\"image\":{\"@id\":\"https:\/\/uet.edu.al\/en\/#\/schema\/logo\/image\/\"},\"sameAs\":[\"https:\/\/www.facebook.com\/UniversitetiEuropianiTiranes\/\"]}]}<\/script>\n<!-- \/ Yoast SEO plugin. -->","yoast_head_json":{"title":"Nd\u00ebrkomb\u00ebtare - UET","robots":{"index":"index","follow":"follow","max-snippet":"max-snippet:-1","max-image-preview":"max-image-preview:large","max-video-preview":"max-video-preview:-1"},"canonical":"https:\/\/uet.edu.al\/en\/international\/","og_locale":"en_US","og_type":"article","og_title":"Nd\u00ebrkomb\u00ebtare - UET","og_description":"STRATEGJIA ND\u00cbRKOMB\u00cbTARE UET\u00a0 synon t\u00eb b\u00ebhet nj\u00eb qend\u00ebr e r\u00ebnd\u00ebsishme dhe pik\u00eb referimi komb\u00ebtare\/rajonale n\u00eb kuad\u00ebr t\u00eb bashk\u00ebpunimit akademik n\u00eb arsimin e lart\u00eb, veprimtarin\u00eb k\u00ebrkimore, botuese dhe promovimin e zhvillimit qytetar dhe vlerave t\u00eb arsimit t\u00eb lart\u00eb.UET\u00a0 synon t\u00eb jet\u00eb &hellip;","og_url":"https:\/\/uet.edu.al\/en\/international\/","og_site_name":"UET","article_publisher":"https:\/\/www.facebook.com\/UniversitetiEuropianiTiranes\/","article_modified_time":"2025-05-12T12:35:08+00:00","og_image":[{"width":1418,"height":696,"url":"https:\/\/uet.edu.al\/wp-content\/uploads\/2022\/12\/Logo-pa-adrese.png","type":"image\/png"}],"twitter_card":"summary_large_image","twitter_misc":{"Est. reading time":"3 minutes"},"schema":{"@context":"https:\/\/schema.org","@graph":[{"@type":"WebPage","@id":"https:\/\/uet.edu.al\/international\/","url":"https:\/\/uet.edu.al\/international\/","name":"Nd\u00ebrkomb\u00ebtare - UET","isPartOf":{"@id":"https:\/\/uet.edu.al\/en\/#website"},"datePublished":"2021-11-05T09:23:31+00:00","dateModified":"2025-05-12T12:35:08+00:00","breadcrumb":{"@id":"https:\/\/uet.edu.al\/international\/#breadcrumb"},"inLanguage":"en-US","potentialAction":[{"@type":"ReadAction","target":["https:\/\/uet.edu.al\/international\/"]}]},{"@type":"BreadcrumbList","@id":"https:\/\/uet.edu.al\/international\/#breadcrumb","itemListElement":[{"@type":"ListItem","position":1,"name":"Home","item":"https:\/\/uet.edu.al\/"},{"@type":"ListItem","position":2,"name":"Nd\u00ebrkomb\u00ebtare"}]},{"@type":"WebSite","@id":"https:\/\/uet.edu.al\/en\/#website","url":"https:\/\/uet.edu.al\/en\/","name":"UET","description":"Universiteti Europian i Tiran\u00ebs","publisher":{"@id":"https:\/\/uet.edu.al\/en\/#organization"},"potentialAction":[{"@type":"SearchAction","target":{"@type":"EntryPoint","urlTemplate":"https:\/\/uet.edu.al\/en\/?s={search_term_string}"},"query-input":{"@type":"PropertyValueSpecification","valueRequired":true,"valueName":"search_term_string"}}],"inLanguage":"en-US"},{"@type":"Organization","@id":"https:\/\/uet.edu.al\/en\/#organization","name":"Universiteti Europian i Tiranes","url":"https:\/\/uet.edu.al\/en\/","logo":{"@type":"ImageObject","inLanguage":"en-US","@id":"https:\/\/uet.edu.al\/en\/#\/schema\/logo\/image\/","url":"https:\/\/uet.edu.al\/wp-content\/uploads\/2022\/12\/Logo-pa-adrese.png","contentUrl":"https:\/\/uet.edu.al\/wp-content\/uploads\/2022\/12\/Logo-pa-adrese.png","width":1418,"height":696,"caption":"Universiteti Europian i Tiranes"},"image":{"@id":"https:\/\/uet.edu.al\/en\/#\/schema\/logo\/image\/"},"sameAs":["https:\/\/www.facebook.com\/UniversitetiEuropianiTiranes\/"]}]}},"_links":{"self":[{"href":"https:\/\/uet.edu.al\/en\/wp-json\/wp\/v2\/pages\/10723","targetHints":{"allow":["GET"]}}],"collection":[{"href":"https:\/\/uet.edu.al\/en\/wp-json\/wp\/v2\/pages"}],"about":[{"href":"https:\/\/uet.edu.al\/en\/wp-json\/wp\/v2\/types\/page"}],"author":[{"embeddable":true,"href":"https:\/\/uet.edu.al\/en\/wp-json\/wp\/v2\/users\/1"}],"replies":[{"embeddable":true,"href":"https:\/\/uet.edu.al\/en\/wp-json\/wp\/v2\/comments?post=10723"}],"version-history":[{"count":21,"href":"https:\/\/uet.edu.al\/en\/wp-json\/wp\/v2\/pages\/10723\/revisions"}],"predecessor-version":[{"id":19438,"href":"https:\/\/uet.edu.al\/en\/wp-json\/wp\/v2\/pages\/10723\/revisions\/19438"}],"wp:attachment":[{"href":"https:\/\/uet.edu.al\/en\/wp-json\/wp\/v2\/media?parent=10723"}],"curies":[{"name":"wp","href":"https:\/\/api.w.org\/{rel}","templated":true}]}}