{"id":10676,"date":"2021-11-03T15:46:09","date_gmt":"2021-11-03T15:46:09","guid":{"rendered":"https:\/\/uet.edu.al\/?page_id=10676"},"modified":"2021-11-03T15:50:01","modified_gmt":"2021-11-03T15:50:01","slug":"programi-500","status":"publish","type":"page","link":"https:\/\/uet.edu.al\/en\/programi-500\/","title":{"rendered":"500+ Programme"},"content":{"rendered":"<div data-elementor-type=\"wp-page\" data-elementor-id=\"10676\" class=\"elementor elementor-10676\" data-elementor-post-type=\"page\">\n\t\t\t\t\t\t<section class=\"elementor-section elementor-top-section elementor-element elementor-element-1e6ee14 elementor-section-boxed elementor-section-height-default elementor-section-height-default\" data-id=\"1e6ee14\" data-element_type=\"section\">\n\t\t\t\t\t\t<div class=\"elementor-container elementor-column-gap-wider\">\n\t\t\t\t\t<div class=\"elementor-column elementor-col-100 elementor-top-column elementor-element elementor-element-9a17a25\" data-id=\"9a17a25\" data-element_type=\"column\">\n\t\t\t<div class=\"elementor-widget-wrap elementor-element-populated\">\n\t\t\t\t\t\t<div class=\"elementor-element elementor-element-e6bdd99 elementor-widget elementor-widget-text-editor\" data-id=\"e6bdd99\" data-element_type=\"widget\" data-widget_type=\"text-editor.default\">\n\t\t\t\t<div class=\"elementor-widget-container\">\n\t\t\t\t\t\t\t\t\t<p><strong>500+ Programme\u00a0<\/strong>\u00ebsht\u00eb nj\u00eb vazhdim i iniciativ\u00ebs s\u00eb UET p\u00ebr t\u00eb qen\u00eb i shnd\u00ebrruar n\u00eb universitet i biznesit. Ky projekt p\u00ebrfshin 500 kompanit\u00eb m\u00eb t\u00eb m\u00ebdha n\u00eb vend sipas klasifikimit zyrtar dhe \u00ebsht\u00eb nj\u00eb projekt i gjer\u00eb bashk\u00ebpunimi 5 vje\u00e7ar n\u00eb aspekte t\u00eb ndryshme. UET si nj\u00eb universitet privat duke thelluar dhe materializuar kooperimin me biznesin dhe tregun e pun\u00ebs ofron p\u00ebr t\u00eb gjitha k\u00ebto kompani nj\u00eb gam\u00eb sh\u00ebrbimesh dhe procesesh q\u00eb kan\u00eb t\u00eb b\u00ebjn\u00eb me natyr\u00ebn e institucionit, detyrat dhe q\u00ebllimet q\u00eb kan\u00eb k\u00ebto biznese.<\/p><p><strong>Projekti 500+\u00a0<\/strong>\u00ebsht\u00eb materializim i nj\u00eb tendence bashk\u00ebkohore q\u00eb e lidh gjithnj\u00eb e m\u00eb ngusht\u00eb universitetin me tregun e pun\u00ebs dhe me biznesin si nj\u00eb nga funksionet themelore t\u00eb universitetit n\u00eb shoq\u00ebrit\u00eb e sotme aq m\u00eb tep\u00ebr t\u00eb universiteteve private. Ky program p\u00ebrfshin 4 sfera t\u00eb kooperimit:<\/p><p><strong>Kualifikim \/ specializime<\/strong><\/p><p>UET ofron kualifikime afatgjata t\u00eb ciklit Bachelor, Master Profesional, Master Shkencor, Master Ekzekutiv dhe Doktoratur\u00eb p\u00ebr ekipet e k\u00ebtyre 500 kompanive duke favorizuar p\u00ebrshtatjen e k\u00ebrkesave t\u00eb njer\u00ebzve q\u00eb kan\u00eb nevoj\u00eb p\u00ebr kualifikim me programet tona, si dhe trajnime t\u00eb certifikuara 3-12 javore n\u00eb marketing, k\u00ebrkim tregu, komunikim-biznes, menaxhim financiar, etj.<\/p><p><strong>Konsulenc\u00eb<\/strong><\/p><p>S\u00eb dyti, UET ofron p\u00ebr k\u00ebto kompani n\u00ebp\u00ebrmjet firm\u00ebs s\u00eb specializuar UET Enterprise, konsulenc\u00eb t\u00eb specializuar n\u00eb nj\u00eb num\u00ebr fushash, si\u00e7 jan\u00eb sh\u00ebrbimet e marr\u00ebdh\u00ebnieve publike, marketingut, planet e k\u00ebrkimet e tregut, sh\u00ebrbime juridike, sh\u00ebrbime t\u00eb IT, sh\u00ebrbime q\u00eb lidhen me arkitektur\u00ebn dhe nj\u00eb s\u00ebr\u00eb sh\u00ebrbimesh t\u00eb tjera n\u00eb t\u00eb cilat ekspert\u00ebt e UET dhe pedagog\u00ebt kan\u00eb ekspertiz\u00eb ve\u00e7an\u00ebrisht t\u00eb thelluar.<\/p><p><strong>P\u00ebrgjegj\u00ebsi sociale<\/strong><\/p><p>S\u00eb treti, UET kooperon me k\u00ebto 500 kompani n\u00eb kuadrin e p\u00ebrgjegj\u00ebsis\u00eb sociale duke ndar\u00eb s\u00eb bashku vizione, vlera dhe praktika bashk\u00ebkohore t\u00eb p\u00ebrgjegj\u00ebsis\u00eb s\u00eb korporat\u00ebs n\u00eb shoq\u00ebri. Komuniteti i student\u00ebve dhe pedagog\u00ebve \u00ebsht\u00eb objekt qoft\u00eb si kooperim qoft\u00eb si iniciativ\u00eb i nj\u00eb iniciative nga ana e k\u00ebtyre 500 korporatave p\u00ebr t\u00eb shum\u00ebfishuar impaktin social n\u00eb komunitetin e student\u00ebve, pedagog\u00ebve, prind\u00ebrve t\u00eb tyre apo punonj\u00ebsve t\u00eb k\u00ebtyre kompanive.<\/p><p><strong>Praktik\u00eb dhe pun\u00ebsim<\/strong><\/p><p>Aspekti i kat\u00ebrt, UET bashk\u00ebpunon me k\u00ebto kompani duke i pasur ato prioritare p\u00ebr t\u00eb d\u00ebrguar student\u00ebt tan\u00eb n\u00eb praktika, internshipe, p\u00ebr t\u00eb thirrur ekspert\u00eb, specialist\u00eb apo drejtues t\u00eb k\u00ebtyre kompanive dhe t\u00eb tregut t\u00eb pun\u00ebs apo dhe n\u00eb praktika profesionale si dhe p\u00ebr t\u00eb p\u00ebrfshir\u00eb me p\u00ebrpar\u00ebsi pun\u00ebsimin e student\u00ebve tan\u00eb n\u00eb k\u00ebto 500 kompani.<\/p>\t\t\t\t\t\t\t\t<\/div>\n\t\t\t\t<\/div>\n\t\t\t\t<div class=\"elementor-element elementor-element-5cdbfb6 elementor-widget elementor-widget-spacer\" data-id=\"5cdbfb6\" data-element_type=\"widget\" data-widget_type=\"spacer.default\">\n\t\t\t\t<div class=\"elementor-widget-container\">\n\t\t\t\t\t\t\t<div class=\"elementor-spacer\">\n\t\t\t<div class=\"elementor-spacer-inner\"><\/div>\n\t\t<\/div>\n\t\t\t\t\t\t<\/div>\n\t\t\t\t<\/div>\n\t\t\t\t\t<\/div>\n\t\t<\/div>\n\t\t\t\t\t<\/div>\n\t\t<\/section>\n\t\t\t\t<section class=\"elementor-section elementor-top-section elementor-element elementor-element-bbb6419 elementor-section-boxed elementor-section-height-default elementor-section-height-default\" data-id=\"bbb6419\" data-element_type=\"section\">\n\t\t\t\t\t\t<div class=\"elementor-container elementor-column-gap-default\">\n\t\t\t\t\t\t<\/div>\n\t\t<\/section>\n\t\t\t\t<\/div>","protected":false},"excerpt":{"rendered":"<p>Programi 500+\u00a0\u00ebsht\u00eb nj\u00eb vazhdim i iniciativ\u00ebs s\u00eb UET p\u00ebr t\u00eb qen\u00eb i shnd\u00ebrruar n\u00eb universitet i biznesit. Ky projekt p\u00ebrfshin 500 kompanit\u00eb m\u00eb t\u00eb m\u00ebdha n\u00eb vend sipas klasifikimit zyrtar dhe \u00ebsht\u00eb nj\u00eb projekt i gjer\u00eb bashk\u00ebpunimi 5 vje\u00e7ar n\u00eb &hellip; <\/p>","protected":false},"author":1,"featured_media":0,"parent":0,"menu_order":0,"comment_status":"closed","ping_status":"closed","template":"","meta":{"footnotes":""},"class_list":["post-10676","page","type-page","status-publish","hentry"],"yoast_head":"<!-- This site is optimized with the Yoast SEO plugin v26.9 - https:\/\/yoast.com\/product\/yoast-seo-wordpress\/ -->\n<title>Programi 500+ - UET<\/title>\n<meta name=\"robots\" content=\"index, follow, max-snippet:-1, max-image-preview:large, max-video-preview:-1\" \/>\n<link rel=\"canonical\" href=\"https:\/\/uet.edu.al\/en\/programi-500\/\" \/>\n<meta property=\"og:locale\" content=\"en_US\" \/>\n<meta property=\"og:type\" content=\"article\" \/>\n<meta property=\"og:title\" content=\"Programi 500+ - UET\" \/>\n<meta property=\"og:description\" content=\"Programi 500+\u00a0\u00ebsht\u00eb nj\u00eb vazhdim i iniciativ\u00ebs s\u00eb UET p\u00ebr t\u00eb qen\u00eb i shnd\u00ebrruar n\u00eb universitet i biznesit. Ky projekt p\u00ebrfshin 500 kompanit\u00eb m\u00eb t\u00eb m\u00ebdha n\u00eb vend sipas klasifikimit zyrtar dhe \u00ebsht\u00eb nj\u00eb projekt i gjer\u00eb bashk\u00ebpunimi 5 vje\u00e7ar n\u00eb &hellip;\" \/>\n<meta property=\"og:url\" content=\"https:\/\/uet.edu.al\/en\/programi-500\/\" \/>\n<meta property=\"og:site_name\" content=\"UET\" \/>\n<meta property=\"article:publisher\" content=\"https:\/\/www.facebook.com\/UniversitetiEuropianiTiranes\/\" \/>\n<meta property=\"article:modified_time\" content=\"2021-11-03T15:50:01+00:00\" \/>\n<meta property=\"og:image\" content=\"https:\/\/uet.edu.al\/wp-content\/uploads\/2022\/12\/Logo-pa-adrese.png\" \/>\n\t<meta property=\"og:image:width\" content=\"1418\" \/>\n\t<meta property=\"og:image:height\" content=\"696\" \/>\n\t<meta property=\"og:image:type\" content=\"image\/png\" \/>\n<meta name=\"twitter:card\" content=\"summary_large_image\" \/>\n<meta name=\"twitter:label1\" content=\"Est. reading time\" \/>\n\t<meta name=\"twitter:data1\" content=\"2 minutes\" \/>\n<script type=\"application\/ld+json\" class=\"yoast-schema-graph\">{\"@context\":\"https:\/\/schema.org\",\"@graph\":[{\"@type\":\"WebPage\",\"@id\":\"https:\/\/uet.edu.al\/en\/programi-500\/\",\"url\":\"https:\/\/uet.edu.al\/en\/programi-500\/\",\"name\":\"Programi 500+ - UET\",\"isPartOf\":{\"@id\":\"https:\/\/uet.edu.al\/en\/#website\"},\"datePublished\":\"2021-11-03T15:46:09+00:00\",\"dateModified\":\"2021-11-03T15:50:01+00:00\",\"breadcrumb\":{\"@id\":\"https:\/\/uet.edu.al\/en\/programi-500\/#breadcrumb\"},\"inLanguage\":\"en-US\",\"potentialAction\":[{\"@type\":\"ReadAction\",\"target\":[\"https:\/\/uet.edu.al\/en\/programi-500\/\"]}]},{\"@type\":\"BreadcrumbList\",\"@id\":\"https:\/\/uet.edu.al\/en\/programi-500\/#breadcrumb\",\"itemListElement\":[{\"@type\":\"ListItem\",\"position\":1,\"name\":\"Home\",\"item\":\"https:\/\/uet.edu.al\/\"},{\"@type\":\"ListItem\",\"position\":2,\"name\":\"Programi 500+\"}]},{\"@type\":\"WebSite\",\"@id\":\"https:\/\/uet.edu.al\/en\/#website\",\"url\":\"https:\/\/uet.edu.al\/en\/\",\"name\":\"UET\",\"description\":\"Universiteti Europian i Tiran\u00ebs\",\"publisher\":{\"@id\":\"https:\/\/uet.edu.al\/en\/#organization\"},\"potentialAction\":[{\"@type\":\"SearchAction\",\"target\":{\"@type\":\"EntryPoint\",\"urlTemplate\":\"https:\/\/uet.edu.al\/en\/?s={search_term_string}\"},\"query-input\":{\"@type\":\"PropertyValueSpecification\",\"valueRequired\":true,\"valueName\":\"search_term_string\"}}],\"inLanguage\":\"en-US\"},{\"@type\":\"Organization\",\"@id\":\"https:\/\/uet.edu.al\/en\/#organization\",\"name\":\"Universiteti Europian i Tiranes\",\"url\":\"https:\/\/uet.edu.al\/en\/\",\"logo\":{\"@type\":\"ImageObject\",\"inLanguage\":\"en-US\",\"@id\":\"https:\/\/uet.edu.al\/en\/#\/schema\/logo\/image\/\",\"url\":\"https:\/\/uet.edu.al\/wp-content\/uploads\/2022\/12\/Logo-pa-adrese.png\",\"contentUrl\":\"https:\/\/uet.edu.al\/wp-content\/uploads\/2022\/12\/Logo-pa-adrese.png\",\"width\":1418,\"height\":696,\"caption\":\"Universiteti Europian i Tiranes\"},\"image\":{\"@id\":\"https:\/\/uet.edu.al\/en\/#\/schema\/logo\/image\/\"},\"sameAs\":[\"https:\/\/www.facebook.com\/UniversitetiEuropianiTiranes\/\"]}]}<\/script>\n<!-- \/ Yoast SEO plugin. -->","yoast_head_json":{"title":"Programi 500+ - UET","robots":{"index":"index","follow":"follow","max-snippet":"max-snippet:-1","max-image-preview":"max-image-preview:large","max-video-preview":"max-video-preview:-1"},"canonical":"https:\/\/uet.edu.al\/en\/programi-500\/","og_locale":"en_US","og_type":"article","og_title":"Programi 500+ - UET","og_description":"Programi 500+\u00a0\u00ebsht\u00eb nj\u00eb vazhdim i iniciativ\u00ebs s\u00eb UET p\u00ebr t\u00eb qen\u00eb i shnd\u00ebrruar n\u00eb universitet i biznesit. Ky projekt p\u00ebrfshin 500 kompanit\u00eb m\u00eb t\u00eb m\u00ebdha n\u00eb vend sipas klasifikimit zyrtar dhe \u00ebsht\u00eb nj\u00eb projekt i gjer\u00eb bashk\u00ebpunimi 5 vje\u00e7ar n\u00eb &hellip;","og_url":"https:\/\/uet.edu.al\/en\/programi-500\/","og_site_name":"UET","article_publisher":"https:\/\/www.facebook.com\/UniversitetiEuropianiTiranes\/","article_modified_time":"2021-11-03T15:50:01+00:00","og_image":[{"width":1418,"height":696,"url":"https:\/\/uet.edu.al\/wp-content\/uploads\/2022\/12\/Logo-pa-adrese.png","type":"image\/png"}],"twitter_card":"summary_large_image","twitter_misc":{"Est. reading time":"2 minutes"},"schema":{"@context":"https:\/\/schema.org","@graph":[{"@type":"WebPage","@id":"https:\/\/uet.edu.al\/en\/programi-500\/","url":"https:\/\/uet.edu.al\/en\/programi-500\/","name":"Programi 500+ - UET","isPartOf":{"@id":"https:\/\/uet.edu.al\/en\/#website"},"datePublished":"2021-11-03T15:46:09+00:00","dateModified":"2021-11-03T15:50:01+00:00","breadcrumb":{"@id":"https:\/\/uet.edu.al\/en\/programi-500\/#breadcrumb"},"inLanguage":"en-US","potentialAction":[{"@type":"ReadAction","target":["https:\/\/uet.edu.al\/en\/programi-500\/"]}]},{"@type":"BreadcrumbList","@id":"https:\/\/uet.edu.al\/en\/programi-500\/#breadcrumb","itemListElement":[{"@type":"ListItem","position":1,"name":"Home","item":"https:\/\/uet.edu.al\/"},{"@type":"ListItem","position":2,"name":"Programi 500+"}]},{"@type":"WebSite","@id":"https:\/\/uet.edu.al\/en\/#website","url":"https:\/\/uet.edu.al\/en\/","name":"UET","description":"Universiteti Europian i Tiran\u00ebs","publisher":{"@id":"https:\/\/uet.edu.al\/en\/#organization"},"potentialAction":[{"@type":"SearchAction","target":{"@type":"EntryPoint","urlTemplate":"https:\/\/uet.edu.al\/en\/?s={search_term_string}"},"query-input":{"@type":"PropertyValueSpecification","valueRequired":true,"valueName":"search_term_string"}}],"inLanguage":"en-US"},{"@type":"Organization","@id":"https:\/\/uet.edu.al\/en\/#organization","name":"Universiteti Europian i Tiranes","url":"https:\/\/uet.edu.al\/en\/","logo":{"@type":"ImageObject","inLanguage":"en-US","@id":"https:\/\/uet.edu.al\/en\/#\/schema\/logo\/image\/","url":"https:\/\/uet.edu.al\/wp-content\/uploads\/2022\/12\/Logo-pa-adrese.png","contentUrl":"https:\/\/uet.edu.al\/wp-content\/uploads\/2022\/12\/Logo-pa-adrese.png","width":1418,"height":696,"caption":"Universiteti Europian i Tiranes"},"image":{"@id":"https:\/\/uet.edu.al\/en\/#\/schema\/logo\/image\/"},"sameAs":["https:\/\/www.facebook.com\/UniversitetiEuropianiTiranes\/"]}]}},"_links":{"self":[{"href":"https:\/\/uet.edu.al\/en\/wp-json\/wp\/v2\/pages\/10676","targetHints":{"allow":["GET"]}}],"collection":[{"href":"https:\/\/uet.edu.al\/en\/wp-json\/wp\/v2\/pages"}],"about":[{"href":"https:\/\/uet.edu.al\/en\/wp-json\/wp\/v2\/types\/page"}],"author":[{"embeddable":true,"href":"https:\/\/uet.edu.al\/en\/wp-json\/wp\/v2\/users\/1"}],"replies":[{"embeddable":true,"href":"https:\/\/uet.edu.al\/en\/wp-json\/wp\/v2\/comments?post=10676"}],"version-history":[{"count":4,"href":"https:\/\/uet.edu.al\/en\/wp-json\/wp\/v2\/pages\/10676\/revisions"}],"predecessor-version":[{"id":10680,"href":"https:\/\/uet.edu.al\/en\/wp-json\/wp\/v2\/pages\/10676\/revisions\/10680"}],"wp:attachment":[{"href":"https:\/\/uet.edu.al\/en\/wp-json\/wp\/v2\/media?parent=10676"}],"curies":[{"name":"wp","href":"https:\/\/api.w.org\/{rel}","templated":true}]}}