{"id":10633,"date":"2021-11-03T10:56:00","date_gmt":"2021-11-03T10:56:00","guid":{"rendered":"https:\/\/uet.edu.al\/?page_id=10633"},"modified":"2024-07-26T15:28:47","modified_gmt":"2024-07-26T13:28:47","slug":"erasmus","status":"publish","type":"page","link":"https:\/\/uet.edu.al\/en\/erasmus\/","title":{"rendered":"ERASMUS +"},"content":{"rendered":"<div data-elementor-type=\"wp-page\" data-elementor-id=\"10633\" class=\"elementor elementor-10633\" data-elementor-post-type=\"page\">\n\t\t\t\t\t\t<section class=\"elementor-section elementor-top-section elementor-element elementor-element-da02eeb elementor-section-boxed elementor-section-height-default elementor-section-height-default\" data-id=\"da02eeb\" data-element_type=\"section\">\n\t\t\t\t\t\t<div class=\"elementor-container elementor-column-gap-default\">\n\t\t\t\t\t<div class=\"elementor-column elementor-col-100 elementor-top-column elementor-element elementor-element-9e011de\" data-id=\"9e011de\" data-element_type=\"column\">\n\t\t\t<div class=\"elementor-widget-wrap\">\n\t\t\t\t\t\t\t<\/div>\n\t\t<\/div>\n\t\t\t\t\t<\/div>\n\t\t<\/section>\n\t\t\t\t<section class=\"elementor-section elementor-top-section elementor-element elementor-element-4940028 elementor-section-stretched elementor-section-boxed elementor-section-height-default elementor-section-height-default\" data-id=\"4940028\" data-element_type=\"section\" data-settings=\"{&quot;stretch_section&quot;:&quot;section-stretched&quot;}\">\n\t\t\t\t\t\t<div class=\"elementor-container elementor-column-gap-default\">\n\t\t\t\t\t<div class=\"elementor-column elementor-col-100 elementor-top-column elementor-element elementor-element-c219be3\" data-id=\"c219be3\" data-element_type=\"column\">\n\t\t\t<div class=\"elementor-widget-wrap elementor-element-populated\">\n\t\t\t\t\t\t<div class=\"elementor-element elementor-element-cc16588 elementor-widget elementor-widget-thim-list-post\" data-id=\"cc16588\" data-element_type=\"widget\" data-widget_type=\"thim-list-post.default\">\n\t\t\t\t<div class=\"elementor-widget-container\">\n\t\t\t\t\t<div class=\"thim-widget-list-post template-list-post\">\n<div class=\"thim-list-post-inner\"><div class=\"thim-grid-posts has-horizontal\"><div class=\"grid-horizontal\">\t\t\t<div class=\"item-post post-20019 post type-post status-publish format-standard has-post-thumbnail hentry category-activities category-erasmus category-te-ndryshme\">\n\t\t\t\t<div class=\"article-image\"><img fetchpriority=\"high\" decoding=\"async\" src=\"https:\/\/uet.edu.al\/wp-content\/uploads\/2025\/07\/1000-0-IMG-20221004-WA0001.jpg\" alt=\"-1000-0-IMG-20221004-WA0001\" title=\"-1000-0-IMG-20221004-WA0001\"  width=\"1000\" height=\"635\"><\/div><div class=\"article-wrapper\"><div class=\"date\">July 31, 2025<\/div><h5 class=\"title\"><a href=\"https:\/\/uet.edu.al\/en\/uet-lider-ne-projektet-nderkombetare-kryeson-ne-skemen-erasmus-chbe-2025-ne-nivel-boteror\/\" class=\"article-title\">UET lider n\u00eb projektet nd\u00ebrkomb\u00ebtare, kryeson n\u00eb nivel bot\u00ebror n\u00eb skem\u00ebn Erasmus+ CHBE 2025<\/a><\/h5><a class=\"read-more\" href=\"https:\/\/uet.edu.al\/en\/uet-lider-ne-projektet-nderkombetare-kryeson-ne-skemen-erasmus-chbe-2025-ne-nivel-boteror\/\" >Read More<i class=\"fa fa-long-arrow-right\"><\/i><\/a><\/div>\t\t\t<\/div>\n\t\t\t\t\t\t<div class=\"item-post post-19761 post type-post status-publish format-standard has-post-thumbnail hentry category-activities category-erasmus\">\n\t\t\t\t<div class=\"article-image\"><img decoding=\"async\" src=\"https:\/\/uet.edu.al\/wp-content\/uploads\/2025\/06\/ankara.jpg\" alt=\"ankara\" title=\"ankara\"  width=\"1600\" height=\"477\"><\/div><div class=\"article-wrapper\"><div class=\"date\">June 1, 2025<\/div><h5 class=\"title\"><a href=\"https:\/\/uet.edu.al\/en\/thirrje-per-aplikime-shkembim-stafi-akademik\/\" class=\"article-title\">Thirrje p\u00ebr aplikime: Shk\u00ebmbim Stafi Akademik<\/a><\/h5><a class=\"read-more\" href=\"https:\/\/uet.edu.al\/en\/thirrje-per-aplikime-shkembim-stafi-akademik\/\" >Read More<i class=\"fa fa-long-arrow-right\"><\/i><\/a><\/div>\t\t\t<\/div>\n\t\t\t\t\t\t<div class=\"item-post post-16939 post type-post status-publish format-standard has-post-thumbnail hentry category-erasmus category-revista-shkencore\">\n\t\t\t\t<div class=\"article-image\"><img decoding=\"async\" src=\"https:\/\/uet.edu.al\/wp-content\/uploads\/2024\/09\/VCL-Book-Cover.png\" alt=\"VCL Book Cover\" title=\"VCL Book Cover\"  width=\"271\" height=\"398\"><\/div><div class=\"article-wrapper\"><div class=\"date\">September 10, 2024<\/div><h5 class=\"title\"><a href=\"https:\/\/uet.edu.al\/en\/call-for-chapter-contributions-on-innovative-pedagogical-approaches-and-methodologies\/\" class=\"article-title\">Call for Chapter Contributions on Innovative Pedagogical Approaches and Methodologies<\/a><\/h5><a class=\"read-more\" href=\"https:\/\/uet.edu.al\/en\/call-for-chapter-contributions-on-innovative-pedagogical-approaches-and-methodologies\/\" >Read More<i class=\"fa fa-long-arrow-right\"><\/i><\/a><\/div>\t\t\t<\/div>\n\t\t\t\t\t\t<div class=\"item-post post-16870 post type-post status-publish format-standard has-post-thumbnail hentry category-erasmus category-te-ndryshme\">\n\t\t\t\t<div class=\"article-image\"><img loading=\"lazy\" decoding=\"async\" src=\"https:\/\/uet.edu.al\/wp-content\/uploads\/2024\/08\/HHA_2460-1-scaled.jpg\" alt=\"HHA_2460 (1)\" title=\"HHA_2460 (1)\"  width=\"2560\" height=\"1706\"><\/div><div class=\"article-wrapper\"><div class=\"date\">August 22, 2024<\/div><h5 class=\"title\"><a href=\"https:\/\/uet.edu.al\/en\/njihuni-me-dy-te-rinjte-nga-pakistani-qe-zgjodhen-uet-in-dhe-shqiperine-per-te-studiuar\/\" class=\"article-title\">Njihuni me dy t\u00eb rinjt\u00eb nga Pakistani q\u00eb zgjodh\u00ebn UET-in dhe Shqip\u00ebrin\u00eb p\u00ebr t\u00eb studiuar<\/a><\/h5><a class=\"read-more\" href=\"https:\/\/uet.edu.al\/en\/njihuni-me-dy-te-rinjte-nga-pakistani-qe-zgjodhen-uet-in-dhe-shqiperine-per-te-studiuar\/\" >Read More<i class=\"fa fa-long-arrow-right\"><\/i><\/a><\/div>\t\t\t<\/div>\n\t\t\t<\/div><\/div><\/div><\/div>\t\t\t\t<\/div>\n\t\t\t\t<\/div>\n\t\t\t\t\t<\/div>\n\t\t<\/div>\n\t\t\t\t\t<\/div>\n\t\t<\/section>\n\t\t\t\t<\/div>","protected":false},"excerpt":{"rendered":"<p>July 26, 2024 ERASMUS CHARTER FOR HIGHER EDUCATION 2021-2027 Read More December 19, 2022 Thirrje p\u00ebr aplikime: Shk\u00ebmbim Stafi Administrativ Read More September 21, 2022 Thirrje p\u00ebr aplikime: Shk\u00ebmbim Stafi Administrativ dhe Akademik Read More May 12, 2022 Thirrje p\u00ebr &hellip; <\/p>","protected":false},"author":1,"featured_media":0,"parent":0,"menu_order":0,"comment_status":"closed","ping_status":"closed","template":"","meta":{"footnotes":""},"class_list":["post-10633","page","type-page","status-publish","hentry"],"yoast_head":"<!-- This site is optimized with the Yoast SEO plugin v26.9 - https:\/\/yoast.com\/product\/yoast-seo-wordpress\/ -->\n<title>ERASMUS + - UET<\/title>\n<meta name=\"robots\" content=\"index, follow, max-snippet:-1, max-image-preview:large, max-video-preview:-1\" \/>\n<link rel=\"canonical\" href=\"https:\/\/uet.edu.al\/en\/erasmus\/\" \/>\n<meta property=\"og:locale\" content=\"en_US\" \/>\n<meta property=\"og:type\" content=\"article\" \/>\n<meta property=\"og:title\" content=\"ERASMUS + - UET\" \/>\n<meta property=\"og:description\" content=\"July 26, 2024 ERASMUS CHARTER FOR HIGHER EDUCATION 2021-2027 Read More December 19, 2022 Thirrje p\u00ebr aplikime: Shk\u00ebmbim Stafi Administrativ Read More September 21, 2022 Thirrje p\u00ebr aplikime: Shk\u00ebmbim Stafi Administrativ dhe Akademik Read More May 12, 2022 Thirrje p\u00ebr &hellip;\" \/>\n<meta property=\"og:url\" content=\"https:\/\/uet.edu.al\/en\/erasmus\/\" \/>\n<meta property=\"og:site_name\" content=\"UET\" \/>\n<meta property=\"article:publisher\" content=\"https:\/\/www.facebook.com\/UniversitetiEuropianiTiranes\/\" \/>\n<meta property=\"article:modified_time\" content=\"2024-07-26T13:28:47+00:00\" \/>\n<meta property=\"og:image\" content=\"https:\/\/uet.edu.al\/wp-content\/uploads\/2024\/07\/images1.png\" \/>\n<meta name=\"twitter:card\" content=\"summary_large_image\" \/>\n<meta name=\"twitter:label1\" content=\"Est. reading time\" \/>\n\t<meta name=\"twitter:data1\" content=\"4 minutes\" \/>\n<script type=\"application\/ld+json\" class=\"yoast-schema-graph\">{\"@context\":\"https:\/\/schema.org\",\"@graph\":[{\"@type\":\"WebPage\",\"@id\":\"https:\/\/uet.edu.al\/erasmus\/\",\"url\":\"https:\/\/uet.edu.al\/erasmus\/\",\"name\":\"ERASMUS + - UET\",\"isPartOf\":{\"@id\":\"https:\/\/uet.edu.al\/en\/#website\"},\"primaryImageOfPage\":{\"@id\":\"https:\/\/uet.edu.al\/erasmus\/#primaryimage\"},\"image\":{\"@id\":\"https:\/\/uet.edu.al\/erasmus\/#primaryimage\"},\"thumbnailUrl\":\"https:\/\/uet.edu.al\/wp-content\/uploads\/2024\/07\/images1.png\",\"datePublished\":\"2021-11-03T10:56:00+00:00\",\"dateModified\":\"2024-07-26T13:28:47+00:00\",\"breadcrumb\":{\"@id\":\"https:\/\/uet.edu.al\/erasmus\/#breadcrumb\"},\"inLanguage\":\"en-US\",\"potentialAction\":[{\"@type\":\"ReadAction\",\"target\":[\"https:\/\/uet.edu.al\/erasmus\/\"]}]},{\"@type\":\"ImageObject\",\"inLanguage\":\"en-US\",\"@id\":\"https:\/\/uet.edu.al\/erasmus\/#primaryimage\",\"url\":\"https:\/\/uet.edu.al\/wp-content\/uploads\/2024\/07\/images1.png\",\"contentUrl\":\"https:\/\/uet.edu.al\/wp-content\/uploads\/2024\/07\/images1.png\"},{\"@type\":\"BreadcrumbList\",\"@id\":\"https:\/\/uet.edu.al\/erasmus\/#breadcrumb\",\"itemListElement\":[{\"@type\":\"ListItem\",\"position\":1,\"name\":\"Home\",\"item\":\"https:\/\/uet.edu.al\/\"},{\"@type\":\"ListItem\",\"position\":2,\"name\":\"ERASMUS +\"}]},{\"@type\":\"WebSite\",\"@id\":\"https:\/\/uet.edu.al\/en\/#website\",\"url\":\"https:\/\/uet.edu.al\/en\/\",\"name\":\"UET\",\"description\":\"Universiteti Europian i Tiran\u00ebs\",\"publisher\":{\"@id\":\"https:\/\/uet.edu.al\/en\/#organization\"},\"potentialAction\":[{\"@type\":\"SearchAction\",\"target\":{\"@type\":\"EntryPoint\",\"urlTemplate\":\"https:\/\/uet.edu.al\/en\/?s={search_term_string}\"},\"query-input\":{\"@type\":\"PropertyValueSpecification\",\"valueRequired\":true,\"valueName\":\"search_term_string\"}}],\"inLanguage\":\"en-US\"},{\"@type\":\"Organization\",\"@id\":\"https:\/\/uet.edu.al\/en\/#organization\",\"name\":\"Universiteti Europian i Tiranes\",\"url\":\"https:\/\/uet.edu.al\/en\/\",\"logo\":{\"@type\":\"ImageObject\",\"inLanguage\":\"en-US\",\"@id\":\"https:\/\/uet.edu.al\/en\/#\/schema\/logo\/image\/\",\"url\":\"https:\/\/uet.edu.al\/wp-content\/uploads\/2022\/12\/Logo-pa-adrese.png\",\"contentUrl\":\"https:\/\/uet.edu.al\/wp-content\/uploads\/2022\/12\/Logo-pa-adrese.png\",\"width\":1418,\"height\":696,\"caption\":\"Universiteti Europian i Tiranes\"},\"image\":{\"@id\":\"https:\/\/uet.edu.al\/en\/#\/schema\/logo\/image\/\"},\"sameAs\":[\"https:\/\/www.facebook.com\/UniversitetiEuropianiTiranes\/\"]}]}<\/script>\n<!-- \/ Yoast SEO plugin. -->","yoast_head_json":{"title":"ERASMUS + - UET","robots":{"index":"index","follow":"follow","max-snippet":"max-snippet:-1","max-image-preview":"max-image-preview:large","max-video-preview":"max-video-preview:-1"},"canonical":"https:\/\/uet.edu.al\/en\/erasmus\/","og_locale":"en_US","og_type":"article","og_title":"ERASMUS + - UET","og_description":"July 26, 2024 ERASMUS CHARTER FOR HIGHER EDUCATION 2021-2027 Read More December 19, 2022 Thirrje p\u00ebr aplikime: Shk\u00ebmbim Stafi Administrativ Read More September 21, 2022 Thirrje p\u00ebr aplikime: Shk\u00ebmbim Stafi Administrativ dhe Akademik Read More May 12, 2022 Thirrje p\u00ebr &hellip;","og_url":"https:\/\/uet.edu.al\/en\/erasmus\/","og_site_name":"UET","article_publisher":"https:\/\/www.facebook.com\/UniversitetiEuropianiTiranes\/","article_modified_time":"2024-07-26T13:28:47+00:00","og_image":[{"url":"https:\/\/uet.edu.al\/wp-content\/uploads\/2024\/07\/images1.png","type":"","width":"","height":""}],"twitter_card":"summary_large_image","twitter_misc":{"Est. reading time":"4 minutes"},"schema":{"@context":"https:\/\/schema.org","@graph":[{"@type":"WebPage","@id":"https:\/\/uet.edu.al\/erasmus\/","url":"https:\/\/uet.edu.al\/erasmus\/","name":"ERASMUS + - UET","isPartOf":{"@id":"https:\/\/uet.edu.al\/en\/#website"},"primaryImageOfPage":{"@id":"https:\/\/uet.edu.al\/erasmus\/#primaryimage"},"image":{"@id":"https:\/\/uet.edu.al\/erasmus\/#primaryimage"},"thumbnailUrl":"https:\/\/uet.edu.al\/wp-content\/uploads\/2024\/07\/images1.png","datePublished":"2021-11-03T10:56:00+00:00","dateModified":"2024-07-26T13:28:47+00:00","breadcrumb":{"@id":"https:\/\/uet.edu.al\/erasmus\/#breadcrumb"},"inLanguage":"en-US","potentialAction":[{"@type":"ReadAction","target":["https:\/\/uet.edu.al\/erasmus\/"]}]},{"@type":"ImageObject","inLanguage":"en-US","@id":"https:\/\/uet.edu.al\/erasmus\/#primaryimage","url":"https:\/\/uet.edu.al\/wp-content\/uploads\/2024\/07\/images1.png","contentUrl":"https:\/\/uet.edu.al\/wp-content\/uploads\/2024\/07\/images1.png"},{"@type":"BreadcrumbList","@id":"https:\/\/uet.edu.al\/erasmus\/#breadcrumb","itemListElement":[{"@type":"ListItem","position":1,"name":"Home","item":"https:\/\/uet.edu.al\/"},{"@type":"ListItem","position":2,"name":"ERASMUS +"}]},{"@type":"WebSite","@id":"https:\/\/uet.edu.al\/en\/#website","url":"https:\/\/uet.edu.al\/en\/","name":"UET","description":"Universiteti Europian i Tiran\u00ebs","publisher":{"@id":"https:\/\/uet.edu.al\/en\/#organization"},"potentialAction":[{"@type":"SearchAction","target":{"@type":"EntryPoint","urlTemplate":"https:\/\/uet.edu.al\/en\/?s={search_term_string}"},"query-input":{"@type":"PropertyValueSpecification","valueRequired":true,"valueName":"search_term_string"}}],"inLanguage":"en-US"},{"@type":"Organization","@id":"https:\/\/uet.edu.al\/en\/#organization","name":"Universiteti Europian i Tiranes","url":"https:\/\/uet.edu.al\/en\/","logo":{"@type":"ImageObject","inLanguage":"en-US","@id":"https:\/\/uet.edu.al\/en\/#\/schema\/logo\/image\/","url":"https:\/\/uet.edu.al\/wp-content\/uploads\/2022\/12\/Logo-pa-adrese.png","contentUrl":"https:\/\/uet.edu.al\/wp-content\/uploads\/2022\/12\/Logo-pa-adrese.png","width":1418,"height":696,"caption":"Universiteti Europian i Tiranes"},"image":{"@id":"https:\/\/uet.edu.al\/en\/#\/schema\/logo\/image\/"},"sameAs":["https:\/\/www.facebook.com\/UniversitetiEuropianiTiranes\/"]}]}},"_links":{"self":[{"href":"https:\/\/uet.edu.al\/en\/wp-json\/wp\/v2\/pages\/10633","targetHints":{"allow":["GET"]}}],"collection":[{"href":"https:\/\/uet.edu.al\/en\/wp-json\/wp\/v2\/pages"}],"about":[{"href":"https:\/\/uet.edu.al\/en\/wp-json\/wp\/v2\/types\/page"}],"author":[{"embeddable":true,"href":"https:\/\/uet.edu.al\/en\/wp-json\/wp\/v2\/users\/1"}],"replies":[{"embeddable":true,"href":"https:\/\/uet.edu.al\/en\/wp-json\/wp\/v2\/comments?post=10633"}],"version-history":[{"count":79,"href":"https:\/\/uet.edu.al\/en\/wp-json\/wp\/v2\/pages\/10633\/revisions"}],"predecessor-version":[{"id":16683,"href":"https:\/\/uet.edu.al\/en\/wp-json\/wp\/v2\/pages\/10633\/revisions\/16683"}],"wp:attachment":[{"href":"https:\/\/uet.edu.al\/en\/wp-json\/wp\/v2\/media?parent=10633"}],"curies":[{"name":"wp","href":"https:\/\/api.w.org\/{rel}","templated":true}]}}